{"id":1169,"date":"2017-08-25T10:11:28","date_gmt":"2017-08-25T08:11:28","guid":{"rendered":"http:\/\/heleneholmsif.se\/friidrott\/?page_id=1169"},"modified":"2023-06-16T21:53:35","modified_gmt":"2023-06-16T19:53:35","slug":"racerunning","status":"publish","type":"page","link":"https:\/\/heleneholmsif.se\/friidrott\/racerunning\/","title":{"rendered":"Frame running"},"content":{"rendered":"<p>Frame running \u00e4r en relativt ny och snabb v\u00e4xande friidrottsgren som m\u00f6jligg\u00f6r f\u00f6r personer med omfattande r\u00f6relsehinder att tr\u00e4na och t\u00e4vla p\u00e5 l\u00f6parbanorna. Personer som deltar i sporten springer med en specialbyggd springcykel p\u00e5 tre hjul. Cykeln ger ett st\u00f6d som g\u00f6r det m\u00f6jligt att springa trots r\u00f6relsehindret. Likt inom friidrotten springs olika distanser alltifr\u00e5n korta till l\u00e5nga lopp. Man t\u00e4vlar i tre klasser, baserat p\u00e5 r\u00f6relsef\u00f6rm\u00e5ga i benen.<\/p>\n<p>Heleneholms IF bedriver sedan ett antal \u00e5r tillbaka en verksamhet inom denna idrottsgren med f\u00f6rhoppningen att f\u00e5nga upp fler individer och n\u00e5 en m\u00e5lgrupp som vanligtvis kan t\u00e4nkas vara sv\u00e5r att n\u00e5 f\u00f6r idrottsklubbar. F\u00f6rhoppningsvis f\u00e5r fler personer med r\u00f6relsehinder och som kanske inte tror det finns en idrott f\u00f6r dem upp \u00f6gonen f\u00f6r denna nya idrott.<\/p>\n<p>Vi har tr\u00e4ning inom frame running varje tisdag och torsdag kl 18.00-19.30 p\u00e5 Heleneholms IP alternativt i inomhushallen Atleticum.VI har i f\u00f6reningen f\u00f6r tillf\u00e4llet tillg\u00e5ng till tv\u00e5 cyklar att l\u00e5na ut under tr\u00e4ningstid f\u00f6r den som inte \u00e4ger en egen cykel.<\/p>\n<p>Nyanm\u00e4lan kan g\u00f6ras <a href=\"https:\/\/sportadmin.se\/form\/form.asp?ID={A48557A6-9958-466E-A238-DA66F585D22C}\">h\u00e4r!<\/a><\/p>\n<p>Skulle du vara intresserad av att veta mer om frame running? kontakta kansliet p\u00e5 040-194220 eller maila tr\u00e4naren <a href=\"mailto:kluj5@hotmail.com\">Fredrik<\/a> s\u00e5 ber\u00e4ttar vi mer om denna inkluderande och nyskapande idrott.<\/p>\n<figure id=\"attachment_1772\" class=\"alignleft fixed\" style=\"width: 500px;\"><a data-fancybox-title=\"\" class=\"zoom-hover fb\" href=\"http:\/\/heleneholmsif.se\/friidrott\/racerunning\/racerunning-2\/\" rel=\"attachment wp-att-1772\"><img loading=\"lazy\" decoding=\"async\" class=\"wp-image-1772 \" src=\"http:\/\/heleneholmsif.se\/friidrott\/wp-content\/uploads\/sites\/4\/2018\/08\/racerunning.jpg\" alt=\"\" width=\"500\" height=\"672\" srcset=\"https:\/\/heleneholmsif.se\/friidrott\/wp-content\/uploads\/sites\/4\/2018\/08\/racerunning.jpg 714w, https:\/\/heleneholmsif.se\/friidrott\/wp-content\/uploads\/sites\/4\/2018\/08\/racerunning-223x300.jpg 223w, https:\/\/heleneholmsif.se\/friidrott\/wp-content\/uploads\/sites\/4\/2018\/08\/racerunning-45x60.jpg 45w, https:\/\/heleneholmsif.se\/friidrott\/wp-content\/uploads\/sites\/4\/2018\/08\/racerunning-364x489.jpg 364w\" sizes=\"auto, (max-width: 500px) 100vw, 500px\" \/><\/a><\/figure>\n<p>.<\/p>\n","protected":false},"excerpt":{"rendered":"<p>Frame running \u00e4r en relativt ny och snabb v\u00e4xande friidrottsgren som m\u00f6jligg\u00f6r f\u00f6r personer med omfattande r\u00f6relsehinder att tr\u00e4na och t\u00e4vla p\u00e5 l\u00f6parbanorna. Personer som deltar i sporten springer med en specialbyggd springcykel p\u00e5 tre hjul. Cykeln ger ett st\u00f6d som g\u00f6r det m\u00f6jligt att springa trots r\u00f6relsehindret. Likt inom friidrotten springs olika distanser alltifr\u00e5n [&hellip;] <a href=\"https:\/\/heleneholmsif.se\/friidrott\/racerunning\/\" class=\"readmore\">L\u00e4s mer<i class=\"icon-forward\"><\/i><\/a><\/p>\n","protected":false},"author":4,"featured_media":0,"parent":0,"menu_order":0,"comment_status":"closed","ping_status":"closed","template":"","meta":{"_mi_skip_tracking":false,"footnotes":""},"class_list":["post-1169","page","type-page","status-publish","hentry"],"_links":{"self":[{"href":"https:\/\/heleneholmsif.se\/friidrott\/wp-json\/wp\/v2\/pages\/1169","targetHints":{"allow":["GET"]}}],"collection":[{"href":"https:\/\/heleneholmsif.se\/friidrott\/wp-json\/wp\/v2\/pages"}],"about":[{"href":"https:\/\/heleneholmsif.se\/friidrott\/wp-json\/wp\/v2\/types\/page"}],"author":[{"embeddable":true,"href":"https:\/\/heleneholmsif.se\/friidrott\/wp-json\/wp\/v2\/users\/4"}],"replies":[{"embeddable":true,"href":"https:\/\/heleneholmsif.se\/friidrott\/wp-json\/wp\/v2\/comments?post=1169"}],"version-history":[{"count":8,"href":"https:\/\/heleneholmsif.se\/friidrott\/wp-json\/wp\/v2\/pages\/1169\/revisions"}],"predecessor-version":[{"id":3937,"href":"https:\/\/heleneholmsif.se\/friidrott\/wp-json\/wp\/v2\/pages\/1169\/revisions\/3937"}],"wp:attachment":[{"href":"https:\/\/heleneholmsif.se\/friidrott\/wp-json\/wp\/v2\/media?parent=1169"}],"curies":[{"name":"wp","href":"https:\/\/api.w.org\/{rel}","templated":true}]}}