{"id":1225,"date":"2017-09-11T10:41:47","date_gmt":"2017-09-11T08:41:47","guid":{"rendered":"http:\/\/heleneholmsif.se\/friidrott\/?page_id=1225"},"modified":"2025-01-07T12:16:23","modified_gmt":"2025-01-07T11:16:23","slug":"traningsschema","status":"publish","type":"page","link":"https:\/\/heleneholmsif.se\/friidrott\/traningsschema\/","title":{"rendered":"Tr\u00e4ningsschema"},"content":{"rendered":"<h2>Tr\u00e4ningsschema inomhus 2025<\/h2>\n\n\n<p>Kl<a href=\"https:\/\/heleneholmsif.se\/friidrott\/traning\/traningsgrupper\/\">icka h\u00e4r f\u00f6r att se tr\u00e4ningsgrupper, tider och platser<\/a><\/p>\n","protected":false},"excerpt":{"rendered":"<p>Tr\u00e4ningsschema inomhus 2025 Klicka h\u00e4r f\u00f6r att se tr\u00e4ningsgrupper, tider och platser<\/p>\n","protected":false},"author":4,"featured_media":0,"parent":0,"menu_order":0,"comment_status":"closed","ping_status":"closed","template":"","meta":{"_mi_skip_tracking":false,"footnotes":""},"class_list":["post-1225","page","type-page","status-publish","hentry"],"_links":{"self":[{"href":"https:\/\/heleneholmsif.se\/friidrott\/wp-json\/wp\/v2\/pages\/1225","targetHints":{"allow":["GET"]}}],"collection":[{"href":"https:\/\/heleneholmsif.se\/friidrott\/wp-json\/wp\/v2\/pages"}],"about":[{"href":"https:\/\/heleneholmsif.se\/friidrott\/wp-json\/wp\/v2\/types\/page"}],"author":[{"embeddable":true,"href":"https:\/\/heleneholmsif.se\/friidrott\/wp-json\/wp\/v2\/users\/4"}],"replies":[{"embeddable":true,"href":"https:\/\/heleneholmsif.se\/friidrott\/wp-json\/wp\/v2\/comments?post=1225"}],"version-history":[{"count":43,"href":"https:\/\/heleneholmsif.se\/friidrott\/wp-json\/wp\/v2\/pages\/1225\/revisions"}],"predecessor-version":[{"id":4263,"href":"https:\/\/heleneholmsif.se\/friidrott\/wp-json\/wp\/v2\/pages\/1225\/revisions\/4263"}],"wp:attachment":[{"href":"https:\/\/heleneholmsif.se\/friidrott\/wp-json\/wp\/v2\/media?parent=1225"}],"curies":[{"name":"wp","href":"https:\/\/api.w.org\/{rel}","templated":true}]}}