{"id":1322,"date":"2017-10-16T11:55:17","date_gmt":"2017-10-16T09:55:17","guid":{"rendered":"http:\/\/heleneholmsif.se\/friidrott\/?page_id=1322"},"modified":"2024-02-13T11:59:20","modified_gmt":"2024-02-13T10:59:20","slug":"friidrottsforalder","status":"publish","type":"page","link":"https:\/\/heleneholmsif.se\/friidrott\/friidrottsforalder\/","title":{"rendered":"Friidrottsf\u00f6r\u00e4lder"},"content":{"rendered":"<p>Friidrott \u00e4r inte alltid helt enkelt att f\u00f6rst\u00e5 och f\u00f6rh\u00e5lla sig till som f\u00f6r\u00e4lder till ett friidrottande barn d\u00e4rf\u00f6r har f\u00f6rbundet skapat en webbaserad utbildning som heter &#8221;friidrottens f\u00f6r\u00e4ldrautbildning&#8221; inriktad mot f\u00f6r\u00e4ldrar med ett friidrottande barn. Utbildningen \u00e4r helt gratis och inga f\u00f6rkunskaper beh\u00f6vs. Deltagaren kan genomf\u00f6ra utbildningen vart\/n\u00e4r man \u00f6nskar. Dessa moment ing\u00e5r i f\u00f6r\u00e4ldrautbildningen:<\/p>\n<ul>\n<li><em>Att tr\u00e4na friidrott<\/em><\/li>\n<li><em>Att t\u00e4vla i friidrott<\/em><\/li>\n<li><em>Friidrottens idrottsmilj\u00f6er<\/em><\/li>\n<li><em>Att vara friidrottsf\u00f6r\u00e4lder<\/em><\/li>\n<li><em>F\u00f6r\u00e4ldrars engagemang<\/em><\/li>\n<li><em>Att vara medlem<\/em><\/li>\n<\/ul>\n<p><em><br \/>Inbakat i utbildningen pratas det \u00e4ven om <strong>vanliga skador inom friidrotten<\/strong>, hur vi kan t\u00e4nka kring<strong>\u00a0kost och \u00e5terh\u00e4mtning<\/strong>,\u00a0hur\u00a0<strong>sociala medier och idrotten<\/strong>\u00a0h\u00e4nger ihop\u00a0samt en del som ber\u00f6r\u00a0<strong>mental h\u00e4lsa<\/strong>.\u00a0<\/em><\/p>\n<p>Utbildningen hittar du h\u00e4r<a href=\"https:\/\/www.friidrott.se\/forening-forbund\/utbildning\/ledare\/friidrottsforalder\/\"> Friidrottsf\u00f6r\u00e4lder<\/a><\/p>\n<p>\u00a0<\/p>\n\n\n<p><\/p>\n","protected":false},"excerpt":{"rendered":"<p>Friidrott \u00e4r inte alltid helt enkelt att f\u00f6rst\u00e5 och f\u00f6rh\u00e5lla sig till som f\u00f6r\u00e4lder till ett friidrottande barn d\u00e4rf\u00f6r har f\u00f6rbundet skapat en webbaserad utbildning som heter &#8221;friidrottens f\u00f6r\u00e4ldrautbildning&#8221; inriktad mot f\u00f6r\u00e4ldrar med ett friidrottande barn. Utbildningen \u00e4r helt gratis och inga f\u00f6rkunskaper beh\u00f6vs. Deltagaren kan genomf\u00f6ra utbildningen vart\/n\u00e4r man \u00f6nskar. Dessa moment ing\u00e5r i [&hellip;] <a href=\"https:\/\/heleneholmsif.se\/friidrott\/friidrottsforalder\/\" class=\"readmore\">L\u00e4s mer<i class=\"icon-forward\"><\/i><\/a><\/p>\n","protected":false},"author":4,"featured_media":0,"parent":0,"menu_order":0,"comment_status":"closed","ping_status":"closed","template":"","meta":{"_mi_skip_tracking":false,"footnotes":""},"class_list":["post-1322","page","type-page","status-publish","hentry"],"_links":{"self":[{"href":"https:\/\/heleneholmsif.se\/friidrott\/wp-json\/wp\/v2\/pages\/1322","targetHints":{"allow":["GET"]}}],"collection":[{"href":"https:\/\/heleneholmsif.se\/friidrott\/wp-json\/wp\/v2\/pages"}],"about":[{"href":"https:\/\/heleneholmsif.se\/friidrott\/wp-json\/wp\/v2\/types\/page"}],"author":[{"embeddable":true,"href":"https:\/\/heleneholmsif.se\/friidrott\/wp-json\/wp\/v2\/users\/4"}],"replies":[{"embeddable":true,"href":"https:\/\/heleneholmsif.se\/friidrott\/wp-json\/wp\/v2\/comments?post=1322"}],"version-history":[{"count":3,"href":"https:\/\/heleneholmsif.se\/friidrott\/wp-json\/wp\/v2\/pages\/1322\/revisions"}],"predecessor-version":[{"id":4174,"href":"https:\/\/heleneholmsif.se\/friidrott\/wp-json\/wp\/v2\/pages\/1322\/revisions\/4174"}],"wp:attachment":[{"href":"https:\/\/heleneholmsif.se\/friidrott\/wp-json\/wp\/v2\/media?parent=1322"}],"curies":[{"name":"wp","href":"https:\/\/api.w.org\/{rel}","templated":true}]}}