{"id":1329,"date":"2017-10-18T13:16:37","date_gmt":"2017-10-18T11:16:37","guid":{"rendered":"http:\/\/heleneholmsif.se\/friidrott\/?page_id=1329"},"modified":"2017-11-16T11:30:30","modified_gmt":"2017-11-16T10:30:30","slug":"verksamhetside","status":"publish","type":"page","link":"https:\/\/heleneholmsif.se\/friidrott\/verksamhetside\/","title":{"rendered":"Verksamhetsid\u00e9"},"content":{"rendered":"<p>Heleneholms IF skall bedriva verksamhet mot friidrott, l\u00f6pning, triathlon samt \u00f6vriga sporter som kan t\u00e4nkas ing\u00e5 under ben\u00e4mningen \u201duth\u00e5llighetssporter\u201d. F\u00f6reningen skall i st\u00f6rsta m\u00f6jliga m\u00e5n vara \u00f6ppen f\u00f6r alla som har n\u00e5gon form av intresse f\u00f6r ovanst\u00e5ende idrotter. F\u00f6reningens verksamhet skall alltid bedrivas i enlighet med de m\u00e5l och f\u00f6rordningar riksidrottsf\u00f6rbundet satt upp. Verksamheten i klubben ska syfta till att bidra till b\u00e4ttre h\u00e4lsa, demokrati, uppfostran, individuell utveckling, syssels\u00e4ttning och andra meningsfulla v\u00e4rden med fokus p\u00e5 ett livsl\u00e5ngt idrottande. Tre nyckelord som st\u00e5r i fokus och ska genomsyra all v\u00e5r verksamhet \u00e4r gl\u00e4dje, utveckling och gemenskap.<\/p>\n<p><strong>Gl\u00e4dje:\u00a0<\/strong>P\u00e5 tr\u00e4ningen \u00e4r det viktigaste att vi har kul. Alla ska bli sedda oavsett prestation och ingen ska beh\u00f6va k\u00e4nna n\u00e5gon on\u00f6dig press n\u00e4r man g\u00e5r till tr\u00e4ningen.<\/p>\n<p><strong>Utveckling:\u00a0<\/strong>Genom tr\u00e4ning utvecklas vi b\u00e5de som individ och grupp. Varje aktiv ska i st\u00f6rsta m\u00e5n ges m\u00f6jlighet att utvecklas i den takt dem \u00f6nskar s\u00e5 att tr\u00e4ningen blir s\u00e5 lustfylld som m\u00f6jligt, f\u00f6r s\u00e5 m\u00e5nga som m\u00f6jligt..<\/p>\n<p><strong>Gemenskap: <\/strong>Tillsammans ska vi ha kul p\u00e5 tr\u00e4ningen. Alla ska k\u00e4nna sig v\u00e4lkomna och bli behandlade med respekt. Stark samh\u00f6righet bidrar till en starkare klubb.<\/p>\n","protected":false},"excerpt":{"rendered":"<p>Heleneholms IF skall bedriva verksamhet mot friidrott, l\u00f6pning, triathlon samt \u00f6vriga sporter som kan t\u00e4nkas ing\u00e5 under ben\u00e4mningen \u201duth\u00e5llighetssporter\u201d. F\u00f6reningen skall i st\u00f6rsta m\u00f6jliga m\u00e5n vara \u00f6ppen f\u00f6r alla som har n\u00e5gon form av intresse f\u00f6r ovanst\u00e5ende idrotter. F\u00f6reningens verksamhet skall alltid bedrivas i enlighet med de m\u00e5l och f\u00f6rordningar riksidrottsf\u00f6rbundet satt upp. Verksamheten i [&hellip;] <a href=\"https:\/\/heleneholmsif.se\/friidrott\/verksamhetside\/\" class=\"readmore\">L\u00e4s mer<i class=\"icon-forward\"><\/i><\/a><\/p>\n","protected":false},"author":4,"featured_media":0,"parent":0,"menu_order":0,"comment_status":"closed","ping_status":"closed","template":"","meta":{"_mi_skip_tracking":false,"footnotes":""},"class_list":["post-1329","page","type-page","status-publish","hentry"],"_links":{"self":[{"href":"https:\/\/heleneholmsif.se\/friidrott\/wp-json\/wp\/v2\/pages\/1329","targetHints":{"allow":["GET"]}}],"collection":[{"href":"https:\/\/heleneholmsif.se\/friidrott\/wp-json\/wp\/v2\/pages"}],"about":[{"href":"https:\/\/heleneholmsif.se\/friidrott\/wp-json\/wp\/v2\/types\/page"}],"author":[{"embeddable":true,"href":"https:\/\/heleneholmsif.se\/friidrott\/wp-json\/wp\/v2\/users\/4"}],"replies":[{"embeddable":true,"href":"https:\/\/heleneholmsif.se\/friidrott\/wp-json\/wp\/v2\/comments?post=1329"}],"version-history":[{"count":3,"href":"https:\/\/heleneholmsif.se\/friidrott\/wp-json\/wp\/v2\/pages\/1329\/revisions"}],"predecessor-version":[{"id":1387,"href":"https:\/\/heleneholmsif.se\/friidrott\/wp-json\/wp\/v2\/pages\/1329\/revisions\/1387"}],"wp:attachment":[{"href":"https:\/\/heleneholmsif.se\/friidrott\/wp-json\/wp\/v2\/media?parent=1329"}],"curies":[{"name":"wp","href":"https:\/\/api.w.org\/{rel}","templated":true}]}}