{"id":14,"date":"2016-03-24T15:08:25","date_gmt":"2016-03-24T14:08:25","guid":{"rendered":"http:\/\/heleneholmsif.se\/friidrott\/?page_id=14"},"modified":"2017-10-16T11:39:52","modified_gmt":"2017-10-16T09:39:52","slug":"tavling","status":"publish","type":"page","link":"https:\/\/heleneholmsif.se\/friidrott\/tavling\/","title":{"rendered":"T\u00e4vling"},"content":{"rendered":"<p>Under denna meny \u00e4r tanken att du ska hitta all n\u00f6dv\u00e4ndig information som kan vara bra att veta g\u00e4llande t\u00e4vlingsverksamhet i friidrott. Detta kan vara allt fr\u00e5n t\u00e4vlingskalender, vart\/hur du anm\u00e4ler dig till en t\u00e4vling, vad klubben st\u00e5r f\u00f6r, vad som \u00e4r bra att tanka p\u00e5 inf\u00f6r\/under en t\u00e4vling osv.<\/p>\n","protected":false},"excerpt":{"rendered":"<p>Under denna meny \u00e4r tanken att du ska hitta all n\u00f6dv\u00e4ndig information som kan vara bra att veta g\u00e4llande t\u00e4vlingsverksamhet i friidrott. Detta kan vara allt fr\u00e5n t\u00e4vlingskalender, vart\/hur du anm\u00e4ler dig till en t\u00e4vling, vad klubben st\u00e5r f\u00f6r, vad som \u00e4r bra att tanka p\u00e5 inf\u00f6r\/under en t\u00e4vling osv.<\/p>\n","protected":false},"author":1,"featured_media":0,"parent":0,"menu_order":4,"comment_status":"closed","ping_status":"closed","template":"","meta":{"_mi_skip_tracking":false,"footnotes":""},"class_list":["post-14","page","type-page","status-publish","hentry"],"_links":{"self":[{"href":"https:\/\/heleneholmsif.se\/friidrott\/wp-json\/wp\/v2\/pages\/14","targetHints":{"allow":["GET"]}}],"collection":[{"href":"https:\/\/heleneholmsif.se\/friidrott\/wp-json\/wp\/v2\/pages"}],"about":[{"href":"https:\/\/heleneholmsif.se\/friidrott\/wp-json\/wp\/v2\/types\/page"}],"author":[{"embeddable":true,"href":"https:\/\/heleneholmsif.se\/friidrott\/wp-json\/wp\/v2\/users\/1"}],"replies":[{"embeddable":true,"href":"https:\/\/heleneholmsif.se\/friidrott\/wp-json\/wp\/v2\/comments?post=14"}],"version-history":[{"count":7,"href":"https:\/\/heleneholmsif.se\/friidrott\/wp-json\/wp\/v2\/pages\/14\/revisions"}],"predecessor-version":[{"id":1321,"href":"https:\/\/heleneholmsif.se\/friidrott\/wp-json\/wp\/v2\/pages\/14\/revisions\/1321"}],"wp:attachment":[{"href":"https:\/\/heleneholmsif.se\/friidrott\/wp-json\/wp\/v2\/media?parent=14"}],"curies":[{"name":"wp","href":"https:\/\/api.w.org\/{rel}","templated":true}]}}