{"id":1604,"date":"2018-03-28T16:46:45","date_gmt":"2018-03-28T14:46:45","guid":{"rendered":"http:\/\/heleneholmsif.se\/friidrott\/?page_id=1604"},"modified":"2018-03-28T16:46:45","modified_gmt":"2018-03-28T14:46:45","slug":"lilla-blodomloppet","status":"publish","type":"page","link":"https:\/\/heleneholmsif.se\/friidrott\/arrangemang\/lilla-blodomloppet\/","title":{"rendered":"Lilla Blodomloppet"},"content":{"rendered":"<p><span class=\"_4n-j _fbReactionComponent__eventDetailsContentTags fsl\" data-testid=\"event-permalink-details\"><\/p>\n<figure id=\"attachment_1605\" class=\"alignnone\" style=\"width: 300px;\"><a data-fancybox-title=\"\" class=\"zoom-hover fb\" href=\"http:\/\/heleneholmsif.se\/friidrott\/arrangemang\/lilla-blodomloppet\/lillablodomloppet\/\" rel=\"attachment wp-att-1605\"><img loading=\"lazy\" decoding=\"async\" class=\" wp-image-1605 size-medium\" src=\"http:\/\/heleneholmsif.se\/friidrott\/wp-content\/uploads\/sites\/4\/2018\/03\/lillablodomloppet-300x88.png\" alt=\"\" width=\"300\" height=\"88\" srcset=\"https:\/\/heleneholmsif.se\/friidrott\/wp-content\/uploads\/sites\/4\/2018\/03\/lillablodomloppet-300x88.png 300w, https:\/\/heleneholmsif.se\/friidrott\/wp-content\/uploads\/sites\/4\/2018\/03\/lillablodomloppet-768x226.png 768w, https:\/\/heleneholmsif.se\/friidrott\/wp-content\/uploads\/sites\/4\/2018\/03\/lillablodomloppet-1024x301.png 1024w, https:\/\/heleneholmsif.se\/friidrott\/wp-content\/uploads\/sites\/4\/2018\/03\/lillablodomloppet-204x60.png 204w, https:\/\/heleneholmsif.se\/friidrott\/wp-content\/uploads\/sites\/4\/2018\/03\/lillablodomloppet-748x220.png 748w, https:\/\/heleneholmsif.se\/friidrott\/wp-content\/uploads\/sites\/4\/2018\/03\/lillablodomloppet-364x107.png 364w, https:\/\/heleneholmsif.se\/friidrott\/wp-content\/uploads\/sites\/4\/2018\/03\/lillablodomloppet.png 1058w\" sizes=\"auto, (max-width: 300px) 100vw, 300px\" \/><\/a><\/figure>\n<p><\/span><\/p>\n<p><span class=\"_4n-j _fbReactionComponent__eventDetailsContentTags fsl\" data-testid=\"event-permalink-details\">Lilla Blodomloppet \u00e4r ett barnlopp som arrangeras i samband med internationella blodgivardagen 14 juni f\u00f6r att uppm\u00e4rksamma blodgivning och fira dess dag. Loppet hade premi\u00e4r i fjol d\u00e5 150 glada och taggade barn sprang de ca 600 meterna i Magistratsparken. Barnen som deltar i Lilla Blodomloppet kan inte sj\u00e4lva ge blod men de kan uppm\u00e4rksamma blodgivning p\u00e5 andra s\u00e4tt och sprida stor gl\u00e4dje. I loppet sker ingen tidtagning eller placering. I Lilla Blodomloppet \u00e4r alla vinnare.<\/p>\n<p>Alla deltagare f\u00e5r en lilla Blodomloppet T-shirt, medalj och frukt. Det \u00e4r sj\u00e4lvklart till\u00e5tet f\u00f6r f\u00f6r\u00e4ldrar att springa med sina barn.<\/p>\n<p>L\u00e4s g\u00e4rna mer p\u00e5: <a href=\"http:\/\/blodomloppet.se\/vara-lopp\/malmo\/lilla-blodomloppet\/\" target=\"_blank\" rel=\"nofollow noopener\" data-lynx-mode=\"asynclazy\" data-lynx-uri=\"https:\/\/l.facebook.com\/l.php?u=http%3A%2F%2Fblodomloppet.se%2Fvara-lopp%2Fmalmo%2Flilla-blodomloppet%2F&amp;h=ATOVTn4eiY67TO4S4M_B2wtcqPQ3gxeduCrtWhIroq7jwr5a9P2zGwcrKlxBIrL-llrRE9pw_ER7KboOP_FvTzODxE9dvc8MnaljhmhFR_m8p43snYs\">http:\/\/blodomloppet.se\/<wbr \/>vara-lopp\/malmo\/<wbr \/>lilla-blodomloppet\/<\/a><\/span><\/p>\n","protected":false},"excerpt":{"rendered":"<p>Lilla Blodomloppet \u00e4r ett barnlopp som arrangeras i samband med internationella blodgivardagen 14 juni f\u00f6r att uppm\u00e4rksamma blodgivning och fira dess dag. Loppet hade premi\u00e4r i fjol d\u00e5 150 glada och taggade barn sprang de ca 600 meterna i Magistratsparken. Barnen som deltar i Lilla Blodomloppet kan inte sj\u00e4lva ge blod men de kan uppm\u00e4rksamma [&hellip;] <a href=\"https:\/\/heleneholmsif.se\/friidrott\/arrangemang\/lilla-blodomloppet\/\" class=\"readmore\">L\u00e4s mer<i class=\"icon-forward\"><\/i><\/a><\/p>\n","protected":false},"author":4,"featured_media":0,"parent":270,"menu_order":0,"comment_status":"closed","ping_status":"closed","template":"","meta":{"_mi_skip_tracking":false,"footnotes":""},"class_list":["post-1604","page","type-page","status-publish","hentry"],"_links":{"self":[{"href":"https:\/\/heleneholmsif.se\/friidrott\/wp-json\/wp\/v2\/pages\/1604","targetHints":{"allow":["GET"]}}],"collection":[{"href":"https:\/\/heleneholmsif.se\/friidrott\/wp-json\/wp\/v2\/pages"}],"about":[{"href":"https:\/\/heleneholmsif.se\/friidrott\/wp-json\/wp\/v2\/types\/page"}],"author":[{"embeddable":true,"href":"https:\/\/heleneholmsif.se\/friidrott\/wp-json\/wp\/v2\/users\/4"}],"replies":[{"embeddable":true,"href":"https:\/\/heleneholmsif.se\/friidrott\/wp-json\/wp\/v2\/comments?post=1604"}],"version-history":[{"count":2,"href":"https:\/\/heleneholmsif.se\/friidrott\/wp-json\/wp\/v2\/pages\/1604\/revisions"}],"predecessor-version":[{"id":1607,"href":"https:\/\/heleneholmsif.se\/friidrott\/wp-json\/wp\/v2\/pages\/1604\/revisions\/1607"}],"up":[{"embeddable":true,"href":"https:\/\/heleneholmsif.se\/friidrott\/wp-json\/wp\/v2\/pages\/270"}],"wp:attachment":[{"href":"https:\/\/heleneholmsif.se\/friidrott\/wp-json\/wp\/v2\/media?parent=1604"}],"curies":[{"name":"wp","href":"https:\/\/api.w.org\/{rel}","templated":true}]}}