{"id":1659,"date":"2018-05-18T14:47:46","date_gmt":"2018-05-18T12:47:46","guid":{"rendered":"http:\/\/heleneholmsif.se\/friidrott\/?page_id=1659"},"modified":"2018-05-18T14:47:46","modified_gmt":"2018-05-18T12:47:46","slug":"heleneholms-vartavling","status":"publish","type":"page","link":"https:\/\/heleneholmsif.se\/friidrott\/heleneholms-vartavling\/","title":{"rendered":"Heleneholms v\u00e5rt\u00e4vling"},"content":{"rendered":"<p>Aktuell information om Heleneholms v\u00e5rt\u00e4vling 22 maj hittar du h\u00e4r <a href=\"http:\/\/heleneholmsif.se\/friidrott\/arrangemang\/heleneholms-vartavling\/\">http:\/\/heleneholmsif.se\/friidrott\/arrangemang\/heleneholms-vartavling\/<\/a><\/p>\n","protected":false},"excerpt":{"rendered":"<p>Aktuell information om Heleneholms v\u00e5rt\u00e4vling 22 maj hittar du h\u00e4r http:\/\/heleneholmsif.se\/friidrott\/arrangemang\/heleneholms-vartavling\/<\/p>\n","protected":false},"author":4,"featured_media":0,"parent":0,"menu_order":0,"comment_status":"closed","ping_status":"closed","template":"","meta":{"_mi_skip_tracking":false,"footnotes":""},"class_list":["post-1659","page","type-page","status-publish","hentry"],"_links":{"self":[{"href":"https:\/\/heleneholmsif.se\/friidrott\/wp-json\/wp\/v2\/pages\/1659","targetHints":{"allow":["GET"]}}],"collection":[{"href":"https:\/\/heleneholmsif.se\/friidrott\/wp-json\/wp\/v2\/pages"}],"about":[{"href":"https:\/\/heleneholmsif.se\/friidrott\/wp-json\/wp\/v2\/types\/page"}],"author":[{"embeddable":true,"href":"https:\/\/heleneholmsif.se\/friidrott\/wp-json\/wp\/v2\/users\/4"}],"replies":[{"embeddable":true,"href":"https:\/\/heleneholmsif.se\/friidrott\/wp-json\/wp\/v2\/comments?post=1659"}],"version-history":[{"count":1,"href":"https:\/\/heleneholmsif.se\/friidrott\/wp-json\/wp\/v2\/pages\/1659\/revisions"}],"predecessor-version":[{"id":1661,"href":"https:\/\/heleneholmsif.se\/friidrott\/wp-json\/wp\/v2\/pages\/1659\/revisions\/1661"}],"wp:attachment":[{"href":"https:\/\/heleneholmsif.se\/friidrott\/wp-json\/wp\/v2\/media?parent=1659"}],"curies":[{"name":"wp","href":"https:\/\/api.w.org\/{rel}","templated":true}]}}