{"id":179,"date":"2016-11-10T14:14:00","date_gmt":"2016-11-10T13:14:00","guid":{"rendered":"http:\/\/heleneholmsif.se\/friidrott\/?page_id=179"},"modified":"2026-01-29T15:23:13","modified_gmt":"2026-01-29T14:23:13","slug":"atleticumsspelen","status":"publish","type":"page","link":"https:\/\/heleneholmsif.se\/friidrott\/arrangemang\/atleticumsspelen\/","title":{"rendered":"Atleticumspelen &#038; DM"},"content":{"rendered":"<p>Varmt v\u00e4lkomna till Atleticum och Heleneholms IF t\u00e4vling Atleticumspelen den 7-8 februari.<br \/>\nF\u00f6rutom m\u00e5nga \u00e5ldersklasser fr\u00e5n 10 \u00e5r upp till senior m.m. kommer i \u00e5r DM att arrangeras f\u00f6r 12-15 \u00e5ringar i alla grenar som ett \u00f6ppet m\u00e4sterskap dvs icke Sk\u00e5nska klubbar \u00e4r v\u00e4lkomna. Nedan hittas prelimin\u00e4r inbjudan till t\u00e4vlingen.<\/p>\n<ul>\n<li><a href=\"https:\/\/heleneholmsif.se\/wp-content\/uploads\/2026\/01\/Inbjudan-Atleticumspelen-2026-1.pdf\">Inbjudan 2025 7-8 februari<\/a><\/li>\n<li><a href=\"https:\/\/easyrecord.se\/info?gx5Jjj\">T\u00e4vlingssidan<\/a><\/li>\n<li><a href=\"https:\/\/easyrecord.se\/entry?gx5Jjj\">Anm\u00e4lan<\/a><\/li>\n<li><a href=\"https:\/\/easyrecord.se\/startlist?gx5Jjj\">Startlista<\/a><\/li>\n<li><a href=\"https:\/\/easyrecord.se\/timetable?gx5Jjj&amp;date=2026-02-07\">Tidsprogram<\/a><\/li>\n<li><a href=\"https:\/\/heleneholmsif.se\/wp-content\/uploads\/2026\/01\/PM_atleticum_2026.pdf\">PM<\/a><\/li>\n<li><a href=\"https:\/\/easyrecord.se\/info?gtluee\">Resultat<\/a><\/li>\n<\/ul>\n<p><em><strong>Information om parkering<\/strong><\/em><br \/>\n<a href=\"https:\/\/en.parkopedia.se\/parking\/carpark\/stadiongatan_24_26\/21762\/malm%C3%B6\/?arriving=202210051030&amp;leaving=202210051230\">Parkeringsavgifter i n\u00e4rheten av Atleticum<\/a><\/p>\n<p>Fr\u00e5gor?\u00a0 maila <a href=\"mailto:andre@heleneholmsif.se\">andre@heleneholmsif.se<\/a><\/p>\n<hr \/>\n<h3><span style=\"text-decoration: underline;\">Tidigare resultat fr\u00e5n Atleticumsspelen<\/span><\/h3>\n<ul>\n<li><a href=\"https:\/\/easyrecord.se\/result?k2Q544\">2024<\/a><\/li>\n<li><a href=\"https:\/\/easyrecord.se\/result?Yo7vCC\">2023<\/a><\/li>\n<li>2022 Inst\u00e4llt<\/li>\n<li>2021 inst\u00e4llt p.g.a coronapandemin<\/li>\n<li>Global cup 2020 <a href=\"http:\/\/heleneholmsif.se\/friidrott\/wp-content\/uploads\/sites\/4\/2020\/02\/Globalsport-CUP-F15-1.pdf\">F15,<\/a> <a href=\"http:\/\/heleneholmsif.se\/friidrott\/wp-content\/uploads\/sites\/4\/2020\/02\/Global-cup-P15-1.pdf\">P15<\/a>, <a href=\"http:\/\/heleneholmsif.se\/friidrott\/wp-content\/uploads\/sites\/4\/2020\/02\/Globalsport-CUP-F17-1.pdf\">F17,<\/a> <a href=\"http:\/\/heleneholmsif.se\/friidrott\/wp-content\/uploads\/sites\/4\/2020\/02\/Globalsport-cup-P17-1.pdf\">P17<\/a><\/li>\n<li><a href=\"https:\/\/easyrecord.se\/result?hoQSjj\">2020<\/a><\/li>\n<li>Global cup 2019: <a href=\"http:\/\/heleneholmsif.se\/friidrott\/wp-content\/uploads\/sites\/4\/2019\/02\/Globalsport-CUP-Resultat-del-3-f15.pdf\">F15<\/a> &amp; <a href=\"http:\/\/heleneholmsif.se\/friidrott\/wp-content\/uploads\/sites\/4\/2019\/02\/Globalsport-CUP-Resultat-del-3.pdf\">P15<\/a><\/li>\n<li><a href=\"https:\/\/www.easyrecord.se\/result?5W2vv\">2019<\/a><\/li>\n<li><a href=\"http:\/\/www.easyrecord.se\/result?8k2pqq\" target=\"_blank\" rel=\"noopener noreferrer\">2018<\/a><\/li>\n<li><a href=\"http:\/\/heleneholmsif.se\/wp-content\/uploads\/2017\/02\/Resultat-Atleticumsspelen-2017-1.pdf\" target=\"_blank\" rel=\"noopener noreferrer\">2017<\/a><\/li>\n<li><a href=\"http:\/\/heleneholmsif.se\/friidrott\/wp-content\/uploads\/sites\/4\/2017\/01\/Resultat-Atleticumsspelen-2016.pdf\">2016<\/a><\/li>\n<li><a href=\"http:\/\/heleneholmsif.se\/friidrott\/wp-content\/uploads\/sites\/4\/2017\/01\/Resultat-Atleticumsspelen-2015.pdf\">2015<\/a><\/li>\n<li><a href=\"http:\/\/heleneholmsif.se\/friidrott\/wp-content\/uploads\/sites\/4\/2017\/01\/Resultat-Atleticumsspelen-2014.pdf\">2014<\/a><\/li>\n<li><a href=\"http:\/\/heleneholmsif.se\/friidrott\/wp-content\/uploads\/sites\/4\/2017\/01\/Resultat-Atleticumsspelen-2013.pdf\">2013<\/a><\/li>\n<li><a href=\"http:\/\/heleneholmsif.se\/friidrott\/wp-content\/uploads\/sites\/4\/2017\/01\/4_5februari2012.pdf\">2012<\/a><\/li>\n<li><a href=\"http:\/\/heleneholmsif.se\/friidrott\/wp-content\/uploads\/sites\/4\/2017\/01\/Resultat-Atleticumsspelen-2011.pdf\">2011<\/a><\/li>\n<\/ul>\n","protected":false},"excerpt":{"rendered":"<p>Varmt v\u00e4lkomna till Atleticum och Heleneholms IF t\u00e4vling Atleticumspelen den 7-8 februari. F\u00f6rutom m\u00e5nga \u00e5ldersklasser fr\u00e5n 10 \u00e5r upp till senior m.m. kommer i \u00e5r DM att arrangeras f\u00f6r 12-15 \u00e5ringar i alla grenar som ett \u00f6ppet m\u00e4sterskap dvs icke Sk\u00e5nska klubbar \u00e4r v\u00e4lkomna. Nedan hittas prelimin\u00e4r inbjudan till t\u00e4vlingen. Inbjudan 2025 7-8 februari T\u00e4vlingssidan [&hellip;] <a href=\"https:\/\/heleneholmsif.se\/friidrott\/arrangemang\/atleticumsspelen\/\" class=\"readmore\">L\u00e4s mer<i class=\"icon-forward\"><\/i><\/a><\/p>\n","protected":false},"author":9,"featured_media":0,"parent":270,"menu_order":1,"comment_status":"closed","ping_status":"closed","template":"","meta":{"_mi_skip_tracking":false,"footnotes":""},"class_list":["post-179","page","type-page","status-publish","hentry"],"_links":{"self":[{"href":"https:\/\/heleneholmsif.se\/friidrott\/wp-json\/wp\/v2\/pages\/179","targetHints":{"allow":["GET"]}}],"collection":[{"href":"https:\/\/heleneholmsif.se\/friidrott\/wp-json\/wp\/v2\/pages"}],"about":[{"href":"https:\/\/heleneholmsif.se\/friidrott\/wp-json\/wp\/v2\/types\/page"}],"author":[{"embeddable":true,"href":"https:\/\/heleneholmsif.se\/friidrott\/wp-json\/wp\/v2\/users\/9"}],"replies":[{"embeddable":true,"href":"https:\/\/heleneholmsif.se\/friidrott\/wp-json\/wp\/v2\/comments?post=179"}],"version-history":[{"count":162,"href":"https:\/\/heleneholmsif.se\/friidrott\/wp-json\/wp\/v2\/pages\/179\/revisions"}],"predecessor-version":[{"id":4322,"href":"https:\/\/heleneholmsif.se\/friidrott\/wp-json\/wp\/v2\/pages\/179\/revisions\/4322"}],"up":[{"embeddable":true,"href":"https:\/\/heleneholmsif.se\/friidrott\/wp-json\/wp\/v2\/pages\/270"}],"wp:attachment":[{"href":"https:\/\/heleneholmsif.se\/friidrott\/wp-json\/wp\/v2\/media?parent=179"}],"curies":[{"name":"wp","href":"https:\/\/api.w.org\/{rel}","templated":true}]}}