{"id":181,"date":"2016-11-10T14:15:24","date_gmt":"2016-11-10T13:15:24","guid":{"rendered":"http:\/\/heleneholmsif.se\/friidrott\/?page_id=181"},"modified":"2020-05-06T15:41:32","modified_gmt":"2020-05-06T13:41:32","slug":"blodomloppet","status":"publish","type":"page","link":"https:\/\/heleneholmsif.se\/friidrott\/arrangemang\/blodomloppet\/","title":{"rendered":"Blodomloppet"},"content":{"rendered":"<figure id=\"attachment_251\" class=\"alignnone\" style=\"width: 300px;\"><a data-fancybox-title=\"\" class=\"zoom-hover fb\" href=\"http:\/\/blodomloppet.se\/vara-lopp\/malmo\/\"><img loading=\"lazy\" decoding=\"async\" class=\" wp-image-251 size-medium\" src=\"http:\/\/heleneholmsif.se\/friidrott\/wp-content\/uploads\/sites\/4\/2016\/11\/Blodomloppet_horisontell_CMYK-300x88.jpg\" alt=\"Blodomloppet\" width=\"300\" height=\"88\" srcset=\"https:\/\/heleneholmsif.se\/friidrott\/wp-content\/uploads\/sites\/4\/2016\/11\/Blodomloppet_horisontell_CMYK-300x88.jpg 300w, https:\/\/heleneholmsif.se\/friidrott\/wp-content\/uploads\/sites\/4\/2016\/11\/Blodomloppet_horisontell_CMYK-768x225.jpg 768w, https:\/\/heleneholmsif.se\/friidrott\/wp-content\/uploads\/sites\/4\/2016\/11\/Blodomloppet_horisontell_CMYK-1024x300.jpg 1024w, https:\/\/heleneholmsif.se\/friidrott\/wp-content\/uploads\/sites\/4\/2016\/11\/Blodomloppet_horisontell_CMYK-205x60.jpg 205w, https:\/\/heleneholmsif.se\/friidrott\/wp-content\/uploads\/sites\/4\/2016\/11\/Blodomloppet_horisontell_CMYK-1180x346.jpg 1180w, https:\/\/heleneholmsif.se\/friidrott\/wp-content\/uploads\/sites\/4\/2016\/11\/Blodomloppet_horisontell_CMYK-1920x563.jpg 1920w, https:\/\/heleneholmsif.se\/friidrott\/wp-content\/uploads\/sites\/4\/2016\/11\/Blodomloppet_horisontell_CMYK-1140x334.jpg 1140w, https:\/\/heleneholmsif.se\/friidrott\/wp-content\/uploads\/sites\/4\/2016\/11\/Blodomloppet_horisontell_CMYK-748x219.jpg 748w, https:\/\/heleneholmsif.se\/friidrott\/wp-content\/uploads\/sites\/4\/2016\/11\/Blodomloppet_horisontell_CMYK-364x107.jpg 364w, https:\/\/heleneholmsif.se\/friidrott\/wp-content\/uploads\/sites\/4\/2016\/11\/Blodomloppet_horisontell_CMYK.jpg 2208w\" sizes=\"auto, (max-width: 300px) 100vw, 300px\" \/><\/a><\/figure>\n<p>Under denna flik hittar du information kring Heleneholms IF st\u00f6rsta evenemang; motionsloppet Blodomloppet. Loppet \u00e4r ett av Sveriges st\u00f6rsta motionslopp och har som huvudsyfte att manifestera och uppm\u00e4rksamma blodgivning samt fr\u00e4mja en h\u00e4lsosam livsstil. Loppet i Malm\u00f6 g\u00e5r i mitten av maj p\u00e5 Bulltofta rekreationsomr\u00e5de och du kan v\u00e4lja mellan att springa eller g\u00e5 5 km samt springa 10km.<\/p>\n<hr \/>\n<p>2020 \u00e5rs lopp kommer att g\u00e5 30 augustij. Boka g\u00e4rna in detta datum och sprid det till v\u00e4nner, arbetskollegor. L\u00e4s mer p\u00e5 v\u00e5r lokala sida nedan.<\/p>\n<p><a href=\"http:\/\/blodomloppet.se\/vara-lopp\/malmo\/\">Blodomloppets lokala hemsida<\/a><\/p>\n","protected":false},"excerpt":{"rendered":"<p>Under denna flik hittar du information kring Heleneholms IF st\u00f6rsta evenemang; motionsloppet Blodomloppet. Loppet \u00e4r ett av Sveriges st\u00f6rsta motionslopp och har som huvudsyfte att manifestera och uppm\u00e4rksamma blodgivning samt fr\u00e4mja en h\u00e4lsosam livsstil. Loppet i Malm\u00f6 g\u00e5r i mitten av maj p\u00e5 Bulltofta rekreationsomr\u00e5de och du kan v\u00e4lja mellan att springa eller g\u00e5 5 [&hellip;] <a href=\"https:\/\/heleneholmsif.se\/friidrott\/arrangemang\/blodomloppet\/\" class=\"readmore\">L\u00e4s mer<i class=\"icon-forward\"><\/i><\/a><\/p>\n","protected":false},"author":9,"featured_media":0,"parent":270,"menu_order":2,"comment_status":"closed","ping_status":"closed","template":"","meta":{"_mi_skip_tracking":false,"footnotes":""},"class_list":["post-181","page","type-page","status-publish","hentry"],"_links":{"self":[{"href":"https:\/\/heleneholmsif.se\/friidrott\/wp-json\/wp\/v2\/pages\/181","targetHints":{"allow":["GET"]}}],"collection":[{"href":"https:\/\/heleneholmsif.se\/friidrott\/wp-json\/wp\/v2\/pages"}],"about":[{"href":"https:\/\/heleneholmsif.se\/friidrott\/wp-json\/wp\/v2\/types\/page"}],"author":[{"embeddable":true,"href":"https:\/\/heleneholmsif.se\/friidrott\/wp-json\/wp\/v2\/users\/9"}],"replies":[{"embeddable":true,"href":"https:\/\/heleneholmsif.se\/friidrott\/wp-json\/wp\/v2\/comments?post=181"}],"version-history":[{"count":6,"href":"https:\/\/heleneholmsif.se\/friidrott\/wp-json\/wp\/v2\/pages\/181\/revisions"}],"predecessor-version":[{"id":2778,"href":"https:\/\/heleneholmsif.se\/friidrott\/wp-json\/wp\/v2\/pages\/181\/revisions\/2778"}],"up":[{"embeddable":true,"href":"https:\/\/heleneholmsif.se\/friidrott\/wp-json\/wp\/v2\/pages\/270"}],"wp:attachment":[{"href":"https:\/\/heleneholmsif.se\/friidrott\/wp-json\/wp\/v2\/media?parent=181"}],"curies":[{"name":"wp","href":"https:\/\/api.w.org\/{rel}","templated":true}]}}