{"id":190,"date":"2016-11-10T14:57:50","date_gmt":"2016-11-10T13:57:50","guid":{"rendered":"http:\/\/heleneholmsif.se\/friidrott\/?page_id=190"},"modified":"2026-04-22T23:43:14","modified_gmt":"2026-04-22T21:43:14","slug":"klubbrekord","status":"publish","type":"page","link":"https:\/\/heleneholmsif.se\/friidrott\/resultat-statistik\/klubbrekord\/","title":{"rendered":"Klubbrekord"},"content":{"rendered":"\n<p class=\"has-text-align-left\">Nedan hittar du dokument om Heleneholms IFs klubbrekord f\u00f6r olika \u00e5ldersklasser. Genom \u00e5ren har Heleneholms IF haft m\u00e5nga duktiga aktiva b\u00e5de i unga \u00e5ldrar och p\u00e5 h\u00f6gsta senior niv\u00e5.<\/p>\n\n\n\n<p>Vi har tagit ner klubbrekorden f\u00f6r 11 \u00e5r och yngre d\u00e5 dessa inte l\u00e4ngre \u00e4r t\u00e4vlingsklasser enligt svenska friidrottsf\u00f6rbundets nuvarande regler. Vi har dock historiken kvar om f\u00f6r\u00e4ndringar skulle ske i framtiden.<\/p>\n\n\n\n<hr class=\"wp-block-separator has-alpha-channel-opacity\"\/>\n\n\n<a class=\"button normal\" data-button-href=\"https:\/\/heleneholmsif.se\/wp-content\/uploads\/2026\/04\/Klubbrekord-inomhus-uppdaterad-2026-04-21-12.pdf\" data-button-target=\"_self\"><span> <span style=\"color: #ff0000;\">Klubbrekord inomhus<\/span> <\/span><\/a>\n\n\n\n<p><\/p>\n\n\n<a class=\"button normal\" data-button-href=\"https:\/\/heleneholmsif.se\/friidrott\/wp-content\/uploads\/sites\/4\/2025\/10\/Klubbrekord-utomhus-uppdaterad-2025-09-18-12.pdf\" data-button-target=\"_self\"><span> <span style=\"color: #ff0000;\">Klubbrekord utomhus<\/span> <\/span><\/a>\n\n\n\n<p><br><\/p>\n","protected":false},"excerpt":{"rendered":"<p>Nedan hittar du dokument om Heleneholms IFs klubbrekord f\u00f6r olika \u00e5ldersklasser. Genom \u00e5ren har Heleneholms IF haft m\u00e5nga duktiga aktiva b\u00e5de i unga \u00e5ldrar och p\u00e5 h\u00f6gsta senior niv\u00e5. Vi har tagit ner klubbrekorden f\u00f6r 11 \u00e5r och yngre d\u00e5 dessa inte l\u00e4ngre \u00e4r t\u00e4vlingsklasser enligt svenska friidrottsf\u00f6rbundets nuvarande regler. Vi har dock historiken kvar [&hellip;] <a href=\"https:\/\/heleneholmsif.se\/friidrott\/resultat-statistik\/klubbrekord\/\" class=\"readmore\">L\u00e4s mer<i class=\"icon-forward\"><\/i><\/a><\/p>\n","protected":false},"author":9,"featured_media":0,"parent":268,"menu_order":4,"comment_status":"closed","ping_status":"closed","template":"","meta":{"_mi_skip_tracking":false,"footnotes":""},"class_list":["post-190","page","type-page","status-publish","hentry"],"_links":{"self":[{"href":"https:\/\/heleneholmsif.se\/friidrott\/wp-json\/wp\/v2\/pages\/190","targetHints":{"allow":["GET"]}}],"collection":[{"href":"https:\/\/heleneholmsif.se\/friidrott\/wp-json\/wp\/v2\/pages"}],"about":[{"href":"https:\/\/heleneholmsif.se\/friidrott\/wp-json\/wp\/v2\/types\/page"}],"author":[{"embeddable":true,"href":"https:\/\/heleneholmsif.se\/friidrott\/wp-json\/wp\/v2\/users\/9"}],"replies":[{"embeddable":true,"href":"https:\/\/heleneholmsif.se\/friidrott\/wp-json\/wp\/v2\/comments?post=190"}],"version-history":[{"count":50,"href":"https:\/\/heleneholmsif.se\/friidrott\/wp-json\/wp\/v2\/pages\/190\/revisions"}],"predecessor-version":[{"id":4326,"href":"https:\/\/heleneholmsif.se\/friidrott\/wp-json\/wp\/v2\/pages\/190\/revisions\/4326"}],"up":[{"embeddable":true,"href":"https:\/\/heleneholmsif.se\/friidrott\/wp-json\/wp\/v2\/pages\/268"}],"wp:attachment":[{"href":"https:\/\/heleneholmsif.se\/friidrott\/wp-json\/wp\/v2\/media?parent=190"}],"curies":[{"name":"wp","href":"https:\/\/api.w.org\/{rel}","templated":true}]}}