{"id":212,"date":"2016-11-11T09:56:51","date_gmt":"2016-11-11T08:56:51","guid":{"rendered":"http:\/\/heleneholmsif.se\/friidrott\/?page_id=212"},"modified":"2023-05-03T21:48:12","modified_gmt":"2023-05-03T19:48:12","slug":"friidrottskola","status":"publish","type":"page","link":"https:\/\/heleneholmsif.se\/friidrott\/traning\/friidrottskola\/","title":{"rendered":"Friidrottskola"},"content":{"rendered":"<p><strong>Barn 6-8 \u00e5r \u2013 Lekande friidrott<br \/>\n<\/strong>F\u00f6r de allra yngsta \u00e5ldrarna utg\u00e5r friidrotten fr\u00e5n ett lekande perspektiv och barnen tr\u00e4nar i denna \u00e5lder en g\u00e5ng i veckan i s.k. friidrottsskolor. Beroende p\u00e5 plats sker antingen tr\u00e4ningen i en gymnastiksal eller i l\u00f6parg\u00e5ngen inomhus och Heleneholms IP eller lokal idrottsplats utomhus.<\/p>\n<p>I friidrottsskolan f\u00e5r barnen prova p\u00e5 m\u00e5nga av friidrottens olika grenar utifr\u00e5n ett barnperspektiv och f\u00e5r \u00e4ven l\u00e4ra sig enklare grundregler om hur grenen ska utf\u00f6ras. Leken ska i denna \u00e5lder vara en central del av tr\u00e4ningen. Det \u00e4r ocks\u00e5 viktigt att skapa en god milj\u00f6 f\u00f6r gl\u00e4dje, utveckling och intresse f\u00f6r att vilja forts\u00e4tta idrotta. Det \u00e4r h\u00e4r m\u00e5nga barn f\u00e5r sin f\u00f6rsta inblick i b\u00e5de friidrotten och f\u00f6r en fortsatt vilja att idrotta \u00e4ven i framtiden. Det viktigaste i friidrottsskolorna \u00e4r d\u00e4rf\u00f6r inte att t\u00e4vla eller att bli b\u00e4st utan att ha kul, tr\u00e4ffa nya v\u00e4nner och utvecklas i sin egna takt.<\/p>\n<hr \/>\n<p>Nedan hittar du de dagar och tider som vi bedriver verksamhet f\u00f6r de allra yngsta just nu. G\u00f6r en nyanm\u00e4lan genom att klicka p\u00e5 den dag du \u00f6nskar nedan och v\u00e4lj sedan denna grupp i n\u00e4sta l\u00e4nk. Du har m\u00f6jlighet att <strong>prova tv\u00e5 g\u00e5nger utan att beh\u00f6va bli medlem i klubben (ej m\u00f6jligt i fulla grupper)<\/strong>. Hittar du ingen l\u00e4mplig grupp s\u00e5 v\u00e4lj &#8221;intresseanm\u00e4lan&#8221; i formul\u00e4ret. Friidrottsskolorna f\u00f6ljer oftast skolans schema vilket inneb\u00e4r att n\u00e4r det \u00e4r skollov s\u00e5 har ocks\u00e5 friidrottsskolorna lovuppeh\u00e5ll. Har du fr\u00e5gor eller vill veta mer g\u00e5r det bra att ringa kansliet 040- 19 42 20 eller <a href=\"mailto:sebastian@heleneholmsif.se\">maila hit.<\/a>\u00a0S\u00f6ker du efter en grupp f\u00f6r \u00e4ldre barn\/ungdomar kan du klicka <a href=\"http:\/\/heleneholmsif.se\/friidrott\/traning\/traningsgrupper\/\" target=\"_blank\" rel=\"noopener noreferrer\">h\u00e4r.<\/a><\/p>\n<p>Varmt v\u00e4lkommen med din nyanm\u00e4lan redan idag.<\/p>\n<table style=\"height: 157px;\" border=\"1\" width=\"631\">\n<tbody>\n<tr>\n<td style=\"text-align: center;\"><strong>Dag<\/strong><\/td>\n<td style=\"text-align: center;\"><strong>\u00c5lder<\/strong><\/td>\n<td style=\"text-align: center;\"><strong>Tid<\/strong><\/td>\n<td style=\"text-align: center;\"><strong>Plats<\/strong><\/td>\n<td style=\"text-align: center;\"><strong>Tr\u00e4nare<\/strong><\/td>\n<\/tr>\n<tr>\n<td style=\"text-align: center;\"><a href=\"https:\/\/sportadmin.se\/form\/form.asp?ID={116C7ACF-F6BA-452A-A429-BE9635F3CBBE}\">M\u00e5ndag<\/a><\/td>\n<td style=\"text-align: center;\">2014-2017<\/td>\n<td style=\"text-align: center;\">18.00-19:00<\/td>\n<td style=\"text-align: center;\">Heleneholms IP<\/td>\n<td style=\"text-align: center;\">Sebastian<\/td>\n<\/tr>\n<tr>\n<td style=\"text-align: center;\"><a href=\"https:\/\/sportadmin.se\/form\/form.asp?ID={116C7ACF-F6BA-452A-A429-BE9635F3CBBE}\"> Tisdag<\/a><\/td>\n<td style=\"text-align: center;\">2014-2017<\/td>\n<td style=\"text-align: center;\">17.00-18.00<\/td>\n<td style=\"text-align: center;\">L\u00f6parg\u00e5ngen (Malm\u00f6 Stadion)<\/td>\n<td style=\"text-align: center;\">Linuz &amp; Selma<\/td>\n<\/tr>\n<tr>\n<td style=\"text-align: center;\"><a href=\"https:\/\/sportadmin.se\/form\/form.asp?ID=116C7ACF-F6BA-452A-A429-BE9635F3CBBE\">Tisdag<\/a><\/td>\n<td style=\"text-align: center;\">2015-2016<\/td>\n<td style=\"text-align: center;\">17.30-18.15<\/td>\n<td style=\"text-align: center;\">Oxie IP<\/td>\n<td style=\"text-align: center;\">Lisa &amp; Mayia<\/td>\n<\/tr>\n<tr>\n<td style=\"text-align: center;\"><a href=\"https:\/\/sportadmin.se\/form\/form.asp?ID={116C7ACF-F6BA-452A-A429-BE9635F3CBBE}\">Onsdag<\/a><\/td>\n<td style=\"text-align: center;\">2014-2017<\/td>\n<td style=\"text-align: center;\">17.30-19.00<\/td>\n<td style=\"text-align: center;\">Heleneholms IP<\/td>\n<td style=\"text-align: center;\">Emelie &amp; Linuz<\/td>\n<\/tr>\n<tr>\n<td style=\"text-align: center;\"><a href=\"https:\/\/sportadmin.se\/form\/form.asp?ID={116C7ACF-F6BA-452A-A429-BE9635F3CBBE}\">L\u00f6rdag<\/a><\/td>\n<td style=\"text-align: center;\">2014-2016<\/td>\n<td style=\"text-align: center;\">10.00-11.30<\/td>\n<td style=\"text-align: center;\">Atleticum<\/td>\n<td style=\"text-align: center;\">Emelie &amp; Vega<\/td>\n<\/tr>\n<\/tbody>\n<\/table>\n","protected":false},"excerpt":{"rendered":"<p>Barn 6-8 \u00e5r \u2013 Lekande friidrott F\u00f6r de allra yngsta \u00e5ldrarna utg\u00e5r friidrotten fr\u00e5n ett lekande perspektiv och barnen tr\u00e4nar i denna \u00e5lder en g\u00e5ng i veckan i s.k. friidrottsskolor. Beroende p\u00e5 plats sker antingen tr\u00e4ningen i en gymnastiksal eller i l\u00f6parg\u00e5ngen inomhus och Heleneholms IP eller lokal idrottsplats utomhus. I friidrottsskolan f\u00e5r barnen prova [&hellip;] <a href=\"https:\/\/heleneholmsif.se\/friidrott\/traning\/friidrottskola\/\" class=\"readmore\">L\u00e4s mer<i class=\"icon-forward\"><\/i><\/a><\/p>\n","protected":false},"author":9,"featured_media":0,"parent":12,"menu_order":0,"comment_status":"closed","ping_status":"closed","template":"","meta":{"_mi_skip_tracking":false,"footnotes":""},"class_list":["post-212","page","type-page","status-publish","hentry"],"_links":{"self":[{"href":"https:\/\/heleneholmsif.se\/friidrott\/wp-json\/wp\/v2\/pages\/212","targetHints":{"allow":["GET"]}}],"collection":[{"href":"https:\/\/heleneholmsif.se\/friidrott\/wp-json\/wp\/v2\/pages"}],"about":[{"href":"https:\/\/heleneholmsif.se\/friidrott\/wp-json\/wp\/v2\/types\/page"}],"author":[{"embeddable":true,"href":"https:\/\/heleneholmsif.se\/friidrott\/wp-json\/wp\/v2\/users\/9"}],"replies":[{"embeddable":true,"href":"https:\/\/heleneholmsif.se\/friidrott\/wp-json\/wp\/v2\/comments?post=212"}],"version-history":[{"count":60,"href":"https:\/\/heleneholmsif.se\/friidrott\/wp-json\/wp\/v2\/pages\/212\/revisions"}],"predecessor-version":[{"id":3919,"href":"https:\/\/heleneholmsif.se\/friidrott\/wp-json\/wp\/v2\/pages\/212\/revisions\/3919"}],"up":[{"embeddable":true,"href":"https:\/\/heleneholmsif.se\/friidrott\/wp-json\/wp\/v2\/pages\/12"}],"wp:attachment":[{"href":"https:\/\/heleneholmsif.se\/friidrott\/wp-json\/wp\/v2\/media?parent=212"}],"curies":[{"name":"wp","href":"https:\/\/api.w.org\/{rel}","templated":true}]}}