{"id":214,"date":"2016-11-11T09:57:21","date_gmt":"2016-11-11T08:57:21","guid":{"rendered":"http:\/\/heleneholmsif.se\/friidrott\/?page_id=214"},"modified":"2025-01-07T12:28:30","modified_gmt":"2025-01-07T11:28:30","slug":"traningsgrupper","status":"publish","type":"page","link":"https:\/\/heleneholmsif.se\/friidrott\/traning\/traningsgrupper\/","title":{"rendered":"Tr\u00e4ningsgrupper"},"content":{"rendered":"<p>H\u00e4r hittar du information om v\u00e5ra tr\u00e4ningsgrupper. Du kan g\u00f6ra en nyanm\u00e4lan genom att klicka p\u00e5 den dag eller grupp som \u00e4r du intresserad av. Vill du tr\u00e4na flera dagar eller i olika grupper brukar detta inte vara n\u00e5gra problem s\u00e5 l\u00e4nge en grupp inte \u00e4r fullbokad, v\u00e4lj i s\u00e5 fall i nyanm\u00e4lan menyn den grupp som \u00e4r mest relevant. Har du fr\u00e5gor om v\u00e5r verksamhet g\u00e5r det bra att ringa kansliet p\u00e5 040- 19 42 20 eller <a href=\"mailto:sebastian@heleneholmsif.se\">maila hit.<\/a><\/p>\n<p><strong>Behov av fler ledare f\u00f6r att starta nya friidrottsgrupper<\/strong><br \/>M\u00e5nga av v\u00e5ra grupper b\u00f6rjar f\u00e5 ont om platser. F\u00f6r att kunna starta upp fler grupper beh\u00f6ver vi f\u00e5 in nya ledare. Om du skulle vilja vara intresserad av att ledare f\u00f6r en grupp antingen p\u00e5 v\u00e5ra existerande omr\u00e5den eller i n\u00e5got n\u00e4romr\u00e5de, h\u00f6r g\u00e4rna av dig till oss <a href=\"mailto:kansli@heleneholmsif.se\">kansli@heleneholmsif.se<\/a> F\u00f6reningen st\u00e5r f\u00f6r utbildningskostnad m.m.<\/p>\n<h1><a href=\"https:\/\/sportadmin.se\/form\/form.asp?ID=%7b116C7ACF-F6BA-452A-A429-BE9635F3CBBE%7d\" target=\"_blank\" rel=\"noopener\"><strong>Anm\u00e4lan till v\u00e5ra grupper g\u00f6rs h\u00e4r!<\/strong><\/a><\/h1>\n<h2><span style=\"color: #ff0000;\">Friidrottsskolor<\/span><\/h2>\n<table style=\"height: 273px;\" width=\"1003\">\n<tbody>\n<tr>\n<td width=\"180\"><strong>Dag<\/strong><\/td>\n<td width=\"93\"><strong>F\u00f6dda<\/strong><\/td>\n<td width=\"99\"><strong>Tid<\/strong><\/td>\n<td width=\"146\"><strong>Plats<\/strong><\/td>\n<td width=\"101\"><strong>Tr\u00e4nare<\/strong><\/td>\n<\/tr>\n<tr>\n<td width=\"180\">\n<p>M\u00e5ndag<\/p>\n<hr \/>\n<p>M\u00e5ndag<\/p>\n<\/td>\n<td width=\"93\">\n<p>2017-2019<\/p>\n<hr \/>\n<p>2015-2016<\/p>\n<\/td>\n<td width=\"99\">\n<p>17:00 -18:00<\/p>\n<hr \/>\n<p><span style=\"font-size: revert; font-family: inherit; font-weight: inherit; color: initial;\">18:00 &#8211; 19:00<\/span><\/p>\n<\/td>\n<td width=\"146\">\n<p>Malm\u00f6 stadion-L\u00f6parg\u00e5ngen<br \/>\/Heleneholms IP<\/p>\n<hr \/>\n<p>Malm\u00f6 stadion-L\u00f6parg\u00e5ngen<br \/>\/Heleneholms IP<\/p>\n<\/td>\n<td width=\"101\">\n<p>\u00a0<\/p>\n<p>Linuz &amp; Linnea<\/p>\n<hr \/>\n<p>Kim, Lena &amp; Fredrik<\/p>\n<\/td>\n<\/tr>\n<tr>\n<td width=\"180\">Tisdag<\/td>\n<td width=\"93\">2014-2018<\/td>\n<td width=\"99\">17:00 \u2013 18:00<\/td>\n<td width=\"146\">Malm\u00f6 stadion\/L\u00f6parg\u00e5ngen<\/td>\n<td width=\"101\">\u00a0Lovis &amp; Selma<\/td>\n<\/tr>\n<tr>\n<td width=\"180\">Tisdag<\/td>\n<td width=\"93\">2017-2018<\/td>\n<td width=\"99\">18:00 \u2013 19:15<\/td>\n<td width=\"146\">Tingdammsskolan<\/td>\n<td width=\"101\">Emilia &amp; Noelia<\/td>\n<\/tr>\n<tr>\n<td width=\"180\">Onsdag<br \/><hr \/>Torsdag<\/td>\n<td width=\"93\">\n<p>2015-2018<\/p>\n<hr \/>\n<p>2015-2019<\/p>\n<\/td>\n<td width=\"99\">\n<p>17:45 \u2013 19:15<\/p>\n<hr \/>\n<p>17:00-18:00<\/p>\n<\/td>\n<td width=\"146\">\n<p>Malm\u00f6 stadion-L\u00f6parg\u00e5ngen<br \/><span style=\"font-size: revert; font-family: inherit; font-weight: inherit; color: initial;\">\/Heleneholms IP<\/span><\/p>\n<hr \/>\n<p>Malm\u00f6 stadion-L\u00f6parg\u00e5ngen<br \/><span style=\"font-size: revert; font-family: inherit; font-weight: inherit; color: initial;\">\/Heleneholms IP<\/span><\/p>\n<\/td>\n<td width=\"101\">\n<p>Emelie &amp; Linuz<\/p>\n<hr \/>\n<p>Ylva, Alicia &amp; Lovis<\/p>\n<\/td>\n<\/tr>\n<tr>\n<td width=\"180\">L\u00f6rdag<\/td>\n<td width=\"93\">2014-2018<\/td>\n<td width=\"99\">10:00 \u2013 11:30<\/td>\n<td width=\"146\">Malm\u00f6 stadion\/Atleticum<\/td>\n<td width=\"101\">Matilda &amp; Olivia<\/td>\n<\/tr>\n<\/tbody>\n<\/table>\n<h2><span style=\"color: #ff0000;\"><strong>\u00c4ldre barngrupper<\/strong><\/span><\/h2>\n<table style=\"height: 335px;\" width=\"997\">\n<tbody>\n<tr>\n<td width=\"180\"><strong>Dag<\/strong><\/td>\n<td width=\"93\"><strong>F\u00f6dda<\/strong><\/td>\n<td width=\"99\"><strong>Tid<\/strong><\/td>\n<td width=\"146\"><strong>Plats<\/strong><\/td>\n<td width=\"101\"><strong>Tr\u00e4nare<\/strong><\/td>\n<\/tr>\n<tr>\n<td width=\"180\">M\u00e5ndag<\/td>\n<td width=\"93\">2012-2014<\/td>\n<td width=\"99\">17:45 \u2013 19:15<\/td>\n<td width=\"146\">Atleticum\/Heleneholms IP<\/td>\n<td width=\"101\">Emelie, Fredrik &amp; Sebastian<\/td>\n<\/tr>\n<tr>\n<td width=\"180\">Tisdag<\/td>\n<td width=\"93\">2012-2016<\/td>\n<td width=\"99\">18:00 \u2013 19:15<\/td>\n<td width=\"146\">Tingdammsskolan<\/td>\n<td width=\"101\">Niklas &amp; Jacquelin<\/td>\n<\/tr>\n<tr>\n<td width=\"180\">Onsdag<\/td>\n<td width=\"93\">2012-2014<\/td>\n<td width=\"99\">17:45 \u2013 19:15<\/td>\n<td width=\"146\">Atleticum\/Heleneholms IP<\/td>\n<td width=\"101\">Fredrik &amp; Sebastian<\/td>\n<\/tr>\n<tr>\n<td width=\"180\">L\u00f6rdag<\/td>\n<td width=\"93\">2012-2013<\/td>\n<td width=\"99\">10:00 \u2013 11:30<\/td>\n<td width=\"146\">Malm\u00f6 stadion\/Atleticum<\/td>\n<td width=\"101\">Emelie<\/td>\n<\/tr>\n<tr>\n<td width=\"180\">L\u00f6rdag<\/td>\n<td width=\"93\">2009-2011<\/td>\n<td width=\"99\">10:00 \u2013 11:30<\/td>\n<td width=\"146\">Malm\u00f6 stadion\/Atleticum<\/td>\n<td width=\"101\">Sebastian<\/td>\n<\/tr>\n<\/tbody>\n<\/table>\n<h3>\u00a0<\/h3>\n<h2><span style=\"color: #ff0000;\"><strong>Ungdomsgrupper<\/strong><\/span><\/h2>\n<table style=\"height: 274px;\" width=\"981\">\n<tbody>\n<tr>\n<td width=\"180\"><strong>Dag<\/strong><\/td>\n<td width=\"93\"><strong>F\u00f6dda<\/strong><\/td>\n<td width=\"99\"><strong>Tid<\/strong><\/td>\n<td width=\"146\"><strong>Plats<\/strong><\/td>\n<td width=\"101\"><strong>Tr\u00e4nare<\/strong><\/td>\n<\/tr>\n<tr>\n<td width=\"180\">M\u00e5ndag<\/td>\n<td width=\"93\">2006-2009<\/td>\n<td width=\"99\">17:30\u2013 19:00<\/td>\n<td width=\"146\">Malm\u00f6 stadion\/Atleticum<br \/>\/Heleneholms IP<\/td>\n<td width=\"101\">Ola<\/td>\n<\/tr>\n<tr>\n<td width=\"180\">M\u00e5ndag<\/td>\n<td width=\"93\">2010-2011<\/td>\n<td width=\"99\">17:45 \u2013 19:15<\/td>\n<td width=\"146\">Atleticum\/Heleneholms IP<\/td>\n<td width=\"101\">Andr\u00e9 &amp; Sandra<\/td>\n<\/tr>\n<tr>\n<td width=\"180\">Tisdag<\/td>\n<td width=\"93\">2006-2009<\/td>\n<td width=\"99\">18:00 \u2013 19:30<\/td>\n<td width=\"146\">Atleticum (styrka)<\/td>\n<td width=\"101\">Ola<\/td>\n<\/tr>\n<tr>\n<td width=\"180\">Onsdag<\/td>\n<td width=\"93\">2010-2011<\/td>\n<td width=\"99\">17:45 \u2013 19:15<\/td>\n<td width=\"146\">Atleticum\/Heleneholms IP<\/td>\n<td width=\"101\">Andr\u00e9 &amp; Sandra<\/td>\n<\/tr>\n<tr>\n<td width=\"180\">Torsdag<\/td>\n<td width=\"93\">2006-2009<\/td>\n<td width=\"99\">17:30 \u2013 19:00<\/td>\n<td width=\"146\">Malm\u00f6 stadion\/Atleticum\/Heleneholms IP<\/td>\n<td width=\"101\">Ola<\/td>\n<\/tr>\n<\/tbody>\n<\/table>\n<h2><strong style=\"color: #ff0000; font-size: revert;\"><br \/>\u00c4ldre grupper &#8211; greninriktning\/junior\/elit<\/strong><\/h2>\n<p><b>(Om du \u00e4r intresserad av att prova tr\u00e4na i n\u00e5gon av nedanst\u00e5ende grupper<br \/><\/b><strong><a style=\"font-weight: bold;\" href=\"mailto:sebastian@heleneholmsif.se\">kontakta kansliet<\/a> f\u00f6r exakta dagar och tider<\/strong>).<br \/>N\u00e5gra av dessa \u00e4r s.k junior\/elitgrupper vilket inneb\u00e4r att de aktiva tr\u00e4nar regelbundet och satsar mot t\u00e4vlingar. S\u00e5 en viss ambitionsniv\u00e5 i din tr\u00e4ning \u00e4r f\u00f6rv\u00e4ntad f\u00f6r att du ska trivas av att tr\u00e4na i en s\u00e5dan grupp (dock finns inga specifika resultatkrav).<\/p>\n<table style=\"height: 321px;\" width=\"865\">\n<tbody>\n<tr>\n<td width=\"180\"><strong>Dag<\/strong><\/td>\n<td width=\"93\"><strong>\u00c5lder<\/strong><\/td>\n<td width=\"99\"><strong>Tid<\/strong><\/td>\n<td width=\"146\"><strong>Plats<\/strong><\/td>\n<td width=\"101\"><strong>Tr\u00e4nare<\/strong><\/td>\n<td width=\"109\"><strong>Greninriktning<\/strong><\/td>\n<\/tr>\n<tr>\n<td rowspan=\"2\" width=\"180\">M\u00e5n, ons, tors &amp; s\u00f6n<\/td>\n<td rowspan=\"2\" width=\"93\">13 \u00e5r +<\/td>\n<td width=\"99\">M\u00e5n, ons, tors: ca 17.30-19.30<\/td>\n<td rowspan=\"2\" width=\"146\">Atleticum\/kastplanen<\/td>\n<td rowspan=\"2\" width=\"101\">Jonas<\/td>\n<td rowspan=\"2\" width=\"109\">Kastgrenar<\/td>\n<\/tr>\n<tr>\n<td width=\"99\">S\u00f6n: 11.00-13.00<\/td>\n<\/tr>\n<tr>\n<td width=\"180\">m\u00e5n, tis, ons, tors &amp; L\u00f6r<\/td>\n<td width=\"93\">16 \u00e5r+<\/td>\n<td width=\"99\">Olika dagar och tider runt 17.00-18.30<\/td>\n<td width=\"146\">Atleticum\/Malm\u00f6 Stadion\/Pildammsparken<\/td>\n<td width=\"101\">Ivan<\/td>\n<td width=\"109\">Sprint\/medeldistans<\/td>\n<\/tr>\n<\/tbody>\n<\/table>\n<h3>\u00a0<\/h3>\n<h2><span style=\"color: #ff0000;\"><strong>Veterangrupp <\/strong><\/span><span style=\"color: #ff0000;\"><strong>(60 \u00e5r+)<\/strong><\/span><\/h2>\n<table style=\"height: 100px;\" width=\"869\">\n<tbody>\n<tr>\n<td width=\"180\">Dag<\/td>\n<td width=\"93\">F\u00f6dda<\/td>\n<td width=\"99\">Tid<\/td>\n<td width=\"146\">Plats<\/td>\n<td width=\"101\">Tr\u00e4nare<\/td>\n<td width=\"109\">Greninriktning<\/td>\n<\/tr>\n<tr>\n<td width=\"180\">Tisdagar<\/td>\n<td width=\"93\">60\u00e5r+<\/td>\n<td width=\"99\">17:30-19.00<\/td>\n<td width=\"146\">Malm\u00f6 stadion \/ l\u00f6parg\u00e5ngen<\/td>\n<td width=\"101\">Barbro &amp; Helen<\/td>\n<td width=\"109\">\u00a0Allm\u00e4n fysisk tr\u00e4ning<\/td>\n<\/tr>\n<\/tbody>\n<\/table>\n\n\n<p><\/p>\n\n\n\n<p><strong><a href=\"https:\/\/sportadmin.se\/form\/form.asp?ID=%7b116C7ACF-F6BA-452A-A429-BE9635F3CBBE%7d\" target=\"_blank\" rel=\"noreferrer noopener\">Anm\u00e4lan till v\u00e5ra grupper g\u00f6rs h\u00e4r!<\/a><\/strong><\/p>\n\n\n\n<p><\/p>\n","protected":false},"excerpt":{"rendered":"<p>H\u00e4r hittar du information om v\u00e5ra tr\u00e4ningsgrupper. Du kan g\u00f6ra en nyanm\u00e4lan genom att klicka p\u00e5 den dag eller grupp som \u00e4r du intresserad av. Vill du tr\u00e4na flera dagar eller i olika grupper brukar detta inte vara n\u00e5gra problem s\u00e5 l\u00e4nge en grupp inte \u00e4r fullbokad, v\u00e4lj i s\u00e5 fall i nyanm\u00e4lan menyn den [&hellip;] <a href=\"https:\/\/heleneholmsif.se\/friidrott\/traning\/traningsgrupper\/\" class=\"readmore\">L\u00e4s mer<i class=\"icon-forward\"><\/i><\/a><\/p>\n","protected":false},"author":9,"featured_media":0,"parent":12,"menu_order":0,"comment_status":"closed","ping_status":"closed","template":"","meta":{"_mi_skip_tracking":false,"footnotes":""},"class_list":["post-214","page","type-page","status-publish","hentry"],"_links":{"self":[{"href":"https:\/\/heleneholmsif.se\/friidrott\/wp-json\/wp\/v2\/pages\/214","targetHints":{"allow":["GET"]}}],"collection":[{"href":"https:\/\/heleneholmsif.se\/friidrott\/wp-json\/wp\/v2\/pages"}],"about":[{"href":"https:\/\/heleneholmsif.se\/friidrott\/wp-json\/wp\/v2\/types\/page"}],"author":[{"embeddable":true,"href":"https:\/\/heleneholmsif.se\/friidrott\/wp-json\/wp\/v2\/users\/9"}],"replies":[{"embeddable":true,"href":"https:\/\/heleneholmsif.se\/friidrott\/wp-json\/wp\/v2\/comments?post=214"}],"version-history":[{"count":120,"href":"https:\/\/heleneholmsif.se\/friidrott\/wp-json\/wp\/v2\/pages\/214\/revisions"}],"predecessor-version":[{"id":4265,"href":"https:\/\/heleneholmsif.se\/friidrott\/wp-json\/wp\/v2\/pages\/214\/revisions\/4265"}],"up":[{"embeddable":true,"href":"https:\/\/heleneholmsif.se\/friidrott\/wp-json\/wp\/v2\/pages\/12"}],"wp:attachment":[{"href":"https:\/\/heleneholmsif.se\/friidrott\/wp-json\/wp\/v2\/media?parent=214"}],"curies":[{"name":"wp","href":"https:\/\/api.w.org\/{rel}","templated":true}]}}