{"id":216,"date":"2016-11-11T09:59:12","date_gmt":"2016-11-11T08:59:12","guid":{"rendered":"http:\/\/heleneholmsif.se\/friidrott\/?page_id=216"},"modified":"2023-03-22T23:51:05","modified_gmt":"2023-03-22T22:51:05","slug":"tranare-och-ledare","status":"publish","type":"page","link":"https:\/\/heleneholmsif.se\/friidrott\/traning\/tranare-och-ledare\/","title":{"rendered":"Tr\u00e4nare &amp; ledare"},"content":{"rendered":"<p>Nedan hittar du kortare information om v\u00e5ra duktiga tr\u00e4nare &amp; ledare.<\/p>\n<p><strong>Behov av fler ledare f\u00f6r att starta nya friidrottsgrupper<\/strong><br \/>\nM\u00e5nga av v\u00e5ra grupper b\u00f6rjar f\u00e5 ont om platser. F\u00f6r att kunna starta upp fler grupper beh\u00f6ver vi f\u00e5 in nya ledare. Om du skulle vilja vara intresserad av att ledare f\u00f6r en grupp antingen p\u00e5 v\u00e5ra existerande omr\u00e5den eller i n\u00e5got n\u00e4romr\u00e5de, h\u00f6r g\u00e4rna av dig till oss <a href=\"mailto:kansli@heleneholmsif.se\">kansli@heleneholmsif.se<\/a> F\u00f6reningen st\u00e5r f\u00f6r utbildningskostnad m.m.<\/p>\n<p><strong>Medeldistans<\/strong><br \/>\nIvan\u00a0 &#8211; <a href=\"mailto:Ivanpremov@hotmail.com\">Mail<\/a> &#8211; Olika dagar, Stadionomr\u00e5det<\/p>\n<p><strong>Kasttr\u00e4ning<\/strong><br \/>\nJonas &#8211; <a href=\"mailto:jonas.intek@telia.com\">Mail<\/a> &#8211; m\u00e5ndag, onsdag, torsdag &amp; l\u00f6rdagar, Stadionomr\u00e5det\/kastplan<\/p>\n<p><strong>Juniortr\u00e4nare medel\/sprint\/hopp<\/strong><br \/>\nAdrian &#8211; <a href=\"adrian.mehic@gmail.com\" target=\"_blank\" rel=\"noopener noreferrer\">Mail<\/a> &#8211; M\u00e5ndag, onsdag, fredag &amp; s\u00f6ndagar, Stadionomr\u00e5det<br \/>\nGalina &#8211; <a href=\"mailto:gali_premova@hotmail.com\">Mail<\/a> &#8211; M\u00e5ndag, onsdag, fredag &amp; s\u00f6ndagar, Stadionomr\u00e5det<\/p>\n<p><strong>Ungdomstr\u00e4nare<\/strong><br \/>\nEmelie &#8211; M\u00e5ndagar, onsdagar &amp; l\u00f6rdagar, Heleneholms IP\/Stadionomr\u00e5det<br \/>\nFredrik &#8211; M\u00e5ndagar &amp; onsdagar, Heleneholms IP \/ Stadionomr\u00e5det<br \/>\nOla\u00a0 &#8211; M\u00e5ndagar, Tisdagar och torsdagar, Heleneholms IP \/ Stadionomr\u00e5det<br \/>\nNiklas &#8211; Tisdagar, Oxie IP \/ Tingdamskolan<br \/>\nSandra &#8211; M\u00e5ndagar &amp; onsdagar , Heleneholms IP \/ Atleticum<br \/>\nAndr\u00e9 &#8211; M\u00e5ndagar &amp; onsdagar , Heleneholms IP \/ Atleticum<br \/>\nMaria K &#8211; Onsdagar, Heleneholms IP \/ Atleticum<br \/>\nSebastian P &#8211; Onsdagar, L\u00f6rdagar, Heleneholms IP \/ Atleticum &amp; Malm\u00f6 stadion \/ Atleticum<br \/>\nViktor A K &#8211; l\u00f6rdagar, Malm\u00f6 stadion \/ Atleticum<\/p>\n<p><b>Friidrottsskola<\/b><strong>\u00a0tr\u00e4nare<br \/>\n<\/strong>Vega A K &#8211; Onsdagar &amp; l\u00f6rdagar Heleneholms IP, Malm\u00f6 stadion \/ L\u00f6parg\u00e5ngen<br \/>\nSebastian P &#8211; M\u00e5ndagar Heleneholms IP IP \/ L\u00f6parg\u00e5ngen<br \/>\nEmilia M &#8211; Tisdagar, Oxie IP \/ Tingdammskolan<br \/>\nSelma F &#8211; Tisdagar, Malm\u00f6 stadion \/ L\u00f6parg\u00e5ngen<br \/>\nLinuz &#8211; tisdagar &amp; onsdagar Heleneholms IP \/ l\u00f6parg\u00e5ngen<br \/>\nMayia M &#8211; Tisdagar, Oxie IP \/ Tingdammskolan<br \/>\nMatilda T &#8211; L\u00f6rdagar, Malm\u00f6 stadion \/ Atleticum<br \/>\nOlivia K &#8211; L\u00f6rdagar, Malm\u00f6 stadion \/ Atleticum<\/p>\n<p><strong>Racerunning<br \/>\n<\/strong>Fredrik &#8211; <a href=\"mailto:kluj5@hotmail.com\">Mail<\/a> &#8211; Tisdagar &amp; torsdagar, Heleneholms IP \/ Stadionomr\u00e5det<\/p>\n<p>Skulle du vilja bli tr\u00e4nare eller ledare f\u00f6r en tr\u00e4ningsgrupp? H\u00f6r g\u00e4rna av dig till kansliet <a href=\"mailto:kansli@heleneholmsif.se\">h\u00e4r<\/a><\/p>\n","protected":false},"excerpt":{"rendered":"<p>Nedan hittar du kortare information om v\u00e5ra duktiga tr\u00e4nare &amp; ledare. Behov av fler ledare f\u00f6r att starta nya friidrottsgrupper M\u00e5nga av v\u00e5ra grupper b\u00f6rjar f\u00e5 ont om platser. F\u00f6r att kunna starta upp fler grupper beh\u00f6ver vi f\u00e5 in nya ledare. Om du skulle vilja vara intresserad av att ledare f\u00f6r en grupp antingen [&hellip;] <a href=\"https:\/\/heleneholmsif.se\/friidrott\/traning\/tranare-och-ledare\/\" class=\"readmore\">L\u00e4s mer<i class=\"icon-forward\"><\/i><\/a><\/p>\n","protected":false},"author":9,"featured_media":0,"parent":12,"menu_order":0,"comment_status":"closed","ping_status":"closed","template":"","meta":{"_mi_skip_tracking":false,"footnotes":""},"class_list":["post-216","page","type-page","status-publish","hentry"],"_links":{"self":[{"href":"https:\/\/heleneholmsif.se\/friidrott\/wp-json\/wp\/v2\/pages\/216","targetHints":{"allow":["GET"]}}],"collection":[{"href":"https:\/\/heleneholmsif.se\/friidrott\/wp-json\/wp\/v2\/pages"}],"about":[{"href":"https:\/\/heleneholmsif.se\/friidrott\/wp-json\/wp\/v2\/types\/page"}],"author":[{"embeddable":true,"href":"https:\/\/heleneholmsif.se\/friidrott\/wp-json\/wp\/v2\/users\/9"}],"replies":[{"embeddable":true,"href":"https:\/\/heleneholmsif.se\/friidrott\/wp-json\/wp\/v2\/comments?post=216"}],"version-history":[{"count":24,"href":"https:\/\/heleneholmsif.se\/friidrott\/wp-json\/wp\/v2\/pages\/216\/revisions"}],"predecessor-version":[{"id":3910,"href":"https:\/\/heleneholmsif.se\/friidrott\/wp-json\/wp\/v2\/pages\/216\/revisions\/3910"}],"up":[{"embeddable":true,"href":"https:\/\/heleneholmsif.se\/friidrott\/wp-json\/wp\/v2\/pages\/12"}],"wp:attachment":[{"href":"https:\/\/heleneholmsif.se\/friidrott\/wp-json\/wp\/v2\/media?parent=216"}],"curies":[{"name":"wp","href":"https:\/\/api.w.org\/{rel}","templated":true}]}}