{"id":2176,"date":"2019-03-11T12:45:22","date_gmt":"2019-03-11T11:45:22","guid":{"rendered":"http:\/\/heleneholmsif.se\/friidrott\/?page_id=2176"},"modified":"2019-03-11T12:45:24","modified_gmt":"2019-03-11T11:45:24","slug":"csr-heleneholms-if","status":"publish","type":"page","link":"https:\/\/heleneholmsif.se\/friidrott\/csr-heleneholms-if\/","title":{"rendered":"CSR Heleneholms IF"},"content":{"rendered":"\n<p> I Heleneholms IF bedriver vi flera projekt d\u00e4r vi p\u00e5 olika s\u00e4tt f\u00f6rs\u00f6ka  st\u00e4rka och bidra till ett b\u00e4ttre Malm\u00f6. Som idrottsf\u00f6rening har vi  m\u00f6jlighet att g\u00f6ra stor nytta f\u00f6r staden och dess medborgare. I  dokumentet nedan finner du exempel p\u00e5 hur Heleneholms IF tar ansvar i  och utanf\u00f6r idrotten. <\/p>\n\n\n\n<p><a href=\"http:\/\/heleneholmsif.se\/wp-content\/uploads\/2019\/03\/CSR-Heleneholms-IF.pdf\" target=\"_blank\" rel=\"noreferrer noopener\">Dokument \u2013 CSR Heleneholms IF<\/a><\/p>\n","protected":false},"excerpt":{"rendered":"<p>I Heleneholms IF bedriver vi flera projekt d\u00e4r vi p\u00e5 olika s\u00e4tt f\u00f6rs\u00f6ka st\u00e4rka och bidra till ett b\u00e4ttre Malm\u00f6. Som idrottsf\u00f6rening har vi m\u00f6jlighet att g\u00f6ra stor nytta f\u00f6r staden och dess medborgare. I dokumentet nedan finner du exempel p\u00e5 hur Heleneholms IF tar ansvar i och utanf\u00f6r idrotten. Dokument \u2013 CSR Heleneholms IF<\/p>\n","protected":false},"author":9,"featured_media":0,"parent":0,"menu_order":0,"comment_status":"closed","ping_status":"closed","template":"","meta":{"_mi_skip_tracking":false,"footnotes":""},"class_list":["post-2176","page","type-page","status-publish","hentry"],"_links":{"self":[{"href":"https:\/\/heleneholmsif.se\/friidrott\/wp-json\/wp\/v2\/pages\/2176","targetHints":{"allow":["GET"]}}],"collection":[{"href":"https:\/\/heleneholmsif.se\/friidrott\/wp-json\/wp\/v2\/pages"}],"about":[{"href":"https:\/\/heleneholmsif.se\/friidrott\/wp-json\/wp\/v2\/types\/page"}],"author":[{"embeddable":true,"href":"https:\/\/heleneholmsif.se\/friidrott\/wp-json\/wp\/v2\/users\/9"}],"replies":[{"embeddable":true,"href":"https:\/\/heleneholmsif.se\/friidrott\/wp-json\/wp\/v2\/comments?post=2176"}],"version-history":[{"count":1,"href":"https:\/\/heleneholmsif.se\/friidrott\/wp-json\/wp\/v2\/pages\/2176\/revisions"}],"predecessor-version":[{"id":2178,"href":"https:\/\/heleneholmsif.se\/friidrott\/wp-json\/wp\/v2\/pages\/2176\/revisions\/2178"}],"wp:attachment":[{"href":"https:\/\/heleneholmsif.se\/friidrott\/wp-json\/wp\/v2\/media?parent=2176"}],"curies":[{"name":"wp","href":"https:\/\/api.w.org\/{rel}","templated":true}]}}