{"id":257,"date":"2016-11-14T14:43:13","date_gmt":"2016-11-14T13:43:13","guid":{"rendered":"http:\/\/heleneholmsif.se\/friidrott\/?page_id=257"},"modified":"2023-08-17T23:38:45","modified_gmt":"2023-08-17T21:38:45","slug":"traningsplatser","status":"publish","type":"page","link":"https:\/\/heleneholmsif.se\/friidrott\/traning\/traningsplatser\/","title":{"rendered":"Tr\u00e4ningsplatser"},"content":{"rendered":"<p>Helneholms friidrott bedriver just nu verksamhet p\u00e5 fyra platser i Malm\u00f6. Under utomhusperioden (maj-september)\u00a0 sker fr\u00e4mst barn och ungdomstr\u00e4ningen p\u00e5 Heleneholms IP som har nyrenoverade banor medan de \u00e4ldre ibland ocks\u00e5 k\u00f6r p\u00e5 Malm\u00f6 stadion.r.<\/p>\n<p>Inomhus, fr\u00e4mst vintertid (oktober-april) bedrivs st\u00f6rre delen av v\u00e5r verksamhet i inomhushallen Atleticum, d\u00e4r det finns rundbanor p\u00e5 200m. N\u00e5gra av de yngre tr\u00e4ningsgrupperna k\u00f6r i l\u00f6parg\u00e5ngen inuti Malm\u00f6 stadion som \u00e4ven denna hall har f\u00e5tt helt nyrenoverade banor n\u00e4r Malm\u00f6 stadion byggdes om. Nedan finner du bilder och adress till respektive tr\u00e4ningsplatser, klicka p\u00e5 bilderna f\u00f6r st\u00f6rre format.<\/p>\n<h1>Utomhus<\/h1>\n<p><a href=\"https:\/\/goo.gl\/maps\/jkE7fhL1oG32\">Heleneholms IP<\/a><\/p>\n<figure id=\"attachment_1168\" class=\"alignnone\" style=\"width: 425px;\"><a data-fancybox-title=\"\" class=\"zoom-hover fb\" href=\"http:\/\/heleneholmsif.se\/friidrott\/wp-content\/uploads\/sites\/4\/2016\/11\/panorama-hip.jpg\"><img loading=\"lazy\" decoding=\"async\" class=\" wp-image-1168\" src=\"http:\/\/heleneholmsif.se\/friidrott\/wp-content\/uploads\/sites\/4\/2016\/11\/panorama-hip-364x77.jpg\" alt=\"\" width=\"425\" height=\"90\" srcset=\"https:\/\/heleneholmsif.se\/friidrott\/wp-content\/uploads\/sites\/4\/2016\/11\/panorama-hip-364x77.jpg 364w, https:\/\/heleneholmsif.se\/friidrott\/wp-content\/uploads\/sites\/4\/2016\/11\/panorama-hip-300x63.jpg 300w, https:\/\/heleneholmsif.se\/friidrott\/wp-content\/uploads\/sites\/4\/2016\/11\/panorama-hip-768x162.jpg 768w, https:\/\/heleneholmsif.se\/friidrott\/wp-content\/uploads\/sites\/4\/2016\/11\/panorama-hip-1024x216.jpg 1024w, https:\/\/heleneholmsif.se\/friidrott\/wp-content\/uploads\/sites\/4\/2016\/11\/panorama-hip-285x60.jpg 285w, https:\/\/heleneholmsif.se\/friidrott\/wp-content\/uploads\/sites\/4\/2016\/11\/panorama-hip-1180x249.jpg 1180w, https:\/\/heleneholmsif.se\/friidrott\/wp-content\/uploads\/sites\/4\/2016\/11\/panorama-hip-1920x405.jpg 1920w, https:\/\/heleneholmsif.se\/friidrott\/wp-content\/uploads\/sites\/4\/2016\/11\/panorama-hip-1140x240.jpg 1140w, https:\/\/heleneholmsif.se\/friidrott\/wp-content\/uploads\/sites\/4\/2016\/11\/panorama-hip-748x158.jpg 748w\" sizes=\"auto, (max-width: 425px) 100vw, 425px\" \/><\/a><\/figure>\n<p>\u00a0<\/p>\n<p><a href=\"https:\/\/goo.gl\/maps\/Jr4cZ46RUo92\">Malm\u00f6 Stadion<\/a><\/p>\n<figure id=\"attachment_383\" class=\"alignnone\" style=\"width: 300px;\"><a data-fancybox-title=\"Foto: Jens Ryd\u00e9n\" class=\"zoom-hover fb\" href=\"http:\/\/heleneholmsif.se\/friidrott\/wp-content\/uploads\/sites\/4\/2016\/11\/malm\u00f6stadion.jpg\"><img loading=\"lazy\" decoding=\"async\" class=\"size-medium wp-image-383\" src=\"http:\/\/heleneholmsif.se\/friidrott\/wp-content\/uploads\/sites\/4\/2016\/11\/malm\u00f6stadion-300x143.jpg\" alt=\"Foto: Jens Ryd\u00e9n\" width=\"300\" height=\"143\" srcset=\"https:\/\/heleneholmsif.se\/friidrott\/wp-content\/uploads\/sites\/4\/2016\/11\/malm\u00f6stadion-300x143.jpg 300w, https:\/\/heleneholmsif.se\/friidrott\/wp-content\/uploads\/sites\/4\/2016\/11\/malm\u00f6stadion-768x366.jpg 768w, https:\/\/heleneholmsif.se\/friidrott\/wp-content\/uploads\/sites\/4\/2016\/11\/malm\u00f6stadion.jpg 1024w, https:\/\/heleneholmsif.se\/friidrott\/wp-content\/uploads\/sites\/4\/2016\/11\/malm\u00f6stadion-126x60.jpg 126w, https:\/\/heleneholmsif.se\/friidrott\/wp-content\/uploads\/sites\/4\/2016\/11\/malm\u00f6stadion-748x356.jpg 748w, https:\/\/heleneholmsif.se\/friidrott\/wp-content\/uploads\/sites\/4\/2016\/11\/malm\u00f6stadion-364x173.jpg 364w\" sizes=\"auto, (max-width: 300px) 100vw, 300px\" \/><\/a><figcaption>Foto: Jens Ryd\u00e9n<\/figcaption><\/figure>\n<p><a href=\"https:\/\/www.google.se\/maps\/dir\/\/Lerb%C3%A4cksv%C3%A4gen+2,+238+31+Oxie\/@55.5456955,13.0946219,380m\/data=!3m1!1e3!4m8!4m7!1m0!1m5!1m1!1s0x4653a02a87d9b403:0x5d6dd193e0be54bd!2m2!1d13.0941689!2d55.54478\">Oxie IP<\/a><\/p>\n<figure id=\"attachment_2250\" class=\"alignnone\" style=\"width: 300px;\"><a data-fancybox-title=\"\" class=\"zoom-hover fb\" href=\"http:\/\/heleneholmsif.se\/friidrott\/wp-content\/uploads\/sites\/4\/2019\/05\/Oxie_idrottsplats.jpg\"><img loading=\"lazy\" decoding=\"async\" class=\" wp-image-2250 size-medium\" src=\"http:\/\/heleneholmsif.se\/friidrott\/wp-content\/uploads\/sites\/4\/2019\/05\/Oxie_idrottsplats-300x178.jpg\" alt=\"\" width=\"300\" height=\"178\" srcset=\"https:\/\/heleneholmsif.se\/friidrott\/wp-content\/uploads\/sites\/4\/2019\/05\/Oxie_idrottsplats-300x178.jpg 300w, https:\/\/heleneholmsif.se\/friidrott\/wp-content\/uploads\/sites\/4\/2019\/05\/Oxie_idrottsplats-768x456.jpg 768w, https:\/\/heleneholmsif.se\/friidrott\/wp-content\/uploads\/sites\/4\/2019\/05\/Oxie_idrottsplats-1024x607.jpg 1024w, https:\/\/heleneholmsif.se\/friidrott\/wp-content\/uploads\/sites\/4\/2019\/05\/Oxie_idrottsplats-101x60.jpg 101w, https:\/\/heleneholmsif.se\/friidrott\/wp-content\/uploads\/sites\/4\/2019\/05\/Oxie_idrottsplats-1180x700.jpg 1180w, https:\/\/heleneholmsif.se\/friidrott\/wp-content\/uploads\/sites\/4\/2019\/05\/Oxie_idrottsplats-1821x1080.jpg 1821w, https:\/\/heleneholmsif.se\/friidrott\/wp-content\/uploads\/sites\/4\/2019\/05\/Oxie_idrottsplats-1140x676.jpg 1140w, https:\/\/heleneholmsif.se\/friidrott\/wp-content\/uploads\/sites\/4\/2019\/05\/Oxie_idrottsplats-748x444.jpg 748w, https:\/\/heleneholmsif.se\/friidrott\/wp-content\/uploads\/sites\/4\/2019\/05\/Oxie_idrottsplats-364x216.jpg 364w, https:\/\/heleneholmsif.se\/friidrott\/wp-content\/uploads\/sites\/4\/2019\/05\/Oxie_idrottsplats.jpg 1920w\" sizes=\"auto, (max-width: 300px) 100vw, 300px\" \/><\/a><\/figure>\n<p>\u00a0<\/p>\n<h1>Inomhus<\/h1>\n<p><a href=\"https:\/\/goo.gl\/maps\/nmDrHdUfAKp\">Atleticum<\/a><\/p>\n<figure id=\"attachment_494\" class=\"alignnone\" style=\"width: 300px;\"><a data-fancybox-title=\"\" class=\"zoom-hover fb\" href=\"http:\/\/heleneholmsif.se\/friidrott\/wp-content\/uploads\/sites\/4\/2016\/12\/Atleticum.jpg\"><img loading=\"lazy\" decoding=\"async\" class=\"wp-image-494 size-medium\" src=\"http:\/\/heleneholmsif.se\/friidrott\/wp-content\/uploads\/sites\/4\/2016\/12\/Atleticum-300x169.jpg\" alt=\"Atleticum\" width=\"300\" height=\"169\" srcset=\"https:\/\/heleneholmsif.se\/friidrott\/wp-content\/uploads\/sites\/4\/2016\/12\/Atleticum-300x169.jpg 300w, https:\/\/heleneholmsif.se\/friidrott\/wp-content\/uploads\/sites\/4\/2016\/12\/Atleticum-768x432.jpg 768w, https:\/\/heleneholmsif.se\/friidrott\/wp-content\/uploads\/sites\/4\/2016\/12\/Atleticum-1024x576.jpg 1024w, https:\/\/heleneholmsif.se\/friidrott\/wp-content\/uploads\/sites\/4\/2016\/12\/Atleticum-107x60.jpg 107w, https:\/\/heleneholmsif.se\/friidrott\/wp-content\/uploads\/sites\/4\/2016\/12\/Atleticum-1180x664.jpg 1180w, https:\/\/heleneholmsif.se\/friidrott\/wp-content\/uploads\/sites\/4\/2016\/12\/Atleticum-1920x1080.jpg 1920w, https:\/\/heleneholmsif.se\/friidrott\/wp-content\/uploads\/sites\/4\/2016\/12\/Atleticum-1140x641.jpg 1140w, https:\/\/heleneholmsif.se\/friidrott\/wp-content\/uploads\/sites\/4\/2016\/12\/Atleticum-748x421.jpg 748w, https:\/\/heleneholmsif.se\/friidrott\/wp-content\/uploads\/sites\/4\/2016\/12\/Atleticum-364x205.jpg 364w\" sizes=\"auto, (max-width: 300px) 100vw, 300px\" \/><\/a><\/figure>\n<p><a href=\"https:\/\/goo.gl\/maps\/Jr4cZ46RUo92\">L\u00f6parg\u00e5ngen<br \/><\/a><\/p>\n<figure id=\"attachment_527\" class=\"alignnone\" style=\"width: 300px;\"><a data-fancybox-title=\"\" class=\"zoom-hover fb\" href=\"http:\/\/heleneholmsif.se\/friidrott\/wp-content\/uploads\/sites\/4\/2016\/12\/20161207_173327.jpg\"><img loading=\"lazy\" decoding=\"async\" class=\"wp-image-527 size-medium\" src=\"http:\/\/heleneholmsif.se\/friidrott\/wp-content\/uploads\/sites\/4\/2016\/12\/20161207_173327-300x169.jpg\" alt=\"L\u00f6parg\u00e5ngen\" width=\"300\" height=\"169\" srcset=\"https:\/\/heleneholmsif.se\/friidrott\/wp-content\/uploads\/sites\/4\/2016\/12\/20161207_173327-300x169.jpg 300w, https:\/\/heleneholmsif.se\/friidrott\/wp-content\/uploads\/sites\/4\/2016\/12\/20161207_173327-768x432.jpg 768w, https:\/\/heleneholmsif.se\/friidrott\/wp-content\/uploads\/sites\/4\/2016\/12\/20161207_173327-1024x576.jpg 1024w, https:\/\/heleneholmsif.se\/friidrott\/wp-content\/uploads\/sites\/4\/2016\/12\/20161207_173327-107x60.jpg 107w, https:\/\/heleneholmsif.se\/friidrott\/wp-content\/uploads\/sites\/4\/2016\/12\/20161207_173327-1180x664.jpg 1180w, https:\/\/heleneholmsif.se\/friidrott\/wp-content\/uploads\/sites\/4\/2016\/12\/20161207_173327-1920x1080.jpg 1920w, https:\/\/heleneholmsif.se\/friidrott\/wp-content\/uploads\/sites\/4\/2016\/12\/20161207_173327-1140x641.jpg 1140w, https:\/\/heleneholmsif.se\/friidrott\/wp-content\/uploads\/sites\/4\/2016\/12\/20161207_173327-748x421.jpg 748w, https:\/\/heleneholmsif.se\/friidrott\/wp-content\/uploads\/sites\/4\/2016\/12\/20161207_173327-364x205.jpg 364w\" sizes=\"auto, (max-width: 300px) 100vw, 300px\" \/><\/a><\/figure>\n<p><a href=\"https:\/\/www.google.com\/maps\/place\/Tingdammsskolan\/@55.538022,13.0804361,15z\/data=!4m12!1m6!3m5!1s0x0:0x474529e94f4bab93!2sTingdammsskolan!8m2!3d55.5351564!4d13.0844701!3m4!1s0x0:0x474529e94f4bab93!8m2!3d55.5351564!4d13.0844701\">Tingdammskolan (Oxie)<\/a><\/p>\n<figure id=\"attachment_1869\" class=\"alignnone\" style=\"width: 300px;\"><a data-fancybox-title=\"\" class=\"zoom-hover fb\" href=\"http:\/\/heleneholmsif.se\/friidrott\/traning\/traningsplatser\/tingdammsskolan\/\" rel=\"attachment wp-att-1869\"><img loading=\"lazy\" decoding=\"async\" class=\" wp-image-1869 size-medium\" src=\"http:\/\/heleneholmsif.se\/friidrott\/wp-content\/uploads\/sites\/4\/2018\/09\/Tingdammsskolan-300x170.jpg\" alt=\"\" width=\"300\" height=\"170\" srcset=\"https:\/\/heleneholmsif.se\/friidrott\/wp-content\/uploads\/sites\/4\/2018\/09\/Tingdammsskolan-300x170.jpg 300w, https:\/\/heleneholmsif.se\/friidrott\/wp-content\/uploads\/sites\/4\/2018\/09\/Tingdammsskolan-106x60.jpg 106w, https:\/\/heleneholmsif.se\/friidrott\/wp-content\/uploads\/sites\/4\/2018\/09\/Tingdammsskolan-364x206.jpg 364w, https:\/\/heleneholmsif.se\/friidrott\/wp-content\/uploads\/sites\/4\/2018\/09\/Tingdammsskolan.jpg 554w\" sizes=\"auto, (max-width: 300px) 100vw, 300px\" \/><\/a><\/figure>\n\n","protected":false},"excerpt":{"rendered":"<p>Helneholms friidrott bedriver just nu verksamhet p\u00e5 fyra platser i Malm\u00f6. Under utomhusperioden (maj-september)\u00a0 sker fr\u00e4mst barn och ungdomstr\u00e4ningen p\u00e5 Heleneholms IP som har nyrenoverade banor medan de \u00e4ldre ibland ocks\u00e5 k\u00f6r p\u00e5 Malm\u00f6 stadion.r. Inomhus, fr\u00e4mst vintertid (oktober-april) bedrivs st\u00f6rre delen av v\u00e5r verksamhet i inomhushallen Atleticum, d\u00e4r det finns rundbanor p\u00e5 200m. N\u00e5gra [&hellip;] <a href=\"https:\/\/heleneholmsif.se\/friidrott\/traning\/traningsplatser\/\" class=\"readmore\">L\u00e4s mer<i class=\"icon-forward\"><\/i><\/a><\/p>\n","protected":false},"author":9,"featured_media":0,"parent":12,"menu_order":0,"comment_status":"closed","ping_status":"closed","template":"","meta":{"_mi_skip_tracking":false,"footnotes":""},"class_list":["post-257","page","type-page","status-publish","hentry"],"_links":{"self":[{"href":"https:\/\/heleneholmsif.se\/friidrott\/wp-json\/wp\/v2\/pages\/257","targetHints":{"allow":["GET"]}}],"collection":[{"href":"https:\/\/heleneholmsif.se\/friidrott\/wp-json\/wp\/v2\/pages"}],"about":[{"href":"https:\/\/heleneholmsif.se\/friidrott\/wp-json\/wp\/v2\/types\/page"}],"author":[{"embeddable":true,"href":"https:\/\/heleneholmsif.se\/friidrott\/wp-json\/wp\/v2\/users\/9"}],"replies":[{"embeddable":true,"href":"https:\/\/heleneholmsif.se\/friidrott\/wp-json\/wp\/v2\/comments?post=257"}],"version-history":[{"count":10,"href":"https:\/\/heleneholmsif.se\/friidrott\/wp-json\/wp\/v2\/pages\/257\/revisions"}],"predecessor-version":[{"id":4012,"href":"https:\/\/heleneholmsif.se\/friidrott\/wp-json\/wp\/v2\/pages\/257\/revisions\/4012"}],"up":[{"embeddable":true,"href":"https:\/\/heleneholmsif.se\/friidrott\/wp-json\/wp\/v2\/pages\/12"}],"wp:attachment":[{"href":"https:\/\/heleneholmsif.se\/friidrott\/wp-json\/wp\/v2\/media?parent=257"}],"curies":[{"name":"wp","href":"https:\/\/api.w.org\/{rel}","templated":true}]}}