{"id":270,"date":"2016-11-14T15:30:45","date_gmt":"2016-11-14T14:30:45","guid":{"rendered":"http:\/\/heleneholmsif.se\/friidrott\/?page_id=270"},"modified":"2022-10-07T12:16:30","modified_gmt":"2022-10-07T10:16:30","slug":"arrangemang","status":"publish","type":"page","link":"https:\/\/heleneholmsif.se\/friidrott\/arrangemang\/","title":{"rendered":"Arrangemang"},"content":{"rendered":"<p>Heleneholms IF \u00e4r med och arrangerar m\u00e5nga friidrottsarranemang varje \u00e5r. I fliken till v\u00e4nster hittar du information om respektive t\u00e4vling.<\/p>\n","protected":false},"excerpt":{"rendered":"<p>Heleneholms IF \u00e4r med och arrangerar m\u00e5nga friidrottsarranemang varje \u00e5r. I fliken till v\u00e4nster hittar du information om respektive t\u00e4vling.<\/p>\n","protected":false},"author":9,"featured_media":0,"parent":0,"menu_order":0,"comment_status":"closed","ping_status":"closed","template":"","meta":{"_mi_skip_tracking":false,"footnotes":""},"class_list":["post-270","page","type-page","status-publish","hentry"],"_links":{"self":[{"href":"https:\/\/heleneholmsif.se\/friidrott\/wp-json\/wp\/v2\/pages\/270","targetHints":{"allow":["GET"]}}],"collection":[{"href":"https:\/\/heleneholmsif.se\/friidrott\/wp-json\/wp\/v2\/pages"}],"about":[{"href":"https:\/\/heleneholmsif.se\/friidrott\/wp-json\/wp\/v2\/types\/page"}],"author":[{"embeddable":true,"href":"https:\/\/heleneholmsif.se\/friidrott\/wp-json\/wp\/v2\/users\/9"}],"replies":[{"embeddable":true,"href":"https:\/\/heleneholmsif.se\/friidrott\/wp-json\/wp\/v2\/comments?post=270"}],"version-history":[{"count":2,"href":"https:\/\/heleneholmsif.se\/friidrott\/wp-json\/wp\/v2\/pages\/270\/revisions"}],"predecessor-version":[{"id":284,"href":"https:\/\/heleneholmsif.se\/friidrott\/wp-json\/wp\/v2\/pages\/270\/revisions\/284"}],"wp:attachment":[{"href":"https:\/\/heleneholmsif.se\/friidrott\/wp-json\/wp\/v2\/media?parent=270"}],"curies":[{"name":"wp","href":"https:\/\/api.w.org\/{rel}","templated":true}]}}