{"id":293,"date":"2016-11-14T16:00:16","date_gmt":"2016-11-14T15:00:16","guid":{"rendered":"http:\/\/heleneholmsif.se\/friidrott\/?page_id=293"},"modified":"2024-01-19T15:37:46","modified_gmt":"2024-01-19T14:37:46","slug":"tavlingskalender","status":"publish","type":"page","link":"https:\/\/heleneholmsif.se\/friidrott\/tavling\/tavlingskalender\/","title":{"rendered":"T\u00e4vlingskalender"},"content":{"rendered":"<p>H\u00e4r hittar du t\u00e4vlingskalender f\u00f6r kommande friidrottst\u00e4vlingar i n\u00e4romr\u00e5det samt st\u00f6rre t\u00e4vlingar nationellt.<\/p>\n<p>Det g\u00e5r bra att anm\u00e4la sig sj\u00e4lv direkt p\u00e5 t\u00e4vlingens sida s\u00e5 l\u00e4nge detta g\u00f6rs inom anm\u00e4lningsgr\u00e4nsen. P\u00e5\u00a0 friidrottst\u00e4vlingar st\u00e5r klubben f\u00f6r anm\u00e4lningsavgiften. Beh\u00f6ver du hj\u00e4lp med anm\u00e4lan kan du kontakta <a href=\"mailto:andre@heleneholmsif.se\">h\u00e4r<\/a>.<\/p>\n<h1>Kommande lokala t\u00e4vlingar<br \/>\nutomhuss\u00e4songen 2023<\/h1>\n<p>De allra flesta t\u00e4vlingar som arrangeras i Sk\u00e5ne ligger under t\u00e4vlingssidan &#8221;<a href=\"https:\/\/easyrecord.se\/\">Easyrecord.se<\/a>&#8221;. \u00d6vriga t\u00e4vlingar som inte hittas h\u00e4r hittas fr\u00e4mst <a href=\"https:\/\/www.trackandfield.se\/\">trackandfield<\/a> &amp; <a href=\"https:\/\/www.friidrottsanmalan.se\/\">friidrottsanm\u00e4lan<\/a><\/p>\n<p>\u00d6vriga t\u00e4vlingar hittar du <a href=\"http:\/\/www.friidrott.se\/tavling\/program.aspx\">h\u00e4r!<\/a><\/p>\n","protected":false},"excerpt":{"rendered":"<p>H\u00e4r hittar du t\u00e4vlingskalender f\u00f6r kommande friidrottst\u00e4vlingar i n\u00e4romr\u00e5det samt st\u00f6rre t\u00e4vlingar nationellt. Det g\u00e5r bra att anm\u00e4la sig sj\u00e4lv direkt p\u00e5 t\u00e4vlingens sida s\u00e5 l\u00e4nge detta g\u00f6rs inom anm\u00e4lningsgr\u00e4nsen. P\u00e5\u00a0 friidrottst\u00e4vlingar st\u00e5r klubben f\u00f6r anm\u00e4lningsavgiften. Beh\u00f6ver du hj\u00e4lp med anm\u00e4lan kan du kontakta h\u00e4r. Kommande lokala t\u00e4vlingar utomhuss\u00e4songen 2023 De allra flesta t\u00e4vlingar som [&hellip;] <a href=\"https:\/\/heleneholmsif.se\/friidrott\/tavling\/tavlingskalender\/\" class=\"readmore\">L\u00e4s mer<i class=\"icon-forward\"><\/i><\/a><\/p>\n","protected":false},"author":9,"featured_media":0,"parent":14,"menu_order":0,"comment_status":"closed","ping_status":"closed","template":"","meta":{"_mi_skip_tracking":false,"footnotes":""},"class_list":["post-293","page","type-page","status-publish","hentry"],"_links":{"self":[{"href":"https:\/\/heleneholmsif.se\/friidrott\/wp-json\/wp\/v2\/pages\/293","targetHints":{"allow":["GET"]}}],"collection":[{"href":"https:\/\/heleneholmsif.se\/friidrott\/wp-json\/wp\/v2\/pages"}],"about":[{"href":"https:\/\/heleneholmsif.se\/friidrott\/wp-json\/wp\/v2\/types\/page"}],"author":[{"embeddable":true,"href":"https:\/\/heleneholmsif.se\/friidrott\/wp-json\/wp\/v2\/users\/9"}],"replies":[{"embeddable":true,"href":"https:\/\/heleneholmsif.se\/friidrott\/wp-json\/wp\/v2\/comments?post=293"}],"version-history":[{"count":80,"href":"https:\/\/heleneholmsif.se\/friidrott\/wp-json\/wp\/v2\/pages\/293\/revisions"}],"predecessor-version":[{"id":4153,"href":"https:\/\/heleneholmsif.se\/friidrott\/wp-json\/wp\/v2\/pages\/293\/revisions\/4153"}],"up":[{"embeddable":true,"href":"https:\/\/heleneholmsif.se\/friidrott\/wp-json\/wp\/v2\/pages\/14"}],"wp:attachment":[{"href":"https:\/\/heleneholmsif.se\/friidrott\/wp-json\/wp\/v2\/media?parent=293"}],"curies":[{"name":"wp","href":"https:\/\/api.w.org\/{rel}","templated":true}]}}