{"id":299,"date":"2016-11-15T09:03:45","date_gmt":"2016-11-15T08:03:45","guid":{"rendered":"http:\/\/heleneholmsif.se\/friidrott\/?page_id=299"},"modified":"2024-08-12T22:33:24","modified_gmt":"2024-08-12T20:33:24","slug":"resultat","status":"publish","type":"page","link":"https:\/\/heleneholmsif.se\/friidrott\/resultat-statistik\/resultat\/","title":{"rendered":"Resultat"},"content":{"rendered":"<p>Under denna meny hittar du senaste resultaten fr\u00e5n arrangemang anordnade av Heleneholms IF<\/p>\n<h1>2024<\/h1>\n<p><strong>Utomhuss\u00e4songen<br \/>\n<\/strong><\/p>\n<p><a href=\"https:\/\/easyrecord.se\/result?e302UU\">Kast p\u00e5 kastplan t\u00e4vling #6 &#8211; 8 augusti<\/a><br \/>\n<a href=\"https:\/\/easyrecord.se\/result?lMDNN\">Kast p\u00e5 kastplan t\u00e4vling #5 <strong>&#8211; <\/strong>1 augusti<\/a><br \/>\n<a href=\"https:\/\/easyrecord.se\/result?FWkOnn\">Kast p\u00e5 kastplan t\u00e4vling #4 &#8211; 25 juli<\/a><br \/>\n<a href=\"https:\/\/easyrecord.se\/result?GL12zz\">Kast p\u00e5 kastplan t\u00e4vling #3 &#8211; 27 juni<\/a><br \/>\n<a href=\"https:\/\/easyrecord.se\/result?7YmcPP\">Kast p\u00e5 kastplan t\u00e4vling #2 &#8211; 20 juni<\/a><br \/>\n<a href=\"https:\/\/easyrecord.se\/result?qhZHOO\">Veteran skM kastm\u00e5ngkamp &#8211; 15 juni<\/a><br \/>\n<a href=\"https:\/\/easyrecord.se\/result?NkL2CC\">Kast p\u00e5 kastplan t\u00e4vling #1 &#8211; 13 juni<\/a><br \/>\n<a href=\"https:\/\/easyrecord.se\/result?EMuPuu\">Veteran skM Spjut &amp; Vikt &#8211; 28 maj<\/a><strong><br \/>\n<\/strong><a href=\"https:\/\/easyrecord.se\/result?tACgPP\">Veteran skM sl\u00e4gga &#8211; 21 maj<\/a><\/p>\n<p><strong>Inomhuss\u00e4ongen<br \/>\n<\/strong><a href=\"https:\/\/easyrecord.se\/result?k2Q544\">Atleticumspelen med DM &#8211;\u00a0 10-11 februari<\/a><strong><br \/>\n<\/strong><a href=\"https:\/\/easyrecord.se\/result?ohTUkk\">Pallasspelen &#8211; 27-28 januari<\/a><\/p>\n<h1>2023<\/h1>\n<p><strong>Utomhuss\u00e4songen<\/strong><\/p>\n<p><a href=\"https:\/\/easyrecord.se\/result?Wy3Xbb\">Heleneholmsspelen &#8211; 24 september<\/a><br \/>\n<a href=\"https:\/\/easyrecord.se\/result?31ob44\">Kast p\u00e5 kastplan t\u00e4vling #7<\/a> &#8211; 24 september<br \/>\n<a href=\"https:\/\/easyrecord.se\/result?wXVUxx\">Heleneholmshoppet #2<\/a><br \/>\n<a href=\"https:\/\/easyrecord.se\/result?r-ZM88\">Heleneholmshoppet #1<\/a><br \/>\n<a href=\"https:\/\/easyrecord.se\/result?yRU7VV\">Veteran skM 1500m &#8211; 15 augusti<\/a><br \/>\n<a href=\"https:\/\/easyrecord.se\/result?WGV966\">Veteran skM spjut &amp; vikt &#8211; 15 augusti<\/a><br \/>\n<a href=\"https:\/\/easyrecord.se\/result?M9Vsmm\">Veteran skM sl\u00e4gga &#8211; 8 augusti<\/a><br \/>\n<a href=\"https:\/\/easyrecord.se\/result?SKM5nn\">Kast p\u00e5 kastplan t\u00e4vling #6<\/a> &#8211; 3 augusti<br \/>\n<a href=\"https:\/\/easyrecord.se\/result?-TDXII\">Kast p\u00e5 kastplan t\u00e4vling #5<\/a> &#8211; 27 juli<br \/>\n<a href=\"https:\/\/easyrecord.se\/result?UF4Vyy\">Kast p\u00e5 kastplan t\u00e4vling #4<\/a> &#8211; 20 juli<br \/>\n<a href=\"https:\/\/easyrecord.se\/result?N36evv\">Kast p\u00e5 kastplan t\u00e4vling #3<\/a> &#8211; 29 juni<br \/>\n<a href=\"https:\/\/easyrecord.se\/result?APpBXX\">Kast p\u00e5 kastplan t\u00e4vling #2 &#8211;<\/a> 22 juni<br \/>\n<a href=\"https:\/\/easyrecord.se\/result?BsE7GG\">Kast p\u00e5 kastplan t\u00e4vling #1<\/a> &#8211; 16 juni<\/p>\n<p><strong>Inomhuss\u00e4songen<\/strong><\/p>\n<p><a href=\"https:\/\/heleneholmsif.se\/wp-content\/uploads\/2023\/02\/230219-Malmo%CC%88-Heleneholmskastet-1.pdf\">Heleneholmskastet #1<\/a> &#8211; 19 februari<br \/>\n<a href=\"https:\/\/easyrecord.se\/result?VViAYY\">Pallasspelen 11-12 februari<\/a><br \/>\n<a href=\"https:\/\/easyrecord.se\/result?Yo7vCC\">Atleticumspelen 28-29 januari<\/a><br \/>\n<a href=\"https:\/\/easyrecord.se\/result?YrzNuu\">Julchansen &#8211; 3 december<\/a><\/p>\n<h1>2022<\/h1>\n<p><strong>Utomhuss\u00e4songen<br \/>\n<\/strong><\/p>\n<p><a href=\"https:\/\/heleneholmsif.se\/wp-content\/uploads\/2022\/07\/220707-Malmo\u0308-Heleneholmskastet-4.pdf\">Heleneholmskastet #4<\/a> &#8211; 7 juli<br \/>\n<a href=\"https:\/\/heleneholmsif.se\/wp-content\/uploads\/2022\/07\/220630-Malmo\u0308-Heleneholmskastet-3.pdf\">Heleneholmskastet #3<\/a> &#8211; 30 juni<br \/>\n<a href=\"https:\/\/heleneholmsif.se\/wp-content\/uploads\/2022\/06\/220623-Malmo\u0308-Heleneholmskastet-2.pdf\">Heleneholmskastet #2<\/a> &#8211; 23 juni<br \/>\n<a href=\"https:\/\/heleneholmsif.se\/wp-content\/uploads\/2022\/06\/220618-Malmo\u0308-Heleneholmskastet-1.pdf\">Heleneholmskastet #1 VDM spjut &amp; sl\u00e4gga<\/a> &#8211; 18 juni<\/p>\n<p><strong>Inomhuss\u00e4songen<\/strong><\/p>\n<p><a href=\"https:\/\/easyrecord.se\/result?2V9bOO\">Pallasspelen 12-13 februari<\/a><br \/>\n<a href=\"https:\/\/easyrecord.se\/result?CQ0LL\">Julchansen 3 december<\/a><\/p>\n<h1>2021<\/h1>\n<p><strong>Utomhuss\u00e4songen<\/strong><\/p>\n<p><a href=\"https:\/\/heleneholmsif.se\/wp-content\/uploads\/2021\/09\/210926-Malmo-Heleneholmskastet-11.pdf\">Heleneholmskastet #11 <\/a>+ <a href=\"https:\/\/heleneholmsif.se\/wp-content\/uploads\/2021\/09\/210926-Malmo-Castorama.pdf\">Castorama<\/a> &#8211; 26 september<\/p>\n<p><a href=\"https:\/\/heleneholmsif.se\/wp-content\/uploads\/2021\/09\/210925-Malmo-VDM-vikt-och-spjut.pdf\">VMD vikt + spjut 25 september<\/a><\/p>\n<p><a href=\"http:\/\/heleneholmsif.se\/wp-content\/uploads\/2021\/09\/210922-Malmo-Heleneholmskastet-10.pdf\">Heleneholmskastet #10 p\u00e5 kastplanen<\/a> + <a href=\"http:\/\/heleneholmsif.se\/wp-content\/uploads\/2021\/09\/210922-Malmo-Heleneholmskastet-10-Castorama-1.pdf\">Castorama<\/a> &#8211; 22 september<\/p>\n<p><a href=\"http:\/\/heleneholmsif.se\/wp-content\/uploads\/2021\/09\/210915-Malmo\u0308-Heleneholmskastet-9.pdf\">Heleneholmskastet #9 p\u00e5 kastplanen &#8211; 15 september<\/a><\/p>\n<p><a href=\"http:\/\/heleneholmsif.se\/friidrott\/wp-content\/uploads\/sites\/4\/2021\/09\/210908-Malmo-Heleneholmskastet-8.pdf\">Heleneholmskastet #8 p\u00e5 kastplanen &#8211; 8 september<\/a><\/p>\n<p><a href=\"http:\/\/heleneholmsif.se\/friidrott\/wp-content\/uploads\/sites\/4\/2021\/08\/210811-Malmo%CC%88-Heleneholmskastet-7.pdf\">Heleneholmskastet #7 p\u00e5 kastplanen &#8211; 11 augusti<\/a><\/p>\n<p><a href=\"http:\/\/heleneholmsif.se\/friidrott\/wp-content\/uploads\/sites\/4\/2021\/08\/210804-Malmo\u0308-Heleneholmskastet-6.pdf\">Heleneholmskastet #6 p\u00e5 kastplanen &#8211; 4 augusti<\/a><\/p>\n<p><a href=\"http:\/\/heleneholmsif.se\/friidrott\/wp-content\/uploads\/sites\/4\/2021\/07\/210704-Malmo-Heleneholmskastet-5.pdf\">Heleneholmskastet #5 p\u00e5 kastplanen &#8211; 4 juli\u00a0<\/a><\/p>\n<p><a href=\"http:\/\/heleneholmsif.se\/friidrott\/wp-content\/uploads\/sites\/4\/2021\/06\/210627-Malmo-Heleneholmskastet-4.pdf\">Heleneholmskastet #4 p\u00e5 kastplanen &#8211; 27 juni<\/a><\/p>\n<p><a href=\"http:\/\/heleneholmsif.se\/friidrott\/wp-content\/uploads\/sites\/4\/2021\/06\/210620-Malmo\u0308-Heleneholmskastet-3.pdf\">Heleneholmskastet #3 p\u00e5 kastplanen &#8211; 20 juni<\/a><\/p>\n<p><a href=\"http:\/\/heleneholmsif.se\/friidrott\/wp-content\/uploads\/sites\/4\/2021\/06\/210613-Malmo\u0308-Heleneholmskastet-2.pdf\">Heleneholmskastet #2 p\u00e5 kastplanen &#8211; 13 juni<\/a><\/p>\n<p><a href=\"http:\/\/heleneholmsif.se\/friidrott\/wp-content\/uploads\/sites\/4\/2021\/06\/Heleneholmskastet-1-2021-06-06.pdf\">Heleneholmskastet #1 p\u00e5 kastplanen &#8211; 6 juni\u00a0<\/a><\/p>\n<p><b>Inomhuss\u00e4songen<\/b><br \/>\n<a href=\"https:\/\/easyrecord.se\/result?klP_yy\">Julchansen 27 november<\/a><\/p>\n<h1>2020<\/h1>\n<p><strong>Utomhuss\u00e4songen<\/strong><\/p>\n<p><a href=\"http:\/\/heleneholmsif.se\/friidrott\/wp-content\/uploads\/sites\/4\/2020\/09\/Castorama-2020-09-19.pdf\">Castorama<\/a> + <a href=\"http:\/\/heleneholmsif.se\/friidrott\/wp-content\/uploads\/sites\/4\/2020\/09\/Heleneholmskastet-12-2020-09-19.pdf\">kastt\u00e4vling<\/a> &#8211; 19 september<br \/>\n<a href=\"http:\/\/heleneholmsif.se\/friidrott\/wp-content\/uploads\/sites\/4\/2020\/09\/Castorama-2020-09-13.pdf\">Castorama<\/a> + <a href=\"http:\/\/heleneholmsif.se\/friidrott\/wp-content\/uploads\/sites\/4\/2020\/09\/Heleneholmskastet-11-2020-09-13.pdf\">kasttt\u00e4vling<\/a> &#8211; 13 september<br \/>\n<a href=\"http:\/\/heleneholmsif.se\/friidrott\/wp-content\/uploads\/sites\/4\/2020\/08\/Malm\u00f6-Heleneholmskastet-10-2020-08-15.pdf\">kastt\u00e4vling p\u00e5 kastplanen &#8211; 15 augusti<\/a><strong><br \/>\n<\/strong><a href=\"http:\/\/heleneholmsif.se\/friidrott\/wp-content\/uploads\/sites\/4\/2020\/08\/Malm\u00f6-Heleneholmskastet-9-2020-08-01.pdf\">Kastt\u00e4vling p\u00e5 kastplanen &#8211; 1 augusti<\/a><br \/>\n<a href=\"http:\/\/heleneholmsif.se\/friidrott\/wp-content\/uploads\/sites\/4\/2020\/07\/Malm\u00f6-Heleneholmskastet-8-2020-07-25.pdf\">Kastt\u00e4vling p\u00e5 kastplanen &#8211; 25 juli<\/a><br \/>\n<a href=\"http:\/\/heleneholmsif.se\/friidrott\/wp-content\/uploads\/sites\/4\/2020\/07\/Malm\u00f6-Heleneholmskastet-7-2020-07-11.pdf\">Kastt\u00e4vling p\u00e5 kastplanen &#8211; 11 juli<\/a><br \/>\n<a href=\"http:\/\/heleneholmsif.se\/friidrott\/wp-content\/uploads\/sites\/4\/2020\/07\/Malm\u00f6-Heleneholmskastet-6-2020-07-04.pdf\">Kastt\u00e4vling p\u00e5 kastplanen &#8211; 4 juli<\/a><br \/>\n<a href=\"http:\/\/heleneholmsif.se\/friidrott\/wp-content\/uploads\/sites\/4\/2020\/06\/Heleneholmskastet-5-2020-06-14.pdf\">Kastt\u00e4vling p\u00e5 kastplanen &#8211; 14 juni<\/a><br \/>\n<a href=\"http:\/\/heleneholmsif.se\/friidrott\/wp-content\/uploads\/sites\/4\/2020\/06\/Heleneholmskastet-4-2020-05-30.pdf\">Kastt\u00e4vling p\u00e5 kastplanen &#8211; 30 maj<\/a><br \/>\n<a href=\"http:\/\/heleneholmsif.se\/friidrott\/wp-content\/uploads\/sites\/4\/2020\/05\/Heleneholmskastet-3-2020-05-23.pdf\">Kastt\u00e4vling p\u00e5 kastplanen &#8211; 23 maj<\/a><br \/>\n<a href=\"http:\/\/heleneholmsif.se\/wp-content\/uploads\/2020\/05\/Heleneholmskastet-2-2020-05-09.pdf\">Kastt\u00e4vling p\u00e5 kastplanen &#8211; 9 maj<\/a><br \/>\n<a href=\"http:\/\/heleneholmsif.se\/friidrott\/wp-content\/uploads\/sites\/4\/2020\/05\/Heleneholmskastet-I-2020-05-01.pdf\">kastt\u00e4vling p\u00e5 kastplanen &#8211; 1 maj<\/a><\/p>\n<p><strong>Inomhuss\u00e4ongen<br \/>\n<\/strong><\/p>\n<p><a href=\"http:\/\/heleneholmsif.se\/friidrott\/wp-content\/uploads\/sites\/4\/2020\/02\/Atleticum-2020-02-26.pdf\">Kastt\u00e4vling 26 februari<\/a><br \/>\n<a href=\"http:\/\/heleneholmsif.se\/friidrott\/wp-content\/uploads\/sites\/4\/2020\/02\/Atleticum-2020-02-19.pdf\">Kastt\u00e4vling 19 februari<\/a><br \/>\n<a href=\"http:\/\/heleneholmsif.se\/friidrott\/wp-content\/uploads\/sites\/4\/2020\/02\/Atleticum-2020-02-12.pdf\">Kastt\u00e4vling 12 februari<\/a><br \/>\n<a href=\"https:\/\/easyrecord.se\/result?hoQSjj\">Atleticumspelen 8-9 februari<\/a><br \/>\n<a href=\"https:\/\/easyrecord.se\/result?_GpL88\">Pallasspelen 25-26 januari<\/a><br \/>\n<a href=\"https:\/\/easyrecord.se\/result?KsH7RR\">Julchansen 30 november<\/a><\/p>\n<h1>2019<\/h1>\n<p><strong>Utomhuss\u00e4songen<br \/>\n<\/strong><\/p>\n<p><a href=\"http:\/\/heleneholmsif.se\/friidrott\/wp-content\/uploads\/sites\/4\/2019\/10\/Castorama-2019-10-05.pdf\">Castorama<\/a> + <a href=\"http:\/\/heleneholmsif.se\/friidrott\/wp-content\/uploads\/sites\/4\/2019\/10\/Kastplan-Malm\u00f6-Stadion-2019-10-05.pdf\">kastt\u00e4vling<\/a> &#8211; 5 oktober<br \/>\n<a href=\"http:\/\/heleneholmsif.se\/friidrott\/wp-content\/uploads\/sites\/4\/2019\/09\/Castorama-2019-09-28.pdf\">Castorama<\/a> + <a href=\"http:\/\/heleneholmsif.se\/friidrott\/wp-content\/uploads\/sites\/4\/2019\/09\/Kastplan-Malm\u00f6-Stadion-2019-09-28.pdf\">kastt\u00e4vling<\/a> &#8211; 28 september<br \/>\n<a href=\"http:\/\/heleneholmsif.se\/friidrott\/wp-content\/uploads\/sites\/4\/2019\/09\/Castorama-2019-09-21-rev-2019-09-24.pdf\">Castorama<\/a> + <a href=\"http:\/\/heleneholmsif.se\/friidrott\/wp-content\/uploads\/sites\/4\/2019\/09\/Kastplan-Malm\u00f6-Stadion-2019-09-21.pdf\">kastt\u00e4vling<\/a> &#8211; 21 september<br \/>\n<a href=\"http:\/\/heleneholmsif.se\/wp-content\/uploads\/2019\/09\/VDM-Kastm\u00e5ngkamp-2019-09-07.pdf\">VDM kastm\u00e5ngkamp &#8211; 7 september<\/a><br \/>\n<a href=\"http:\/\/heleneholmsif.se\/friidrott\/wp-content\/uploads\/sites\/4\/2019\/08\/Kastplan-Malm\u00f6-Stadion-2019-08-07.pdf\">Kastt\u00e4vling p\u00e5 kastplanen &#8211; 7 augusti<\/a><br \/>\n<a href=\"http:\/\/heleneholmsif.se\/friidrott\/wp-content\/uploads\/sites\/4\/2019\/08\/Kastplan-Malm\u00f6-Stadion-2019-07-31.pdf\">Kastt\u00e4vling p\u00e5 kastplanen &#8211; 31 juli<\/a><br \/>\n<a href=\"http:\/\/heleneholmsif.se\/friidrott\/wp-content\/uploads\/sites\/4\/2019\/07\/Kastplan-Malm\u00f6-Stadion-2019-07-03.pdf\">Kastt\u00e4vling p\u00e5 kastplanen &#8211; 3 juli<\/a><br \/>\n<a href=\"http:\/\/heleneholmsif.se\/friidrott\/wp-content\/uploads\/sites\/4\/2019\/07\/Kastplan-Malm\u00f6-Stadion-2019-06-26-rev-2019-07-02.pdf\">VDM kula + sl\u00e4gga &amp; kastt\u00e4vling 26\/6<\/a><br \/>\n<a href=\"http:\/\/heleneholmsif.se\/friidrott\/wp-content\/uploads\/sites\/4\/2020\/01\/Kastplan-Malm\u00f6-Stadion-2019-06-19.pdf\">Kastt\u00e4vling p\u00e5 kastplanen &#8211; 19\/6<\/a><br \/>\n<a href=\"http:\/\/heleneholmsif.se\/friidrott\/wp-content\/uploads\/sites\/4\/2019\/06\/Kastplan-Malm\u00f6-Stadion-2019-06-06-VDM-Vikt-och-VDM-Spjut-Diskus.pdf\">VDM spjut &amp; diskus 6\/6<\/a><br \/>\n<a href=\"https:\/\/easyrecord.se\/result?7Hzdgg\">Heleneholms v\u00e5rt\u00e4vling 21\/5<\/a><\/p>\n<p><strong>Inomhuss\u00e4songen<\/strong><\/p>\n<p><a href=\"http:\/\/heleneholmsif.se\/friidrott\/wp-content\/uploads\/sites\/4\/2019\/03\/Atleticum-2019-02-27-rev.pdf\">Kastt\u00e4vling 27 februari <\/a>(reviderad 1 mars)<br \/>\n<a href=\"http:\/\/heleneholmsif.se\/friidrott\/wp-content\/uploads\/sites\/4\/2019\/02\/Atleticum-2019-02-20.pdf\">Kastt\u00e4vling 20 februari<\/a><br \/>\n<a href=\"http:\/\/heleneholmsif.se\/friidrott\/wp-content\/uploads\/sites\/4\/2019\/02\/Atleticum-2019-02-13.pdf\">Kastt\u00e4vling 13 februari<\/a><br \/>\n<a href=\"https:\/\/www.easyrecord.se\/result?5W2vv\">Atleticumspelen 9-10 februari<\/a><br \/>\n<a href=\"https:\/\/www.easyrecord.se\/result?CygvII\">Pallasspelen 26-27 januari<\/a><br \/>\n<a href=\"https:\/\/www.easyrecord.se\/result?RGSA66\">Julchansen 1 december<\/a> + <a href=\"http:\/\/heleneholmsif.se\/friidrott\/wp-content\/uploads\/sites\/4\/2018\/12\/Resultat-prova-p\u00e5-t\u00e4vling-1-december-2018-v2.pdf\">Prova p\u00e5<\/a> (2018)<\/p>\n<h1><\/h1>\n<h1>2018<\/h1>\n<p><strong>Utomhuss\u00e4songen<\/strong><\/p>\n<p><a href=\"http:\/\/heleneholmsif.se\/wp-content\/uploads\/2018\/10\/Kastplan-Malm\u00f6-Stadion-2018-10-20.pdf\">Kastt\u00e4vling &#8211; 20 oktober<\/a><\/p>\n<p><a href=\"http:\/\/heleneholmsif.se\/friidrott\/wp-content\/uploads\/sites\/4\/2018\/10\/Castorama-2018-10-06.pdf\">Castorama<\/a> + <a href=\"http:\/\/heleneholmsif.se\/friidrott\/wp-content\/uploads\/sites\/4\/2018\/10\/Kastplan-Malm\u00f6-Stadion-2018-10-06.pdf\">kastt\u00e4vling<\/a> &#8211; 6 oktober<\/p>\n<p><a href=\"http:\/\/heleneholmsif.se\/wp-content\/uploads\/2018\/10\/Castorama-2018-09-29.pdf\">Castorama<\/a> + <a href=\"http:\/\/heleneholmsif.se\/wp-content\/uploads\/2018\/10\/Kastplan-Malm%C3%B6-Stadion-2018-09-29.pdf\">kastt\u00e4vling<\/a> &#8211; 29 september<\/p>\n<p><a href=\"http:\/\/heleneholmsif.se\/friidrott\/wp-content\/uploads\/sites\/4\/2018\/09\/Castorama-2018-09-22.pdf\">Castorama<\/a> + <a href=\"http:\/\/heleneholmsif.se\/friidrott\/wp-content\/uploads\/sites\/4\/2018\/09\/Kastplan-Malm\u00f6-Stadion-2018-09-22.pdf\">kastt\u00e4vling<\/a> &#8211; 22 september<\/p>\n<p><a href=\"http:\/\/heleneholmsif.se\/friidrott\/wp-content\/uploads\/sites\/4\/2018\/08\/VDM-2018-08-18-Kastm\u00e5ngkamp-MS-Sl\u00e4gga.pdf\">VDM kastm\u00e5ngkamp + MS-sl\u00e4gga &#8211; 18 augusti<\/a><\/p>\n<p><a href=\"http:\/\/heleneholmsif.se\/wp-content\/uploads\/2018\/08\/Kastplan-Malm\u00f6-Stadion-2018-08-08.pdf\">Kastt\u00e4vling p\u00e5 kastplanen &#8211; 8 augusti<\/a><\/p>\n<p><a href=\"http:\/\/heleneholmsif.se\/friidrott\/wp-content\/uploads\/sites\/4\/2018\/08\/Kastplan-Malm\u00f6-Stadion-2018-08-01.pdf\">Kastt\u00e4vling p\u00e5 kastplanen &#8211; 1 augusti<\/a><\/p>\n<p><a href=\"http:\/\/heleneholmsif.se\/friidrott\/wp-content\/uploads\/sites\/4\/2018\/07\/Kastplan-Malm\u00f6-Stadion-2018-07-25.pdf\">Kastt\u00e4vling p\u00e5 kastplanen &#8211; 25 juli<\/a><\/p>\n<p><a href=\"http:\/\/heleneholmsif.se\/friidrott\/wp-content\/uploads\/sites\/4\/2018\/07\/Kastplan-Malm\u00f6-Stadion-2018-07-07.pdf\">Kastt\u00e4vling p\u00e5 kastplanen &#8211; 7 juli<\/a><\/p>\n<p><a href=\"http:\/\/heleneholmsif.se\/friidrott\/wp-content\/uploads\/sites\/4\/2018\/07\/Kastplan-Malm\u00f6-Stadion-2018-06-27.pdf\">Kastt\u00e4vling p\u00e5 kastplanen &#8211; 27 juni<\/a><\/p>\n<p><a href=\"http:\/\/heleneholmsif.se\/friidrott\/wp-content\/uploads\/sites\/4\/2018\/08\/Kastplan-Malm\u00f6-Stadion-2018-06-20Rev.pdf\">Kastt\u00e4vling p\u00e5 kastplanen &#8211; 20 juni<\/a><\/p>\n<p><a href=\"http:\/\/heleneholmsif.se\/wp-content\/uploads\/2018\/06\/VDM-2018-06-06-Kula-och-Sl%C3%A4gga-Diskus.pdf\">VDM kula\/sl\u00e4gga &#8211; 6 juni<\/a><\/p>\n<p><a href=\"http:\/\/heleneholmsif.se\/friidrott\/wp-content\/uploads\/sites\/4\/2018\/06\/VDM-2018-05-31-Vikt-och-Spjut-rev-2018-06-04.pdf\">VDM spjut\/vikt &#8211; 31 maj<\/a><\/p>\n<p><a href=\"http:\/\/heleneholmsif.se\/friidrott\/wp-content\/uploads\/sites\/4\/2018\/05\/Kastplan-Malm\u00f6-Stadion-2018-05-05.pdf\">Kastt\u00e4vling p\u00e5 kastplanen &#8211; 5 maj <\/a><\/p>\n<h1>2018<\/h1>\n<h3>Inomhuss\u00e4songen<\/h3>\n<p><a href=\"http:\/\/heleneholmsif.se\/wp-content\/uploads\/2018\/02\/Atleticum-2018-02-14.pdf\">Kastt\u00e4vling &#8211; 14 februari<br \/>\n<\/a><a href=\"http:\/\/www.easyrecord.se\/result?8k2pqq\" target=\"_blank\" rel=\"noopener noreferrer\">Atleticumspelen &#8211; 10-11 februari<\/a><br \/>\n<a href=\"http:\/\/heleneholmsif.se\/friidrott\/wp-content\/uploads\/sites\/4\/2018\/02\/Atleticum-2018-02-07.pdf\" target=\"_blank\" rel=\"noopener noreferrer\">Kastt\u00e4vling &#8211; 7 februari<\/a><br \/>\n<a href=\"http:\/\/www.ik-pallas.se\/admin\/upload\/Resultat.htm\" target=\"_blank\" rel=\"noopener noreferrer\">Pallasspelen &#8211; 27-28 januari<\/a><br \/>\n<a href=\"http:\/\/www.easyrecord.se\/results\/2G3411.html\" target=\"_blank\" rel=\"noopener noreferrer\">Jul-Chansen &#8211; 2 december<\/a> (2017) + <a href=\"http:\/\/heleneholmsif.se\/wp-content\/uploads\/2017\/12\/Resultat-prova-p%C3%A5-t%C3%A4vling-Jul-chansen-2-december-v2.pdf\">Prova p\u00e5<\/a><\/p>\n<h1>2017<\/h1>\n<h3>Utomhuss\u00e4songen<\/h3>\n<p><a href=\"http:\/\/heleneholmsif.se\/wp-content\/uploads\/2017\/10\/Castorama-2017-09-30.pdf\" target=\"_blank\" rel=\"noopener noreferrer\">Castorama p\u00e5 kastplanen &#8211; 30 september<\/a><br \/>\n<a href=\"http:\/\/heleneholmsif.se\/wp-content\/uploads\/2017\/10\/Kastplan-Malm%C3%B6-Stadion-2017-09-30.pdf\" target=\"_blank\" rel=\"noopener noreferrer\">Kastt\u00e4vling p\u00e5 kastplanen &#8211; 30 september<\/a><\/p>\n<p><a href=\"http:\/\/heleneholmsif.se\/wp-content\/uploads\/2017\/09\/Castorama-2017-09-23.pdf\" target=\"_blank\" rel=\"noopener noreferrer\">Castorama p\u00e5 kastplanen &#8211; 23 september<\/a><br \/>\n<a href=\"http:\/\/heleneholmsif.se\/wp-content\/uploads\/2017\/09\/Kastplan-Malm%C3%B6-Stadion-2017-09-23-1.pdf\" target=\"_blank\" rel=\"noopener noreferrer\">Kastt\u00e4vling p\u00e5 Kastplanen &#8211; 23 september<\/a><\/p>\n<p><a href=\"http:\/\/heleneholmsif.se\/friidrott\/wp-content\/uploads\/sites\/4\/2016\/11\/Kastplan-Malm\u00f6-Stadion-2017-08-16.pdf\">Kastt\u00e4vling p\u00e5 kastplanen &#8211; 16 augusti<\/a><\/p>\n<p><a href=\"http:\/\/heleneholmsif.se\/wp-content\/uploads\/2017\/08\/Kastplan-Malm\u00f6-Stadion-2017-08-09.pdf\">Kastt\u00e4vling p\u00e5 kastplanen &#8211; 9 augusti<\/a><\/p>\n<p><a href=\"http:\/\/heleneholmsif.se\/friidrott\/wp-content\/uploads\/sites\/4\/2017\/08\/Kastplan-Malm\u00f6-Stadion-2017-08-02.pdf\">Kastt\u00e4vling p\u00e5 kastplanen &#8211; 2 augusti<\/a><\/p>\n<p><a href=\"http:\/\/heleneholmsif.se\/friidrott\/wp-content\/uploads\/sites\/4\/2017\/07\/Kastplan-Malm\u00f6-Stadion-2017-06-28.pdf\">Kastt\u00e4vling p\u00e5 kastplanen &#8211; 28 juni<\/a><\/p>\n<p><a href=\"http:\/\/heleneholmsif.se\/friidrott\/wp-content\/uploads\/sites\/4\/2017\/06\/Kastplan-Malm\u00f6-Stadion-2017-06-21.pdf\">Kastt\u00e4vling p\u00e5 kastplanen &#8211; 21 juni<\/a><\/p>\n<p><a href=\"http:\/\/heleneholmsif.se\/wp-content\/uploads\/2017\/06\/Malres-Pojkar.pdf\">Malbas-m\u00e5ngkamp pojkar -04<\/a><\/p>\n<p><a href=\"http:\/\/heleneholmsif.se\/wp-content\/uploads\/2017\/06\/Resultat.pdf\">Malbas-m\u00e5ngkamp tjejer -04<\/a><\/p>\n<p><a href=\"http:\/\/heleneholmsif.se\/friidrott\/wp-content\/uploads\/sites\/4\/2017\/01\/Resultat-Heleneholms-v%C3%A5rt%C3%A4vling-23-maj.pdf\">Heleneholms v\u00e5rt\u00e4vling 23 maj <\/a><\/p>\n<p><a href=\"http:\/\/heleneholmsif.se\/friidrott\/wp-content\/uploads\/sites\/4\/2016\/11\/Kastplan-Malm\u00f6-Stadion-2017-05-01-2.pdf\">Diskust\u00e4vling p\u00e5 kastplanen &#8211; 1 maj<\/a><\/p>\n<h3>Inomhuss\u00e4ongen<\/h3>\n<p><a href=\"http:\/\/heleneholmsif.se\/friidrott\/wp-content\/uploads\/sites\/4\/2017\/02\/Atleticum-2017-02-22.pdf\">Kastt\u00e4vling i Atleticum &#8211; 22 februari<\/a><\/p>\n<p><a href=\"http:\/\/heleneholmsif.se\/friidrott\/wp-content\/uploads\/sites\/4\/2017\/02\/Atleticum-2017-02-15.pdf\">Kastt\u00e4vling i Atleticum &#8211; 15 februari<\/a><\/p>\n<p><a href=\"http:\/\/heleneholmsif.se\/wp-content\/uploads\/2017\/02\/Resultat-Atleticumsspelen-2017-1.pdf\">Atleticumsspelen &#8211; 11-12 februari<\/a><\/p>\n<p><a href=\"http:\/\/heleneholmsif.se\/friidrott\/wp-content\/uploads\/sites\/4\/2017\/02\/Atleticum-2017-02-08.pdf\">Kastt\u00e4vling i Atleticum &#8211; 8 februari<\/a><\/p>\n<p><a href=\"http:\/\/www.ik-pallas.se\/admin\/upload\/Resultat.htm\">Pallasspelen &#8211; 28-29 januari <\/a><\/p>\n<h1>2016<\/h1>\n<h3>Utomhuss\u00e4songen<\/h3>\n<p>Klubbm\u00e4sterskap i m\u00e5ngkamp &#8211; 28 september<br \/>\n<a href=\"http:\/\/heleneholmsif.se\/friidrott\/wp-content\/uploads\/sites\/4\/2017\/01\/Castorama20161008.pdf\">Castorama &#8211; 8 oktober\u00a0<\/a><br \/>\n<a href=\"http:\/\/heleneholmsif.se\/friidrott\/wp-content\/uploads\/sites\/4\/2017\/01\/kastplan10.pdf\">Kastt\u00e4vling &#8211; 8 oktober<\/a><br \/>\n<a href=\"http:\/\/heleneholmsif.se\/friidrott\/wp-content\/uploads\/sites\/4\/2017\/01\/Castorama20161001.pdf\">Castorama &#8211; 1 oktober<\/a><br \/>\n<a href=\"http:\/\/heleneholmsif.se\/friidrott\/wp-content\/uploads\/sites\/4\/2017\/01\/20161001.pdf\">Kastt\u00e4vling &#8211; 1 oktober<\/a><br \/>\n<a href=\"http:\/\/heleneholmsif.se\/friidrott\/wp-content\/uploads\/sites\/4\/2017\/01\/Castorama2016-09-24.pdf\">Castorama &#8211; 24 september<\/a><br \/>\n<a href=\"http:\/\/heleneholmsif.se\/friidrott\/wp-content\/uploads\/sites\/4\/2017\/01\/20160924.pdf\">Kastt\u00e4vling &#8211; 24 september<\/a><br \/>\n<a href=\"http:\/\/heleneholmsif.se\/friidrott\/wp-content\/uploads\/sites\/4\/2016\/11\/20170810.pdf\">Kastt\u00e4vling &#8211; 10 augusti<\/a><br \/>\n<a href=\"http:\/\/smfriidrott.com\/sites\/default\/files\/groupfiles\/Resultat_1.htm\">USM i Vellinge &#8211; 3-5 augusti<\/a><br \/>\n<a href=\"http:\/\/heleneholmsif.se\/friidrott\/wp-content\/uploads\/sites\/4\/2017\/01\/Kastplan-Malm\u00f6-Stadion-2016-08-03-rev-2016-08-15.pdf\">Kastt\u00e4vling &#8211; 3 augusti <\/a><br \/>\n<a href=\"http:\/\/heleneholmsif.se\/friidrott\/wp-content\/uploads\/sites\/4\/2017\/01\/20160716.pdf\">Kastt\u00e4vling &#8211; 16 juli <\/a><br \/>\n<a href=\"http:\/\/heleneholmsif.se\/friidrott\/wp-content\/uploads\/sites\/4\/2017\/01\/20160714.pdf\">Kastt\u00e4vling &#8211; 14 juli <\/a><br \/>\n<a href=\"http:\/\/heleneholmsif.se\/friidrott\/wp-content\/uploads\/sites\/4\/2017\/01\/20160622.pdf\">Kastt\u00e4vling &#8211; 22 juni <\/a><br \/>\n<a href=\"http:\/\/heleneholmsif.se\/friidrott\/wp-content\/uploads\/sites\/4\/2017\/01\/20160615.pdf\"> Kastt\u00e4vling &#8211; 15 juni<\/a><br \/>\n<a href=\"http:\/\/heleneholmsif.se\/friidrott\/wp-content\/uploads\/sites\/4\/2017\/01\/20160610.pdf\">Kastt\u00e4vling\u00a0 &#8211; 10 juni <\/a><br \/>\n<a href=\"http:\/\/heleneholmsif.se\/friidrott\/wp-content\/uploads\/sites\/4\/2017\/01\/20160606HIF.pdf\">Kastt\u00e4vling &#8211; 6 juni <\/a><br \/>\n<a href=\"http:\/\/heleneholmsif.se\/friidrott\/wp-content\/uploads\/sites\/4\/2017\/01\/20160530.pdf\">Kastt\u00e4vling &#8211; 30 maj <\/a><\/p>\n<h3>Inomhuss\u00e4songen<\/h3>\n<p><a href=\"http:\/\/heleneholmsif.se\/friidrott\/wp-content\/uploads\/sites\/4\/2016\/11\/Kast02032016.pdf\">Kastt\u00e4vling &#8211; 2 mars<\/a><br \/>\n<a href=\"http:\/\/heleneholmsif.se\/friidrott\/wp-content\/uploads\/sites\/4\/2016\/11\/kast242016.pdf\">Kastt\u00e4vling &#8211; 24 februari<\/a><br \/>\n<a href=\"http:\/\/heleneholmsif.se\/friidrott\/wp-content\/uploads\/sites\/4\/2016\/11\/kast172016-1.pdf\">Kastt\u00e4vling &#8211; 17 februari<\/a><br \/>\n<a href=\"http:\/\/heleneholmsif.se\/friidrott\/wp-content\/uploads\/sites\/4\/2017\/01\/Resultat-Atleticumsspelen-2016.pdf\">Atleticumsspelen &#8211; 13-14 februari<\/a><br \/>\n<a href=\"http:\/\/www.ik-pallas.se\/admin\/upload\/resultat16pallas.pdf\">Pallas-spelen &#8211; 30 &#8211; 31 januari<\/a><a href=\"http:\/\/www.ik-pallas.se\/admin\/upload\/resultat16pallas.pdf\"><br \/>\n<\/a><a href=\"http:\/\/heleneholmsif.se\/friidrott\/wp-content\/uploads\/sites\/4\/2016\/12\/Resultat.pdf\">Sista Chansen &#8211; 3 december<\/a><\/p>\n<p><!--more--><\/p>\n","protected":false},"excerpt":{"rendered":"<p>Under denna meny hittar du senaste resultaten fr\u00e5n arrangemang anordnade av Heleneholms IF 2024 Utomhuss\u00e4songen Kast p\u00e5 kastplan t\u00e4vling #6 &#8211; 8 augusti Kast p\u00e5 kastplan t\u00e4vling #5 &#8211; 1 augusti Kast p\u00e5 kastplan t\u00e4vling #4 &#8211; 25 juli Kast p\u00e5 kastplan t\u00e4vling #3 &#8211; 27 juni Kast p\u00e5 kastplan t\u00e4vling #2 &#8211; 20 juni [&hellip;] <a href=\"https:\/\/heleneholmsif.se\/friidrott\/resultat-statistik\/resultat\/\" class=\"readmore\">L\u00e4s mer<i class=\"icon-forward\"><\/i><\/a><\/p>\n","protected":false},"author":9,"featured_media":0,"parent":268,"menu_order":0,"comment_status":"closed","ping_status":"closed","template":"","meta":{"_mi_skip_tracking":false,"footnotes":""},"class_list":["post-299","page","type-page","status-publish","hentry"],"_links":{"self":[{"href":"https:\/\/heleneholmsif.se\/friidrott\/wp-json\/wp\/v2\/pages\/299","targetHints":{"allow":["GET"]}}],"collection":[{"href":"https:\/\/heleneholmsif.se\/friidrott\/wp-json\/wp\/v2\/pages"}],"about":[{"href":"https:\/\/heleneholmsif.se\/friidrott\/wp-json\/wp\/v2\/types\/page"}],"author":[{"embeddable":true,"href":"https:\/\/heleneholmsif.se\/friidrott\/wp-json\/wp\/v2\/users\/9"}],"replies":[{"embeddable":true,"href":"https:\/\/heleneholmsif.se\/friidrott\/wp-json\/wp\/v2\/comments?post=299"}],"version-history":[{"count":101,"href":"https:\/\/heleneholmsif.se\/friidrott\/wp-json\/wp\/v2\/pages\/299\/revisions"}],"predecessor-version":[{"id":4229,"href":"https:\/\/heleneholmsif.se\/friidrott\/wp-json\/wp\/v2\/pages\/299\/revisions\/4229"}],"up":[{"embeddable":true,"href":"https:\/\/heleneholmsif.se\/friidrott\/wp-json\/wp\/v2\/pages\/268"}],"wp:attachment":[{"href":"https:\/\/heleneholmsif.se\/friidrott\/wp-json\/wp\/v2\/media?parent=299"}],"curies":[{"name":"wp","href":"https:\/\/api.w.org\/{rel}","templated":true}]}}