{"id":301,"date":"2016-11-15T09:04:28","date_gmt":"2016-11-15T08:04:28","guid":{"rendered":"http:\/\/heleneholmsif.se\/friidrott\/?page_id=301"},"modified":"2022-03-16T00:13:22","modified_gmt":"2022-03-15T23:13:22","slug":"statistik","status":"publish","type":"page","link":"https:\/\/heleneholmsif.se\/friidrott\/resultat-statistik\/statistik\/","title":{"rendered":"Statistik"},"content":{"rendered":"<p>Under denna flik finner du statistik och resultat gjorda av medlemmar i Heleneholms IF. Saknar du n\u00e5got resultat eller ser n\u00e5got fel f\u00e5r du g\u00e4rna h\u00f6ra av dig till kansli@heleneholmsif.se. Sedan s\u00e4songen 2020 prenumererar f\u00f6reningen p\u00e5 svensk friidrotts nya statistik program. P\u00e5 knappen nedan finner du alla resultat gjorda i Heleneholms IF namn.<\/p>\n<a class=\"button normal\" data-button-href=\"https:\/\/www.friidrottsstatistik.se\/clubpages\/heleneholmsif\/\" data-button-target=\"_self\"><span>\u00a0 Samlad statistik av Heleneholmare <\/span><\/a>\n<h1>2021<\/h1>\n<a class=\"button normal\" data-button-href=\"http:\/\/heleneholmsif.se\/friidrott\/wp-content\/uploads\/sites\/4\/2022\/03\/Statistik-utomhus-2021-klassindelning.pdf\" data-button-target=\"_self\"><span> Utomhus <\/span><\/a>\n<a class=\"button normal\" data-button-href=\"http:\/\/heleneholmsif.se\/friidrott\/wp-content\/uploads\/sites\/4\/2021\/04\/Statistik-inomhus-2021-klassindelning.pdf\" data-button-target=\"_self\"><span> Inomhus <\/span><\/a>\n<h1>2020<\/h1>\n<a class=\"button normal\" data-button-href=\"http:\/\/heleneholmsif.se\/friidrott\/wp-content\/uploads\/sites\/4\/2020\/11\/Statistik-utomhus-2020-klassindelning.pdf\" data-button-target=\"_self\"><span> utomhus <\/span><\/a>\n<a class=\"button normal\" data-button-href=\"http:\/\/heleneholmsif.se\/friidrott\/wp-content\/uploads\/sites\/4\/2020\/03\/Statistik-inomhus-2020-klassindelning.pdf\" data-button-target=\"_self\"><span> Inomhus <\/span><\/a>\n<h1>2019<\/h1>\n<a class=\"button normal\" data-button-href=\"http:\/\/heleneholmsif.se\/friidrott\/wp-content\/uploads\/sites\/4\/2019\/09\/Statistik-utomhus-2019-klassindelning.pdf\" data-button-target=\"_self\"><span> Utomhus <\/span><\/a>\n<a class=\"button normal\" data-button-href=\"http:\/\/heleneholmsif.se\/friidrott\/wp-content\/uploads\/sites\/4\/2019\/03\/Statistik-Inomhus-2019-klassindelning.pdf\" data-button-target=\"_self\"><span> Inomhus <\/span><\/a>\n<h1>2018<\/h1>\n<a class=\"button normal\" data-button-href=\"http:\/\/heleneholmsif.se\/friidrott\/wp-content\/uploads\/sites\/4\/2018\/09\/Statistik-utomhus-2018-klassindelning-1.pdf\" data-button-target=\"_self\"><span> Utomhus <\/span><\/a>\n<a class=\"button normal\" data-button-href=\"http:\/\/heleneholmsif.se\/friidrott\/wp-content\/uploads\/sites\/4\/2018\/03\/Statistik-inomhus-2018-klassindelning-1.pdf\" data-button-target=\"_self\"><span> Inomhus <\/span><\/a>\n<h1>2017<\/h1>\n<a class=\"button normal\" data-button-href=\"http:\/\/heleneholmsif.se\/friidrott\/wp-content\/uploads\/sites\/4\/2017\/10\/Statistik-utomhus-2017-klassindelning.pdf\" data-button-target=\"_self\"><span> Utomhus <\/span><\/a>\n<a class=\"button normal\" data-button-href=\"http:\/\/heleneholmsif.se\/friidrott\/wp-content\/uploads\/sites\/4\/2017\/02\/Statistik-inomhus-2017-klassindelning-1.pdf\" data-button-target=\"_self\"><span> Inomhus <\/span><\/a>\n<h1>2016<\/h1>\n<a class=\"button normal\" data-button-href=\"http:\/\/heleneholmsif.se\/friidrott\/wp-content\/uploads\/sites\/4\/2017\/01\/Statistik_2016_utomhus.pdf\" data-button-target=\"_self\"><span> Utomhus <\/span><\/a>\n<a class=\"button normal\" data-button-href=\"http:\/\/heleneholmsif.se\/friidrott\/wp-content\/uploads\/sites\/4\/2017\/01\/Statistik-2016-inomhus.pdf\" data-button-target=\"_self\"><span> Inomhus <\/span><\/a>\n<h1>2015<\/h1>\n<a class=\"button normal\" data-button-href=\"http:\/\/heleneholmsif.se\/friidrott\/wp-content\/uploads\/sites\/4\/2017\/01\/statistik2015ute.pdf\" data-button-target=\"_self\"><span> Utomhus <\/span><\/a>\n<a class=\"button normal\" data-button-href=\"http:\/\/heleneholmsif.se\/friidrott\/wp-content\/uploads\/sites\/4\/2017\/01\/2015inomhus.pdf\" data-button-target=\"_self\"><span> Inomhus\u00a0 <\/span><\/a>\n<h1>2014<\/h1>\n<a class=\"button normal\" data-button-href=\"http:\/\/heleneholmsif.se\/friidrott\/wp-content\/uploads\/sites\/4\/2017\/01\/statistik2014ute.pdf\" data-button-target=\"_self\"><span> Utomhus <\/span><\/a>\n<a class=\"button normal\" data-button-href=\"http:\/\/heleneholmsif.se\/friidrott\/wp-content\/uploads\/sites\/4\/2017\/01\/statistik2014inne.pdf\" data-button-target=\"_self\"><span> Inomhus <\/span><\/a>\n<h1>2013<\/h1>\n<a class=\"button normal\" data-button-href=\"http:\/\/heleneholmsif.se\/friidrott\/wp-content\/uploads\/sites\/4\/2017\/01\/20131017Statistik2013.pdf\" data-button-target=\"_self\"><span> Utomhus <\/span><\/a>\n<h1>2012<\/h1>\n<a class=\"button normal\" data-button-href=\"http:\/\/heleneholmsif.se\/friidrott\/wp-content\/uploads\/sites\/4\/2017\/01\/20130114.pdf\" data-button-target=\"_self\"><span> Utomhus <\/span><\/a>\n<a class=\"button normal\" data-button-href=\"http:\/\/heleneholmsif.se\/friidrott\/wp-content\/uploads\/sites\/4\/2017\/01\/20120314.pdf\" data-button-target=\"_self\"><span> Inomhus <\/span><\/a>\n","protected":false},"excerpt":{"rendered":"<p>Under denna flik finner du statistik och resultat gjorda av medlemmar i Heleneholms IF. Saknar du n\u00e5got resultat eller ser n\u00e5got fel f\u00e5r du g\u00e4rna h\u00f6ra av dig till kansli@heleneholmsif.se. Sedan s\u00e4songen 2020 prenumererar f\u00f6reningen p\u00e5 svensk friidrotts nya statistik program. P\u00e5 knappen nedan finner du alla resultat gjorda i Heleneholms IF namn. 2021 2020 [&hellip;] <a href=\"https:\/\/heleneholmsif.se\/friidrott\/resultat-statistik\/statistik\/\" class=\"readmore\">L\u00e4s mer<i class=\"icon-forward\"><\/i><\/a><\/p>\n","protected":false},"author":9,"featured_media":0,"parent":268,"menu_order":0,"comment_status":"closed","ping_status":"closed","template":"","meta":{"_mi_skip_tracking":false,"footnotes":""},"class_list":["post-301","page","type-page","status-publish","hentry"],"_links":{"self":[{"href":"https:\/\/heleneholmsif.se\/friidrott\/wp-json\/wp\/v2\/pages\/301","targetHints":{"allow":["GET"]}}],"collection":[{"href":"https:\/\/heleneholmsif.se\/friidrott\/wp-json\/wp\/v2\/pages"}],"about":[{"href":"https:\/\/heleneholmsif.se\/friidrott\/wp-json\/wp\/v2\/types\/page"}],"author":[{"embeddable":true,"href":"https:\/\/heleneholmsif.se\/friidrott\/wp-json\/wp\/v2\/users\/9"}],"replies":[{"embeddable":true,"href":"https:\/\/heleneholmsif.se\/friidrott\/wp-json\/wp\/v2\/comments?post=301"}],"version-history":[{"count":69,"href":"https:\/\/heleneholmsif.se\/friidrott\/wp-json\/wp\/v2\/pages\/301\/revisions"}],"predecessor-version":[{"id":3507,"href":"https:\/\/heleneholmsif.se\/friidrott\/wp-json\/wp\/v2\/pages\/301\/revisions\/3507"}],"up":[{"embeddable":true,"href":"https:\/\/heleneholmsif.se\/friidrott\/wp-json\/wp\/v2\/pages\/268"}],"wp:attachment":[{"href":"https:\/\/heleneholmsif.se\/friidrott\/wp-json\/wp\/v2\/media?parent=301"}],"curies":[{"name":"wp","href":"https:\/\/api.w.org\/{rel}","templated":true}]}}