{"id":305,"date":"2016-11-15T09:11:59","date_gmt":"2016-11-15T08:11:59","guid":{"rendered":"http:\/\/heleneholmsif.se\/friidrott\/?page_id=305"},"modified":"2023-03-06T08:32:48","modified_gmt":"2023-03-06T07:32:48","slug":"anmalan-till-tavling","status":"publish","type":"page","link":"https:\/\/heleneholmsif.se\/friidrott\/tavling\/anmalan-till-tavling\/","title":{"rendered":"Anm\u00e4lan till t\u00e4vling"},"content":{"rendered":"<p>Varje \u00e5r arrangeras m\u00e5nga t\u00e4vlingar runt om i Sk\u00e5ne och Danmark. Se <a href=\"http:\/\/heleneholmsif.se\/friidrott\/tavling\/tavlingskalender\/\">t\u00e4vlingskalendern<\/a> f\u00f6r kommande t\u00e4vlingar.<\/p>\n<p><a href=\"https:\/\/heleneholmsif.se\/wp-content\/uploads\/2023\/03\/Att-tanka-pa-vid-anmalan-till-tavling.pdf\">Att t\u00e4nka p\u00e5 vid anm\u00e4lan till t\u00e4vling<\/a><\/p>\n","protected":false},"excerpt":{"rendered":"<p>Varje \u00e5r arrangeras m\u00e5nga t\u00e4vlingar runt om i Sk\u00e5ne och Danmark. Se t\u00e4vlingskalendern f\u00f6r kommande t\u00e4vlingar. Att t\u00e4nka p\u00e5 vid anm\u00e4lan till t\u00e4vling<\/p>\n","protected":false},"author":9,"featured_media":0,"parent":14,"menu_order":0,"comment_status":"closed","ping_status":"closed","template":"","meta":{"_mi_skip_tracking":false,"footnotes":""},"class_list":["post-305","page","type-page","status-publish","hentry"],"_links":{"self":[{"href":"https:\/\/heleneholmsif.se\/friidrott\/wp-json\/wp\/v2\/pages\/305","targetHints":{"allow":["GET"]}}],"collection":[{"href":"https:\/\/heleneholmsif.se\/friidrott\/wp-json\/wp\/v2\/pages"}],"about":[{"href":"https:\/\/heleneholmsif.se\/friidrott\/wp-json\/wp\/v2\/types\/page"}],"author":[{"embeddable":true,"href":"https:\/\/heleneholmsif.se\/friidrott\/wp-json\/wp\/v2\/users\/9"}],"replies":[{"embeddable":true,"href":"https:\/\/heleneholmsif.se\/friidrott\/wp-json\/wp\/v2\/comments?post=305"}],"version-history":[{"count":5,"href":"https:\/\/heleneholmsif.se\/friidrott\/wp-json\/wp\/v2\/pages\/305\/revisions"}],"predecessor-version":[{"id":3888,"href":"https:\/\/heleneholmsif.se\/friidrott\/wp-json\/wp\/v2\/pages\/305\/revisions\/3888"}],"up":[{"embeddable":true,"href":"https:\/\/heleneholmsif.se\/friidrott\/wp-json\/wp\/v2\/pages\/14"}],"wp:attachment":[{"href":"https:\/\/heleneholmsif.se\/friidrott\/wp-json\/wp\/v2\/media?parent=305"}],"curies":[{"name":"wp","href":"https:\/\/api.w.org\/{rel}","templated":true}]}}