{"id":310,"date":"2016-11-15T09:38:49","date_gmt":"2016-11-15T08:38:49","guid":{"rendered":"http:\/\/heleneholmsif.se\/friidrott\/?page_id=310"},"modified":"2020-09-16T16:59:27","modified_gmt":"2020-09-16T14:59:27","slug":"lankar","status":"publish","type":"page","link":"https:\/\/heleneholmsif.se\/friidrott\/lankar\/","title":{"rendered":"L\u00e4nkar"},"content":{"rendered":"<p>H\u00e4r hittar du l\u00e4nkar som ber\u00f6r friidrotten och andra viktiga institut inom idrotten. Klicka p\u00e5 respektive l\u00e4nk f\u00f6r att komma till deras hemsidor.<\/p>\n<h3><strong>F\u00f6rbund<\/strong><\/h3>\n<ul>\n<li><strong>Specialidrottsf\u00f6rbund &#8211; <\/strong><a href=\"http:\/\/friidrott.se\"><strong>Svenska friidrottsf\u00f6rbundet<\/strong> <\/a><\/li>\n<li><strong>Regionsf\u00f6rbund &#8211; <a href=\"http:\/\/iof2.idrottonline.se\/IdrottOnlineForbund\/Friidrott\/svenskafriidrottsforbundet\/Regionerna\/gotalandsregionenfriidrott\/\">G\u00f6talandsfriidrottsf\u00f6rbund<\/a><\/strong><\/li>\n<li><strong>Distriktsf\u00f6rbund &#8211; <a href=\"http:\/\/skanefriidrott.se\">Sk\u00e5nes friidrottsf\u00f6rbund<\/a><br \/>\n<\/strong><\/li>\n<li><strong>internationellafriidrottf\u00f6rbundet &#8211;<a href=\"https:\/\/www.iaaf.org\/home\"> IAAF <\/a><\/strong><\/li>\n<li><strong>Utl\u00e4ndska f\u00f6rbund &#8211; <a href=\"http:\/\/dansk-atletik.dk\/\">Danmarks friidrottsf\u00f6rbund <\/a><\/strong><\/li>\n<li><strong>\u00a0Nationellt idrottsf\u00f6rbund &#8211; <a href=\"http:\/\/rf.se\">Riksidrottsf\u00f6rbundet<\/a><\/strong><\/li>\n<li><strong>Regionalt idrottsf\u00f6rbund &#8211; <a href=\"http:\/\/skaneidrotten.se\">Sk\u00e5neidrotten<\/a><\/strong><\/li>\n<\/ul>\n<h3><strong>T\u00e4vlingar<\/strong><\/h3>\n<ul>\n<li><a href=\"http:\/\/www.skanefriidrott.org\/tavlingar\/\">Sk\u00e5nska t\u00e4vlingar<\/a><\/li>\n<li><a href=\"http:\/\/www.friidrott.se\/tavling\/program.aspx\">Svenska t\u00e4vlingar<\/a><\/li>\n<\/ul>\n<h3><strong>Resultat<\/strong><\/h3>\n<ul>\n<li><a class=\"button normal\" data-button-href=\"https:\/\/www.friidrottsstatistik.se\/clubpages\/heleneholmsif\/\" data-button-target=\"_self\"><span><strong>Senaste friidrottresultaten<\/strong> <\/span><\/a><\/li>\n<\/ul>\n","protected":false},"excerpt":{"rendered":"<p>H\u00e4r hittar du l\u00e4nkar som ber\u00f6r friidrotten och andra viktiga institut inom idrotten. Klicka p\u00e5 respektive l\u00e4nk f\u00f6r att komma till deras hemsidor. F\u00f6rbund Specialidrottsf\u00f6rbund &#8211; Svenska friidrottsf\u00f6rbundet Regionsf\u00f6rbund &#8211; G\u00f6talandsfriidrottsf\u00f6rbund Distriktsf\u00f6rbund &#8211; Sk\u00e5nes friidrottsf\u00f6rbund internationellafriidrottf\u00f6rbundet &#8211; IAAF Utl\u00e4ndska f\u00f6rbund &#8211; Danmarks friidrottsf\u00f6rbund \u00a0Nationellt idrottsf\u00f6rbund &#8211; Riksidrottsf\u00f6rbundet Regionalt idrottsf\u00f6rbund &#8211; Sk\u00e5neidrotten T\u00e4vlingar Sk\u00e5nska t\u00e4vlingar Svenska [&hellip;] <a href=\"https:\/\/heleneholmsif.se\/friidrott\/lankar\/\" class=\"readmore\">L\u00e4s mer<i class=\"icon-forward\"><\/i><\/a><\/p>\n","protected":false},"author":9,"featured_media":0,"parent":0,"menu_order":0,"comment_status":"closed","ping_status":"closed","template":"","meta":{"_mi_skip_tracking":false,"footnotes":""},"class_list":["post-310","page","type-page","status-publish","hentry"],"_links":{"self":[{"href":"https:\/\/heleneholmsif.se\/friidrott\/wp-json\/wp\/v2\/pages\/310","targetHints":{"allow":["GET"]}}],"collection":[{"href":"https:\/\/heleneholmsif.se\/friidrott\/wp-json\/wp\/v2\/pages"}],"about":[{"href":"https:\/\/heleneholmsif.se\/friidrott\/wp-json\/wp\/v2\/types\/page"}],"author":[{"embeddable":true,"href":"https:\/\/heleneholmsif.se\/friidrott\/wp-json\/wp\/v2\/users\/9"}],"replies":[{"embeddable":true,"href":"https:\/\/heleneholmsif.se\/friidrott\/wp-json\/wp\/v2\/comments?post=310"}],"version-history":[{"count":10,"href":"https:\/\/heleneholmsif.se\/friidrott\/wp-json\/wp\/v2\/pages\/310\/revisions"}],"predecessor-version":[{"id":2925,"href":"https:\/\/heleneholmsif.se\/friidrott\/wp-json\/wp\/v2\/pages\/310\/revisions\/2925"}],"wp:attachment":[{"href":"https:\/\/heleneholmsif.se\/friidrott\/wp-json\/wp\/v2\/media?parent=310"}],"curies":[{"name":"wp","href":"https:\/\/api.w.org\/{rel}","templated":true}]}}