{"id":4001,"date":"2023-08-17T19:51:07","date_gmt":"2023-08-17T17:51:07","guid":{"rendered":"https:\/\/heleneholmsif.se\/friidrott\/?page_id=4001"},"modified":"2025-08-21T23:26:29","modified_gmt":"2025-08-21T21:26:29","slug":"heleneholmsspelen","status":"publish","type":"page","link":"https:\/\/heleneholmsif.se\/friidrott\/heleneholmsspelen\/","title":{"rendered":"Heleneholmsspelen"},"content":{"rendered":"\n<p>Heleneholmsspelen \u00e4r en gammal t\u00e4vling som fr\u00e5n och med 2025 \u00e4r tillbaka med en nysatsning efter att ha varit borta fr\u00e5n friidrottscenen n\u00e5gra \u00e5r. <br><br>T\u00e4vlingen arrangeras l\u00f6rdagen 30 augusti p\u00e5 nya friidrottsbanor sedan sommaren 2023.<br><br><a href=\"https:\/\/heleneholmsif.se\/wp-content\/uploads\/2025\/08\/Inbjudan-Heleneholmsspelen.pdf\">Inbjudan<\/a> 19\/8 &#8211; F\/P13 l\u00e4ngd har tillkommit p\u00e5 grenprogrammet<br><a href=\"https:\/\/easyrecord.se\/entry?SWiUtt\">Anm\u00e4lan <\/a>&#8211; Senast 20\/8<br><a href=\"https:\/\/easyrecord.se\/startlist?SWiUtt\">Startlista<\/a><br><a href=\"https:\/\/heleneholmsif.se\/friidrott\/wp-content\/uploads\/sites\/4\/2025\/08\/PM-2025-Heleneholmsspelen.pdf\">PM<\/a><br>Resultat<br>Galleri<br><a href=\"https:\/\/easyrecord.se\/info?SWiUtt\">Easyrecord t\u00e4vlingssida<\/a><br><\/p>\n","protected":false},"excerpt":{"rendered":"<p>Heleneholmsspelen \u00e4r en gammal t\u00e4vling som fr\u00e5n och med 2025 \u00e4r tillbaka med en nysatsning efter att ha varit borta fr\u00e5n friidrottscenen n\u00e5gra \u00e5r. T\u00e4vlingen arrangeras l\u00f6rdagen 30 augusti p\u00e5 nya friidrottsbanor sedan sommaren 2023. Inbjudan 19\/8 &#8211; F\/P13 l\u00e4ngd har tillkommit p\u00e5 grenprogrammetAnm\u00e4lan &#8211; Senast 20\/8StartlistaPMResultatGalleriEasyrecord t\u00e4vlingssida<\/p>\n","protected":false},"author":9,"featured_media":0,"parent":0,"menu_order":0,"comment_status":"closed","ping_status":"closed","template":"","meta":{"_mi_skip_tracking":false,"footnotes":""},"class_list":["post-4001","page","type-page","status-publish","hentry"],"_links":{"self":[{"href":"https:\/\/heleneholmsif.se\/friidrott\/wp-json\/wp\/v2\/pages\/4001","targetHints":{"allow":["GET"]}}],"collection":[{"href":"https:\/\/heleneholmsif.se\/friidrott\/wp-json\/wp\/v2\/pages"}],"about":[{"href":"https:\/\/heleneholmsif.se\/friidrott\/wp-json\/wp\/v2\/types\/page"}],"author":[{"embeddable":true,"href":"https:\/\/heleneholmsif.se\/friidrott\/wp-json\/wp\/v2\/users\/9"}],"replies":[{"embeddable":true,"href":"https:\/\/heleneholmsif.se\/friidrott\/wp-json\/wp\/v2\/comments?post=4001"}],"version-history":[{"count":8,"href":"https:\/\/heleneholmsif.se\/friidrott\/wp-json\/wp\/v2\/pages\/4001\/revisions"}],"predecessor-version":[{"id":4287,"href":"https:\/\/heleneholmsif.se\/friidrott\/wp-json\/wp\/v2\/pages\/4001\/revisions\/4287"}],"wp:attachment":[{"href":"https:\/\/heleneholmsif.se\/friidrott\/wp-json\/wp\/v2\/media?parent=4001"}],"curies":[{"name":"wp","href":"https:\/\/api.w.org\/{rel}","templated":true}]}}