{"id":4085,"date":"2023-10-09T23:34:49","date_gmt":"2023-10-09T21:34:49","guid":{"rendered":"https:\/\/heleneholmsif.se\/friidrott\/?page_id=4085"},"modified":"2023-10-18T23:20:21","modified_gmt":"2023-10-18T21:20:21","slug":"riktlinjer-for-sm","status":"publish","type":"page","link":"https:\/\/heleneholmsif.se\/friidrott\/riktlinjer-for-sm\/","title":{"rendered":"Riktlinjer f\u00f6r SM"},"content":{"rendered":"\n<p>P\u00e5 denna sida hittar du v\u00e5ra riktlinjer och kvalgr\u00e4nser f\u00f6r SM f\u00f6r olika \u00e5ldrar. Avklarade gr\u00e4nser inneb\u00e4r att du har r\u00e4tt att \u00e5ka p\u00e5 SM d\u00e4r klubben st\u00e5r f\u00f6r kostnaden. <br><br><a href=\"https:\/\/heleneholmsif.se\/friidrott\/wp-content\/uploads\/sites\/4\/2023\/10\/Inomhus-kvalgranser-2024-HIF.pdf\">Kvalgr\u00e4nser inomhuss\u00e4songen 2024<\/a><br><a href=\"https:\/\/heleneholmsif.se\/wp-content\/uploads\/2023\/10\/Kvalificering-SM-tavlingar.pdf\">Kvalgr\u00e4nser utomhus<\/a><br><br>F\u00f6r den aktiv som inte klarat kvalgr\u00e4ns men vill \u00e5ka finns m\u00f6jlighet att tillsammans med din tr\u00e4nare att ans\u00f6ka om att f\u00e5 \u00e5ka \u00e4nd\u00e5 om detta bed\u00f6ms rimligt. Skicka in en kortare motiverad sammanst\u00e4llning till friidrottsansvarig <a href=\"mailto:andre@heleneholmsif.se\">andre@heleneholmsif.se<\/a> s\u00e5 tittar han tillsammans med styrelsen p\u00e5 ans\u00f6kan. Detta kan t.ex vara om man ligger n\u00e4ra avklarad kvalgr\u00e4ns, missat st\u00f6rre delar av s\u00e4songen eller p\u00e5 annat s\u00e4tt gjort en insats f\u00f6r klubben som kan motivera ett beslut att f\u00e5 \u00e5ka.<\/p>\n","protected":false},"excerpt":{"rendered":"<p>P\u00e5 denna sida hittar du v\u00e5ra riktlinjer och kvalgr\u00e4nser f\u00f6r SM f\u00f6r olika \u00e5ldrar. Avklarade gr\u00e4nser inneb\u00e4r att du har r\u00e4tt att \u00e5ka p\u00e5 SM d\u00e4r klubben st\u00e5r f\u00f6r kostnaden. Kvalgr\u00e4nser inomhuss\u00e4songen 2024Kvalgr\u00e4nser utomhus F\u00f6r den aktiv som inte klarat kvalgr\u00e4ns men vill \u00e5ka finns m\u00f6jlighet att tillsammans med din tr\u00e4nare att ans\u00f6ka om att [&hellip;] <a href=\"https:\/\/heleneholmsif.se\/friidrott\/riktlinjer-for-sm\/\" class=\"readmore\">L\u00e4s mer<i class=\"icon-forward\"><\/i><\/a><\/p>\n","protected":false},"author":9,"featured_media":0,"parent":0,"menu_order":0,"comment_status":"closed","ping_status":"closed","template":"","meta":{"_mi_skip_tracking":false,"footnotes":""},"class_list":["post-4085","page","type-page","status-publish","hentry"],"_links":{"self":[{"href":"https:\/\/heleneholmsif.se\/friidrott\/wp-json\/wp\/v2\/pages\/4085","targetHints":{"allow":["GET"]}}],"collection":[{"href":"https:\/\/heleneholmsif.se\/friidrott\/wp-json\/wp\/v2\/pages"}],"about":[{"href":"https:\/\/heleneholmsif.se\/friidrott\/wp-json\/wp\/v2\/types\/page"}],"author":[{"embeddable":true,"href":"https:\/\/heleneholmsif.se\/friidrott\/wp-json\/wp\/v2\/users\/9"}],"replies":[{"embeddable":true,"href":"https:\/\/heleneholmsif.se\/friidrott\/wp-json\/wp\/v2\/comments?post=4085"}],"version-history":[{"count":3,"href":"https:\/\/heleneholmsif.se\/friidrott\/wp-json\/wp\/v2\/pages\/4085\/revisions"}],"predecessor-version":[{"id":4095,"href":"https:\/\/heleneholmsif.se\/friidrott\/wp-json\/wp\/v2\/pages\/4085\/revisions\/4095"}],"wp:attachment":[{"href":"https:\/\/heleneholmsif.se\/friidrott\/wp-json\/wp\/v2\/media?parent=4085"}],"curies":[{"name":"wp","href":"https:\/\/api.w.org\/{rel}","templated":true}]}}