{"id":474,"date":"2016-12-01T13:43:52","date_gmt":"2016-12-01T12:43:52","guid":{"rendered":"http:\/\/heleneholmsif.se\/friidrott\/?page_id=474"},"modified":"2021-08-19T13:20:32","modified_gmt":"2021-08-19T11:20:32","slug":"vill-du-bli-tranare","status":"publish","type":"page","link":"https:\/\/heleneholmsif.se\/friidrott\/traning\/vill-du-bli-tranare\/","title":{"rendered":"Engagera dig som tr\u00e4nare\/ledare?"},"content":{"rendered":"<p>En av de mest centrala delarna i all v\u00e5r verksamhet \u00e4r att vi har kompetenta, engagerade och ansvarsfulla ledare\/tr\u00e4nare f\u00f6r v\u00e5ra aktiva. F\u00f6r att kunna forts\u00e4tta utveckla v\u00e5r verksamhet och erbjuda bra tr\u00e4ning till v\u00e5ra aktiva s\u00f6ker vi titt som t\u00e4tt efter nya tr\u00e4nare som vill vara med och engagera sig i v\u00e5r verksamhet. <em><strong>F\u00f6r att kunna ans\u00f6ka om att bli tr\u00e4nare beh\u00f6ver du inte vara medlem i klubben sedan tidigare eller ha n\u00e5gon friidrottsbakgrund \u00e4ven om det kan ses som en god merit om du skulle ha det. Vi prioriterar ist\u00e4llet fr\u00e4mst engagemang, ansvarstagande viljan att utvecklas och att du trivs med att jobba med barn m.m.<\/strong><\/em><\/p>\n<p><strong>Detta f\u00e5r du som tr\u00e4nare<\/strong><\/p>\n<p>&#8211; Arvodesers\u00e4ttning<br \/>\n&#8211; Betald ledarutbildning inom friidrott och andra idrottskopplande utbildningar fr\u00e5n f\u00f6reningen.<br \/>\n&#8211; Erfarenhet och ledarmeriter.<br \/>\n&#8211; Tr\u00e4narkl\u00e4der<br \/>\n&#8211; Tr\u00e4ffa barn\/ungdomar som vill idrotta och utvecklas.<\/p>\n<p><strong>Ditt ansvar som tr\u00e4nare<\/strong><\/p>\n<p>&#8211; Planera och genomf\u00f6ra tr\u00e4ningspass efter de aktivas niv\u00e5er!<br \/>\n&#8211; Komma i god tid till tr\u00e4ningen!<br \/>\n&#8211; Ansvara f\u00f6r att tr\u00e4ningen sker p\u00e5 ett s\u00e5 s\u00e4kert s\u00e4tt som m\u00f6jligt f\u00f6r de aktiva!<br \/>\n&#8211; Bidra till att de aktiva utvecklas och har kul b\u00e5de som individer och grupp!<\/p>\n<p><strong>Krav f\u00f6r att kunna s\u00f6ka som tr\u00e4nare<\/strong><\/p>\n<p>&#8211; Du ska ha fyllt 16 \u00e5r (Hj\u00e4lptr\u00e4nare kan vara 13+).<br \/>\n&#8211; Anser dig vara ansvarsfull och ha ett engagemang f\u00f6r barn och idrott.<\/p>\n<p>Du ans\u00f6ker ditt intresse om att vilja bli tr\u00e4nare genom att <a href=\"mailto:sebastian@heleneholmsif.se\">maila hit <\/a>eller ringa 040 &#8211; 19 42 20. Skriv kort om dig sj\u00e4lv, eventuell bakgrund och varf\u00f6r du vill bli tr\u00e4nare f\u00f6r en av v\u00e5ra grupper.<\/p>\n","protected":false},"excerpt":{"rendered":"<p>En av de mest centrala delarna i all v\u00e5r verksamhet \u00e4r att vi har kompetenta, engagerade och ansvarsfulla ledare\/tr\u00e4nare f\u00f6r v\u00e5ra aktiva. F\u00f6r att kunna forts\u00e4tta utveckla v\u00e5r verksamhet och erbjuda bra tr\u00e4ning till v\u00e5ra aktiva s\u00f6ker vi titt som t\u00e4tt efter nya tr\u00e4nare som vill vara med och engagera sig i v\u00e5r verksamhet. F\u00f6r [&hellip;] <a href=\"https:\/\/heleneholmsif.se\/friidrott\/traning\/vill-du-bli-tranare\/\" class=\"readmore\">L\u00e4s mer<i class=\"icon-forward\"><\/i><\/a><\/p>\n","protected":false},"author":9,"featured_media":0,"parent":12,"menu_order":0,"comment_status":"closed","ping_status":"closed","template":"","meta":{"_mi_skip_tracking":false,"footnotes":""},"class_list":["post-474","page","type-page","status-publish","hentry"],"_links":{"self":[{"href":"https:\/\/heleneholmsif.se\/friidrott\/wp-json\/wp\/v2\/pages\/474","targetHints":{"allow":["GET"]}}],"collection":[{"href":"https:\/\/heleneholmsif.se\/friidrott\/wp-json\/wp\/v2\/pages"}],"about":[{"href":"https:\/\/heleneholmsif.se\/friidrott\/wp-json\/wp\/v2\/types\/page"}],"author":[{"embeddable":true,"href":"https:\/\/heleneholmsif.se\/friidrott\/wp-json\/wp\/v2\/users\/9"}],"replies":[{"embeddable":true,"href":"https:\/\/heleneholmsif.se\/friidrott\/wp-json\/wp\/v2\/comments?post=474"}],"version-history":[{"count":15,"href":"https:\/\/heleneholmsif.se\/friidrott\/wp-json\/wp\/v2\/pages\/474\/revisions"}],"predecessor-version":[{"id":3264,"href":"https:\/\/heleneholmsif.se\/friidrott\/wp-json\/wp\/v2\/pages\/474\/revisions\/3264"}],"up":[{"embeddable":true,"href":"https:\/\/heleneholmsif.se\/friidrott\/wp-json\/wp\/v2\/pages\/12"}],"wp:attachment":[{"href":"https:\/\/heleneholmsif.se\/friidrott\/wp-json\/wp\/v2\/media?parent=474"}],"curies":[{"name":"wp","href":"https:\/\/api.w.org\/{rel}","templated":true}]}}