{"id":6,"date":"2016-03-24T15:07:15","date_gmt":"2016-03-24T14:07:15","guid":{"rendered":"http:\/\/heleneholmsif.se\/friidrott\/?page_id=6"},"modified":"2024-08-12T22:30:43","modified_gmt":"2024-08-12T20:30:43","slug":"om-heleneholms-if-friidrott","status":"publish","type":"page","link":"https:\/\/heleneholmsif.se\/friidrott\/om-heleneholms-if-friidrott\/","title":{"rendered":"Om Heleneholms IF Friidrott"},"content":{"rendered":"<p>Friidrottsektionen i Heleneholms IF skapades i samband med att f\u00f6reningen bildades 1939. Friidrotten har en stark historia med en stor meritlista och var bl.a. under flera \u00e5r en av Sveriges b\u00e4sta friidrottsklubbar p\u00e5 seniorniv\u00e5. Under \u00e5ren har vi sysselsatt tusentals barn och ungdomar i staden. Varje \u00e5r \u00e4r vi med och anordnar flera stora arrangemang som friidrottst\u00e4vlingarna Atleticumsspelen, Jul-chansen och Pallassspelen samt ett av Sveriges st\u00f6rsta motionslopp Blodomloppet. F\u00f6reningen \u00e4r historiskt sett k\u00e4nd f\u00f6r att ta stort ansvar n\u00e4r det kommer till integration och andra sociala projekt i samh\u00e4llet. Vill du veta mer om f\u00f6reningens historia kan du l\u00e4sa mer <a href=\"http:\/\/heleneholmsif.se\/om-hif\/foreningshistoria\/\">h\u00e4r. <\/a><\/p>\n<div><p class=\"rating\"><i class=\"icon-rating\"><\/i><i class=\"icon-rating\"><\/i><i class=\"icon-rating\"><\/i><i class=\"icon-rating\"><\/i><i class=\"icon-rating\"><\/i><i class=\"icon-rating\"><\/i><i class=\"icon-rating\"><\/i><i class=\"icon-rating\"><\/i><i class=\"icon-rating\"><\/i><i class=\"icon-rating\"><\/i><br \/> <\/p><\/div>\n<div><strong>Bland de mest framg\u00e5ngsrika Heleneholmarna kan n\u00e4mnas: <\/strong><\/div>\n<ul type=\"disc\">\n<li>Kjell Alm, som tog klubbens f\u00f6rsta SM-guld 1951 p\u00e5 100m.<\/li>\n<li>Sven-\u00c5ke L\u00f6vgren, sprinterm\u00e4stare och landslagsman.<\/li>\n<li>Margareta (Larsson) L\u00f6vgren, ocks\u00e5 SM-guld och med i landslaget p\u00e5 100m.<\/li>\n<li>Carina Andersson, f\u00f6rsta svenska flicka \u00f6ver 180 i h\u00f6jdhopp.<\/li>\n<li>Caroline Isgren, f\u00f6rsta \u00f6ver 16 meter i kula.<\/li>\n<li>Tommy Persson, bl.a. segrare i Stockholm maraton.<\/li>\n<li>Johnny Kroon, hade det svenska rekordet p\u00e5 1500m i \u00f6ver 30 \u00e5r som nyligen slogs.<\/li>\n<li>Rikard Rasmusson, tv\u00e5a i junior-VM p\u00e5 400m.<\/li>\n<li>Patrik L\u00f6vgren, VM-sexa p\u00e5 60m inomhus 1997.<\/li>\n<li>Dessutom flera svenska seniorm\u00e4stare i m\u00e5ngkamp, Sten Ekberg, Glenn H\u00e5kansson, Einar Cronstedt, Robert W\u00e4rff och Kristina Rosenquist. Dessutom flera i junior- och ungdoms-SM.<\/li>\n<\/ul>\n<hr \/>\n<h2><span style=\"text-decoration: underline;\">Verksamheten idag <\/span><\/h2>\n<p>Idag bedriver friidrottssektionen verksamhet fr\u00e5n 6 \u00e5rs \u00e5lder genom s.k friidrottskolor upp till junior\/senior\/ samt veteranverksamhet d\u00e4refter. Heleneholms IF \u00e4r en familj\u00e4r friidrottsf\u00f6rening i Malm\u00f6 d\u00e4r <strong>gl\u00e4dje<\/strong>, <strong>gemenskap<\/strong> och <strong>utveckling<\/strong> \u00e4r h\u00f6rnstenarna i v\u00e5r verksamhet. I Heleneholms IF blir alla aktiva sedda och vi har n\u00e4ra relation till alla v\u00e5ra grupper vilket \u00e4r v\u00e5r styrka och skapar en <strong>unik gemenskap<\/strong> tillsammans med v\u00e5ra engagerade ledare.<\/p>\n<p>Vi bedriver just nu friidrott p\u00e5 tre st\u00e4llen i Malm\u00f6, Heleneholms IP, Malm\u00f6 stadion och ute i Oxie.<br \/>\nVi har tr\u00e4ningsgrupper fr\u00e5n sex \u00e5r upp till junior\/elit\/veteran. I yngsta \u00e5ldrarna f\u00e5r barnen tr\u00e4na alla grenar utifr\u00e5n deras niv\u00e5 blandat med lek. D\u00e4refter l\u00e4ggs det in en del fokus p\u00e5 teknik och koordination. N\u00e4r du blir \u00e4ldre finns m\u00f6jligheten att specialisera sig inom en viss gren om du \u00f6nskar. Ut\u00f6ver tr\u00e4ning tillkommer t\u00e4vlingar och andra viktiga sociala aktiviter som blir fler och st\u00f6rre ju \u00e4ldre barnet blir. F\u00f6r oss \u00e4r det viktigt att ha <strong>kul tillsammans<\/strong> b\u00e5de p\u00e5- och utanf\u00f6r friidrottsbanan. <strong>Gl\u00e4dje<\/strong> och <strong>gemenskap<\/strong> bygger framg\u00e5ng. Det finns tr\u00e4ningsgrupper f\u00f6r alla oavsett om du satsar p\u00e5 att bli b\u00e4st inom din gren eller enbart vill h\u00e5lla ig\u00e5ng\/tr\u00e4ffa kompisar. V\u00e5rt m\u00e5l \u00e4r att tr\u00e4ningen ska vara s\u00e5 lustfylld som m\u00f6jligt och att den ska passa dig oavsett niv\u00e5, ambition eller tidigare erfarenhet. L\u00e4s g\u00e4rna mer om v\u00e5r verksamhet och tr\u00e4ningsgrupper <a href=\"http:\/\/heleneholmsif.se\/friidrott\/traning\/traningsgrupper\/\">h\u00e4r.<\/a><\/p>\n","protected":false},"excerpt":{"rendered":"<p>Friidrottsektionen i Heleneholms IF skapades i samband med att f\u00f6reningen bildades 1939. Friidrotten har en stark historia med en stor meritlista och var bl.a. under flera \u00e5r en av Sveriges b\u00e4sta friidrottsklubbar p\u00e5 seniorniv\u00e5. Under \u00e5ren har vi sysselsatt tusentals barn och ungdomar i staden. Varje \u00e5r \u00e4r vi med och anordnar flera stora arrangemang [&hellip;] <a href=\"https:\/\/heleneholmsif.se\/friidrott\/om-heleneholms-if-friidrott\/\" class=\"readmore\">L\u00e4s mer<i class=\"icon-forward\"><\/i><\/a><\/p>\n","protected":false},"author":1,"featured_media":0,"parent":0,"menu_order":2,"comment_status":"closed","ping_status":"closed","template":"","meta":{"_mi_skip_tracking":false,"footnotes":""},"class_list":["post-6","page","type-page","status-publish","hentry"],"_links":{"self":[{"href":"https:\/\/heleneholmsif.se\/friidrott\/wp-json\/wp\/v2\/pages\/6","targetHints":{"allow":["GET"]}}],"collection":[{"href":"https:\/\/heleneholmsif.se\/friidrott\/wp-json\/wp\/v2\/pages"}],"about":[{"href":"https:\/\/heleneholmsif.se\/friidrott\/wp-json\/wp\/v2\/types\/page"}],"author":[{"embeddable":true,"href":"https:\/\/heleneholmsif.se\/friidrott\/wp-json\/wp\/v2\/users\/1"}],"replies":[{"embeddable":true,"href":"https:\/\/heleneholmsif.se\/friidrott\/wp-json\/wp\/v2\/comments?post=6"}],"version-history":[{"count":16,"href":"https:\/\/heleneholmsif.se\/friidrott\/wp-json\/wp\/v2\/pages\/6\/revisions"}],"predecessor-version":[{"id":4227,"href":"https:\/\/heleneholmsif.se\/friidrott\/wp-json\/wp\/v2\/pages\/6\/revisions\/4227"}],"wp:attachment":[{"href":"https:\/\/heleneholmsif.se\/friidrott\/wp-json\/wp\/v2\/media?parent=6"}],"curies":[{"name":"wp","href":"https:\/\/api.w.org\/{rel}","templated":true}]}}