{"id":603,"date":"2017-01-02T16:00:18","date_gmt":"2017-01-02T15:00:18","guid":{"rendered":"http:\/\/heleneholmsif.se\/friidrott\/?page_id=603"},"modified":"2021-05-06T12:35:17","modified_gmt":"2021-05-06T10:35:17","slug":"heleneholms-vartavling","status":"publish","type":"page","link":"https:\/\/heleneholmsif.se\/friidrott\/arrangemang\/heleneholms-vartavling\/","title":{"rendered":"Heleneholms v\u00e5rt\u00e4vling"},"content":{"rendered":"<figure id=\"attachment_886\" class=\"alignnone\" style=\"width: 200px;\"><a data-fancybox-title=\"\" class=\"zoom-hover fb\" href=\"http:\/\/heleneholmsif.se\/friidrott\/wp-content\/uploads\/sites\/4\/2017\/03\/v\u00e5rt\u00e4vling-banner.jpg\"><img loading=\"lazy\" decoding=\"async\" class=\" size-full wp-image-886\" src=\"http:\/\/heleneholmsif.se\/friidrott\/wp-content\/uploads\/sites\/4\/2017\/03\/v\u00e5rt\u00e4vling-banner.jpg\" alt=\"\" width=\"200\" height=\"96\" srcset=\"https:\/\/heleneholmsif.se\/friidrott\/wp-content\/uploads\/sites\/4\/2017\/03\/v\u00e5rt\u00e4vling-banner.jpg 200w, https:\/\/heleneholmsif.se\/friidrott\/wp-content\/uploads\/sites\/4\/2017\/03\/v\u00e5rt\u00e4vling-banner-125x60.jpg 125w\" sizes=\"auto, (max-width: 200px) 100vw, 200px\" \/><\/a><\/figure>\n<p>Heleneholms v\u00e5rt\u00e4vling \u00e4r en friidrottst\u00e4vling f\u00f6r seniorer och juniorer som Heleneholms IF arrangerar.<\/p>\n<p>2021 \u00e5rs t\u00e4vling \u00e4r tyv\u00e4rr inst\u00e4lld alternativt framflyttad till senare i sommar p.g.a. coronaviruset.<\/p>\n<p>Inbjudan<br \/>\nAnm\u00e4lan<br \/>\nStartlista<br \/>\nPM<br \/>\nTidsprogram<\/p>\n<hr \/>\n<ul>\n<li><a href=\"https:\/\/www.easyrecord.se\/result?7Hzdgg\">Resultat 2019<\/a><\/li>\n<li><a href=\"http:\/\/www.easyrecord.se\/result?JLKsMM\">Resultat 2018<\/a><\/li>\n<li><a href=\"http:\/\/heleneholmsif.se\/friidrott\/wp-content\/uploads\/sites\/4\/2017\/01\/Resultat-Heleneholms-v\u00e5rt\u00e4vling-23-maj.pdf\">Resultat 2017<\/a><\/li>\n<\/ul>\n","protected":false},"excerpt":{"rendered":"<p>Heleneholms v\u00e5rt\u00e4vling \u00e4r en friidrottst\u00e4vling f\u00f6r seniorer och juniorer som Heleneholms IF arrangerar. 2021 \u00e5rs t\u00e4vling \u00e4r tyv\u00e4rr inst\u00e4lld alternativt framflyttad till senare i sommar p.g.a. coronaviruset. Inbjudan Anm\u00e4lan Startlista PM Tidsprogram Resultat 2019 Resultat 2018 Resultat 2017<\/p>\n","protected":false},"author":9,"featured_media":0,"parent":270,"menu_order":0,"comment_status":"closed","ping_status":"closed","template":"","meta":{"_mi_skip_tracking":false,"footnotes":""},"class_list":["post-603","page","type-page","status-publish","hentry"],"_links":{"self":[{"href":"https:\/\/heleneholmsif.se\/friidrott\/wp-json\/wp\/v2\/pages\/603","targetHints":{"allow":["GET"]}}],"collection":[{"href":"https:\/\/heleneholmsif.se\/friidrott\/wp-json\/wp\/v2\/pages"}],"about":[{"href":"https:\/\/heleneholmsif.se\/friidrott\/wp-json\/wp\/v2\/types\/page"}],"author":[{"embeddable":true,"href":"https:\/\/heleneholmsif.se\/friidrott\/wp-json\/wp\/v2\/users\/9"}],"replies":[{"embeddable":true,"href":"https:\/\/heleneholmsif.se\/friidrott\/wp-json\/wp\/v2\/comments?post=603"}],"version-history":[{"count":44,"href":"https:\/\/heleneholmsif.se\/friidrott\/wp-json\/wp\/v2\/pages\/603\/revisions"}],"predecessor-version":[{"id":3127,"href":"https:\/\/heleneholmsif.se\/friidrott\/wp-json\/wp\/v2\/pages\/603\/revisions\/3127"}],"up":[{"embeddable":true,"href":"https:\/\/heleneholmsif.se\/friidrott\/wp-json\/wp\/v2\/pages\/270"}],"wp:attachment":[{"href":"https:\/\/heleneholmsif.se\/friidrott\/wp-json\/wp\/v2\/media?parent=603"}],"curies":[{"name":"wp","href":"https:\/\/api.w.org\/{rel}","templated":true}]}}