{"id":76,"date":"2016-04-28T09:23:26","date_gmt":"2016-04-28T07:23:26","guid":{"rendered":"http:\/\/heleneholmsif.se\/friidrott\/?page_id=76"},"modified":"2021-03-31T14:52:05","modified_gmt":"2021-03-31T12:52:05","slug":"sponsorer","status":"publish","type":"page","link":"https:\/\/heleneholmsif.se\/friidrott\/om-heleneholms-if-friidrott\/sponsorer\/","title":{"rendered":"Sponsorer"},"content":{"rendered":"<h2><strong>Klubbkl\u00e4der<\/strong><a href=\"http:\/\/heleneholmsif.se\/friidrott\/wp-content\/uploads\/sites\/4\/2016\/04\/stadium.png\"><br><\/a><figure id=\"attachment_237\" class=\"alignnone\" style=\"width: 300px;\"><a data-fancybox-title=\"\" class=\"zoom-hover fb\" href=\"https:\/\/www.stadium.se\/\"><img loading=\"lazy\" decoding=\"async\" class=\" wp-image-237 size-medium\" src=\"http:\/\/heleneholmsif.se\/friidrott\/wp-content\/uploads\/sites\/4\/2016\/04\/stadium-300x120.png\" alt=\"stadium\" width=\"300\" height=\"120\" srcset=\"https:\/\/heleneholmsif.se\/friidrott\/wp-content\/uploads\/sites\/4\/2016\/04\/stadium-300x120.png 300w, https:\/\/heleneholmsif.se\/friidrott\/wp-content\/uploads\/sites\/4\/2016\/04\/stadium-150x60.png 150w, https:\/\/heleneholmsif.se\/friidrott\/wp-content\/uploads\/sites\/4\/2016\/04\/stadium-364x146.png 364w, https:\/\/heleneholmsif.se\/friidrott\/wp-content\/uploads\/sites\/4\/2016\/04\/stadium.png 500w\" sizes=\"auto, (max-width: 300px) 100vw, 300px\" \/><\/a><\/figure><strong><figure id=\"attachment_326\" class=\"alignnone\" style=\"width: 300px;\"><a data-fancybox-title=\"\" class=\"zoom-hover fb\" href=\"http:\/\/adidas.se\"><img loading=\"lazy\" decoding=\"async\" class=\" wp-image-326 size-medium\" src=\"http:\/\/heleneholmsif.se\/friidrott\/wp-content\/uploads\/sites\/4\/2016\/11\/adidas-300x225.png\" alt=\"adidas\" width=\"300\" height=\"225\" srcset=\"https:\/\/heleneholmsif.se\/friidrott\/wp-content\/uploads\/sites\/4\/2016\/11\/adidas-300x225.png 300w, https:\/\/heleneholmsif.se\/friidrott\/wp-content\/uploads\/sites\/4\/2016\/11\/adidas-768x576.png 768w, https:\/\/heleneholmsif.se\/friidrott\/wp-content\/uploads\/sites\/4\/2016\/11\/adidas-80x60.png 80w, https:\/\/heleneholmsif.se\/friidrott\/wp-content\/uploads\/sites\/4\/2016\/11\/adidas-748x561.png 748w, https:\/\/heleneholmsif.se\/friidrott\/wp-content\/uploads\/sites\/4\/2016\/11\/adidas-364x273.png 364w, https:\/\/heleneholmsif.se\/friidrott\/wp-content\/uploads\/sites\/4\/2016\/11\/adidas.png 880w\" sizes=\"auto, (max-width: 300px) 100vw, 300px\" \/><\/a><\/figure><br><\/strong><\/h2>\n<p><\/p>\n<hr>\n\n\n<h2 class=\"wp-block-heading\">Andra Samarbetpartners<\/h2>\n\n\n\n<figure class=\"wp-block-image size-large is-resized is-style-default\"><figure id=\"attachment_3053\" class=\"alignnone\" style=\"width: 319px;\"><a data-fancybox-title=\"\" class=\"zoom-hover fb\" href=\"https:\/\/www.runnersstore.se\/\" target=\"_blank\" rel=\"noopener\"><img loading=\"lazy\" decoding=\"async\" src=\"http:\/\/heleneholmsif.se\/friidrott\/wp-content\/uploads\/sites\/4\/2021\/03\/Runners-Store_CMYK.jpg\" alt=\"\" class=\"wp-image-3053\" width=\"319\" height=\"98\"\/><\/a><\/figure><\/figure>\n\n\n<p>Genom att vara medlem i Heleneholms IF f\u00e5r du <strong>20 % klubbrabatt<\/strong> hos l\u00f6parbutiken Runner\u2019s store. Erbjudandet g\u00e4ller f\u00f6r skor och kl\u00e4der. \u00d6vrigt som t.ex. elektronik ger dig 10 % rabatt. <a href=\"https:\/\/www.runnersstore.se\/\">https:\/\/www.runnersstore.se\/<\/a><\/p>\n<hr>\n<figure id=\"attachment_1398\" class=\"alignnone\" style=\"width: 250px;\"><a data-fancybox-title=\"\" class=\"zoom-hover fb\" href=\"https:\/\/www.aktivitus.se\/\"><img loading=\"lazy\" decoding=\"async\" class=\" wp-image-1398 size-full\" src=\"http:\/\/heleneholmsif.se\/triathlon\/wp-content\/uploads\/sites\/3\/2021\/01\/Aktivius.png\" alt=\"\" width=\"250\" height=\"85\"><\/a><\/figure>\n<p>Heleneholms IF har ett samarbete med Aktivitus Malm\u00f6! P\u00e5 Aktivitus kan du ta reda p\u00e5 din kondition genom ett VO2max test eller f\u00e5 dina individuella pulszoner och tr\u00f6sklar i ett avancerat test f\u00f6r antingen l\u00f6pning, cykel eller triathlon. G\u00f6r du b\u00e5de ett VO2max test och ett avancerat test f\u00e5r du en helhetsbild och vet d\u00e5 vilka delar just du beh\u00f6ver tr\u00e4na p\u00e5 f\u00f6r att kunna prestera b\u00e4ttre. Det finns \u00e4ven m\u00f6jlighet att genomf\u00f6ra en l\u00f6pteknikanalys f\u00e5r att f\u00e5 tips och r\u00e5d p\u00e5 vad du kan f\u00f6rb\u00e4ttra i din l\u00f6pteknik.&nbsp;<\/p>\n<p><strong>Medlemsf\u00f6rm\u00e5n:<\/strong>&nbsp;<strong>Medlemmar f\u00e5r 10 %<\/strong> p\u00e5 Aktivitus frist\u00e5ende tester (ej l\u00f6pande membership). P\u00e5 Aktivitus kan du ta reda p\u00e5 din kondition genom ett VO2max test eller f\u00e5 dina individuella pulszoner och tr\u00f6sklar i ett avancerat test f\u00f6r antingen l\u00f6pning, cykel eller triathlon. Mer information och bokning g\u00f6rs p\u00e5&nbsp;<a href=\"https:\/\/www.aktivitus.se\/\" data-type=\"URL\" data-id=\"https:\/\/www.aktivitus.se\/\">Aktivitus.se<\/a>. Skriv att du tillh\u00f6r Heleneholm vid bokning s\u00e5 f\u00e5r du 10 % rabatt. <a href=\"https:\/\/www.aktivitus.se\/\">https:\/\/www.aktivitus.se\/<\/a><\/p>\n<hr>\n\n\n<figure class=\"wp-block-image\"><figure id=\"attachment_2011\" class=\"alignnone\"><a data-fancybox-title=\"\" class=\"zoom-hover fb\" href=\"https:\/\/majblomman.se\/\" target=\"_blank\" rel=\"noopener\"><img loading=\"lazy\" decoding=\"async\" width=\"153\" height=\"122\" src=\"http:\/\/heleneholmsif.se\/friidrott\/wp-content\/uploads\/sites\/4\/2018\/12\/majblomman_logo_2018_153x122.png\" alt=\"\" class=\"wp-image-2011\" srcset=\"https:\/\/heleneholmsif.se\/friidrott\/wp-content\/uploads\/sites\/4\/2018\/12\/majblomman_logo_2018_153x122.png 153w, https:\/\/heleneholmsif.se\/friidrott\/wp-content\/uploads\/sites\/4\/2018\/12\/majblomman_logo_2018_153x122-75x60.png 75w\" sizes=\"auto, (max-width: 153px) 100vw, 153px\" \/><\/a><\/figure><\/figure>\n\n\n<p>F\u00f6reningen har ett samarbete med ideella verksamheten <a href=\"https:\/\/majblomman.se\/\">Majblomman<\/a>. Tillsammans hj\u00e4lps vi \u00e5t att minska p\u00e5 barnfattigdomen. Vi erbjuder speciellt medlemskap f\u00f6r de som s\u00f6ker bidrag via majblomman, f\u00f6r att alla barn ska ha r\u00e5d att idrotta. Under v\u00e5ren hj\u00e4lper flertalet av v\u00e5ra ungdomar till att samla in pengar genom att s\u00e4lja blommor, d\u00e4r hela f\u00f6rtj\u00e4nsten som g\u00e5r tillbaka till s\u00e4ljaren fr\u00e5n Majblomman g\u00e5r till de aktiva sj\u00e4lva samt l\u00e4ger\/t\u00e4vlingsresor m.m.<\/p>\n<hr>\n\n\n<figure class=\"wp-block-image\"><figure id=\"attachment_3017\" class=\"alignnone\"><a data-fancybox-title=\"\" class=\"zoom-hover fb\" href=\"https:\/\/myllamat.se\/\"><img decoding=\"async\" src=\"http:\/\/heleneholmsif.se\/friidrott\/wp-content\/uploads\/sites\/4\/2020\/11\/Logo-Mylla_180x.png\" alt=\"\" class=\"wp-image-3017\"\/><\/a><\/figure><\/figure>\n\n\n<p>Heleneholms IF har inlett ett samarbete med lokala matkassen Myllamat. F\u00f6r varje best\u00e4llning som g\u00f6rs<br \/>med rabattkoden \u201d<strong>HIF20<\/strong>\u201d g\u00e5r 20 kr oavkortat till v\u00e5r f\u00f6rening. P\u00e5 s\u00e5 s\u00e4tt st\u00f6ttar du b\u00e5de oss och lokala<br \/>b\u00f6nder samtidigt som du f\u00e5r en matkasse med lokala r\u00e5varor hemskickad till dig. L\u00e4s g\u00e4rna mer om v\u00e5rt<br \/>samarbete p\u00e5: http:\/\/heleneholmsif.se\/wp-content\/uploads\/2020\/10\/informationsblad-a4-heleneholm.pdf<\/p>\n<hr \/>","protected":false},"excerpt":{"rendered":"<p>Klubbkl\u00e4der Andra Samarbetpartners Genom att vara medlem i Heleneholms IF f\u00e5r du 20 % klubbrabatt hos l\u00f6parbutiken Runner\u2019s store. Erbjudandet g\u00e4ller f\u00f6r skor och kl\u00e4der. \u00d6vrigt som t.ex. elektronik ger dig 10 % rabatt. https:\/\/www.runnersstore.se\/ Heleneholms IF har ett samarbete med Aktivitus Malm\u00f6! P\u00e5 Aktivitus kan du ta reda p\u00e5 din kondition genom ett VO2max [&hellip;] <a href=\"https:\/\/heleneholmsif.se\/friidrott\/om-heleneholms-if-friidrott\/sponsorer\/\" class=\"readmore\">L\u00e4s mer<i class=\"icon-forward\"><\/i><\/a><\/p>\n","protected":false},"author":1,"featured_media":0,"parent":6,"menu_order":0,"comment_status":"closed","ping_status":"closed","template":"","meta":{"_mi_skip_tracking":false,"footnotes":""},"class_list":["post-76","page","type-page","status-publish","hentry"],"_links":{"self":[{"href":"https:\/\/heleneholmsif.se\/friidrott\/wp-json\/wp\/v2\/pages\/76","targetHints":{"allow":["GET"]}}],"collection":[{"href":"https:\/\/heleneholmsif.se\/friidrott\/wp-json\/wp\/v2\/pages"}],"about":[{"href":"https:\/\/heleneholmsif.se\/friidrott\/wp-json\/wp\/v2\/types\/page"}],"author":[{"embeddable":true,"href":"https:\/\/heleneholmsif.se\/friidrott\/wp-json\/wp\/v2\/users\/1"}],"replies":[{"embeddable":true,"href":"https:\/\/heleneholmsif.se\/friidrott\/wp-json\/wp\/v2\/comments?post=76"}],"version-history":[{"count":11,"href":"https:\/\/heleneholmsif.se\/friidrott\/wp-json\/wp\/v2\/pages\/76\/revisions"}],"predecessor-version":[{"id":3060,"href":"https:\/\/heleneholmsif.se\/friidrott\/wp-json\/wp\/v2\/pages\/76\/revisions\/3060"}],"up":[{"embeddable":true,"href":"https:\/\/heleneholmsif.se\/friidrott\/wp-json\/wp\/v2\/pages\/6"}],"wp:attachment":[{"href":"https:\/\/heleneholmsif.se\/friidrott\/wp-json\/wp\/v2\/media?parent=76"}],"curies":[{"name":"wp","href":"https:\/\/api.w.org\/{rel}","templated":true}]}}