{"id":8,"date":"2016-03-24T15:07:50","date_gmt":"2016-03-24T14:07:50","guid":{"rendered":"http:\/\/heleneholmsif.se\/friidrott\/?page_id=8"},"modified":"2024-03-22T09:20:16","modified_gmt":"2024-03-22T08:20:16","slug":"bli-medlem","status":"publish","type":"page","link":"https:\/\/heleneholmsif.se\/friidrott\/bli-medlem\/","title":{"rendered":"Bli medlem"},"content":{"rendered":"<div align=\"left\">\n<h2><strong>Medlemsavgifter 2022<\/strong><\/h2>\n<div class=\"su-table su-table-alternate\">\n<table>\n<tbody>\n<tr>\n<td>-15 \u00e5r<\/td>\n<td>700:-<\/td>\n<\/tr>\n<tr>\n<td>16 \u00e5r och \u00e4ldre<\/td>\n<td>900:-<\/td>\n<\/tr>\n<tr>\n<td>Familjeavgift<\/td>\n<td>1600:-<\/td>\n<\/tr>\n<tr>\n<td>HIF:v\u00e4n<\/td>\n<td>400:-<\/td>\n<\/tr>\n<tr>\n<td>St\u00e4ndig medlem<\/td>\n<td>8500:-<\/td>\n<\/tr>\n<\/tbody>\n<\/table>\n<\/div>\n<\/div>\n<ul>\n<li>Ovanst\u00e5ende avgifter \u00e4r hel\u00e5rs (januari-december)<\/li>\n<li>Efter 1 juli g\u00e4ller halv medlemsavgift.<\/li>\n<li>G\u00e4ller inte tr\u00e4ningsavgift och st\u00e4ndig medlem.<\/li>\n<li><strong>Du har m\u00f6jlighet att provtr\u00e4na tv\u00e5 g\u00e5nger utan att beh\u00f6va bli medlem.<\/strong><\/li>\n<\/ul>\n<p align=\"left\"><em>Observera att en tr\u00e4ningsavgift ocks\u00e5 beh\u00f6ver betalas f\u00f6r att ha m\u00f6jlighet att tr\u00e4na och t\u00e4vla.<\/em><\/p>\n<table>\n<tbody>\n<tr>\n<td>-15 \u00e5r<\/td>\n<td>400:-<\/td>\n<\/tr>\n<tr>\n<td>16 \u00e5r och \u00e4ldre<\/td>\n<td>\n<p>500:-<\/p>\n<\/td>\n<\/tr>\n<\/tbody>\n<\/table>\n\n\n<p><strong>Efter tv\u00e5 provtr\u00e4ningar skickas en faktura till dig p\u00e5 mail.<\/strong> Fr\u00e5n 2019 kan vi erbjuda smidig kortbetalning samt m\u00f6jlighet till att delbetala medlemskapet. F\u00f6r detta tillkommer en liten adminstrationsavgift.<br>Om du inte vill betala med kort kan du betala in p\u00e5<br><strong> Bankgiro 975 \u2013 76 26<\/strong> <br><br><\/p>\n","protected":false},"excerpt":{"rendered":"<p>Medlemsavgifter 2022 Ovanst\u00e5ende avgifter \u00e4r hel\u00e5rs (januari-december) Efter 1 juli g\u00e4ller halv medlemsavgift. G\u00e4ller inte tr\u00e4ningsavgift och st\u00e4ndig medlem. Du har m\u00f6jlighet att provtr\u00e4na tv\u00e5 g\u00e5nger utan att beh\u00f6va bli medlem. Observera att en tr\u00e4ningsavgift ocks\u00e5 beh\u00f6ver betalas f\u00f6r att ha m\u00f6jlighet att tr\u00e4na och t\u00e4vla. -15 \u00e5r 400:- 16 \u00e5r och \u00e4ldre 500:- Efter [&hellip;] <a href=\"https:\/\/heleneholmsif.se\/friidrott\/bli-medlem\/\" class=\"readmore\">L\u00e4s mer<i class=\"icon-forward\"><\/i><\/a><\/p>\n","protected":false},"author":9,"featured_media":0,"parent":0,"menu_order":5,"comment_status":"closed","ping_status":"closed","template":"","meta":{"_mi_skip_tracking":false,"footnotes":""},"class_list":["post-8","page","type-page","status-publish","hentry"],"_links":{"self":[{"href":"https:\/\/heleneholmsif.se\/friidrott\/wp-json\/wp\/v2\/pages\/8","targetHints":{"allow":["GET"]}}],"collection":[{"href":"https:\/\/heleneholmsif.se\/friidrott\/wp-json\/wp\/v2\/pages"}],"about":[{"href":"https:\/\/heleneholmsif.se\/friidrott\/wp-json\/wp\/v2\/types\/page"}],"author":[{"embeddable":true,"href":"https:\/\/heleneholmsif.se\/friidrott\/wp-json\/wp\/v2\/users\/9"}],"replies":[{"embeddable":true,"href":"https:\/\/heleneholmsif.se\/friidrott\/wp-json\/wp\/v2\/comments?post=8"}],"version-history":[{"count":23,"href":"https:\/\/heleneholmsif.se\/friidrott\/wp-json\/wp\/v2\/pages\/8\/revisions"}],"predecessor-version":[{"id":4201,"href":"https:\/\/heleneholmsif.se\/friidrott\/wp-json\/wp\/v2\/pages\/8\/revisions\/4201"}],"wp:attachment":[{"href":"https:\/\/heleneholmsif.se\/friidrott\/wp-json\/wp\/v2\/media?parent=8"}],"curies":[{"name":"wp","href":"https:\/\/api.w.org\/{rel}","templated":true}]}}