{"id":98,"date":"2016-04-28T10:36:34","date_gmt":"2016-04-28T08:36:34","guid":{"rendered":"http:\/\/heleneholmsif.se\/friidrott\/?page_id=98"},"modified":"2024-03-20T13:03:45","modified_gmt":"2024-03-20T12:03:45","slug":"kontakt","status":"publish","type":"page","link":"https:\/\/heleneholmsif.se\/friidrott\/kontakt\/","title":{"rendered":"Kontakt"},"content":{"rendered":"<p><strong>Post- och bes\u00f6ksadress:<\/strong><br \/>\nHeleneholms IF Ystadv\u00e4gen 23 B &#8211; <a href=\"https:\/\/www.google.se\/maps\/dir\/''\/heleneholms+if\/@55.578919,12.9446176,12z\/data=!3m1!4b1!4m8!4m7!1m0!1m5!1m1!1s0x4653a16ad43db365:0x853b1d6de30764dd!2m2!1d13.014657!2d55.578939\" target=\"_blank\" rel=\"noopener noreferrer\">Hitta hit <\/a><br \/>\n214 45 Malm\u00f6<\/p>\n<p><strong>Bankgiro: <\/strong>975-7626<br \/>\n<strong>Swish-nr: <\/strong>123 466 44 62<\/p>\n<p><strong>Ordinarie \u00f6ppettider kansli:<br \/>\n<\/strong>M\u00e5ndag-torsdag: 08:00-16:00<br \/>\nFredag: 08:00-13:00<\/p>\n<p><strong>Tel kansli: <\/strong>040-19 42 20<br \/>\n<strong>E-mail:<\/strong> <a href=\"mailto:kansli@heleneholmsif.se\">kansli@heleneholmsif.se<\/a><\/p>\n<p><strong>Kanslipersonal:<\/strong><\/p>\n<p>Maria Kvant &#8211; Ansvarig Centrala Blodomloppet tel: 040-19 42 20 &#8211; <a href=\"mailto:maria@heleneholmsif.se\">Mail<\/a><br \/>\nVanessa Hollender &#8211; Ansvarig Triathlon, L\u00f6pning och Para tel: 040-19 42 20 &#8211; <a href=\"mailto:vanessa@heleneholmsif.se\">Mail<\/a><br \/>\nAndre Ilve &#8211; Ansvarig Friidrott tel: 040-19 42 20 &#8211; <a href=\"andre@heleneholmsif.se\">Mail<\/a><\/p>\n","protected":false},"excerpt":{"rendered":"<p>Post- och bes\u00f6ksadress: Heleneholms IF Ystadv\u00e4gen 23 B &#8211; Hitta hit 214 45 Malm\u00f6 Bankgiro: 975-7626 Swish-nr: 123 466 44 62 Ordinarie \u00f6ppettider kansli: M\u00e5ndag-torsdag: 08:00-16:00 Fredag: 08:00-13:00 Tel kansli: 040-19 42 20 E-mail: kansli@heleneholmsif.se Kanslipersonal: Maria Kvant &#8211; Ansvarig Centrala Blodomloppet tel: 040-19 42 20 &#8211; Mail Vanessa Hollender &#8211; Ansvarig Triathlon, L\u00f6pning och [&hellip;] <a href=\"https:\/\/heleneholmsif.se\/friidrott\/kontakt\/\" class=\"readmore\">L\u00e4s mer<i class=\"icon-forward\"><\/i><\/a><\/p>\n","protected":false},"author":1,"featured_media":0,"parent":0,"menu_order":6,"comment_status":"closed","ping_status":"closed","template":"","meta":{"_mi_skip_tracking":false,"footnotes":""},"class_list":["post-98","page","type-page","status-publish","hentry"],"_links":{"self":[{"href":"https:\/\/heleneholmsif.se\/friidrott\/wp-json\/wp\/v2\/pages\/98","targetHints":{"allow":["GET"]}}],"collection":[{"href":"https:\/\/heleneholmsif.se\/friidrott\/wp-json\/wp\/v2\/pages"}],"about":[{"href":"https:\/\/heleneholmsif.se\/friidrott\/wp-json\/wp\/v2\/types\/page"}],"author":[{"embeddable":true,"href":"https:\/\/heleneholmsif.se\/friidrott\/wp-json\/wp\/v2\/users\/1"}],"replies":[{"embeddable":true,"href":"https:\/\/heleneholmsif.se\/friidrott\/wp-json\/wp\/v2\/comments?post=98"}],"version-history":[{"count":18,"href":"https:\/\/heleneholmsif.se\/friidrott\/wp-json\/wp\/v2\/pages\/98\/revisions"}],"predecessor-version":[{"id":4199,"href":"https:\/\/heleneholmsif.se\/friidrott\/wp-json\/wp\/v2\/pages\/98\/revisions\/4199"}],"wp:attachment":[{"href":"https:\/\/heleneholmsif.se\/friidrott\/wp-json\/wp\/v2\/media?parent=98"}],"curies":[{"name":"wp","href":"https:\/\/api.w.org\/{rel}","templated":true}]}}