{"id":1247,"date":"2017-12-07T04:43:09","date_gmt":"2017-12-07T03:43:09","guid":{"rendered":"http:\/\/heleneholmsif.se\/langlopning\/?page_id=1247"},"modified":"2021-04-22T11:35:05","modified_gmt":"2021-04-22T09:35:05","slug":"dmvdm-5-000-m","status":"publish","type":"page","link":"https:\/\/heleneholmsif.se\/langlopning\/tavling\/dmvdm-5-000-m\/","title":{"rendered":"DM\/VDM 5.000 m"},"content":{"rendered":"<p>Heleneholms IF arrangerar d\u00e5 och d\u00e5 DM\/VDM p\u00e5 5000m. Nedan hittar du resultat fr\u00e5n \u00e5ren vi arrangerat 5000m.<\/p>\n<p><a href=\"http:\/\/heleneholmsif.se\/langlopning\/wp-content\/uploads\/sites\/5\/2018\/05\/DM_VDM-5000-m-2018-resultat.pdf\" target=\"_blank\" rel=\"noopener\">DM\/VDM 5000 m 2018 resultat<\/a><\/p>\n","protected":false},"excerpt":{"rendered":"<p>Heleneholms IF arrangerar d\u00e5 och d\u00e5 DM\/VDM p\u00e5 5000m. Nedan hittar du resultat fr\u00e5n \u00e5ren vi arrangerat 5000m. DM\/VDM 5000 m 2018 resultat<\/p>\n","protected":false},"author":7,"featured_media":0,"parent":14,"menu_order":4,"comment_status":"closed","ping_status":"closed","template":"","meta":{"_mi_skip_tracking":false,"footnotes":""},"class_list":["post-1247","page","type-page","status-publish","hentry"],"_links":{"self":[{"href":"https:\/\/heleneholmsif.se\/langlopning\/wp-json\/wp\/v2\/pages\/1247","targetHints":{"allow":["GET"]}}],"collection":[{"href":"https:\/\/heleneholmsif.se\/langlopning\/wp-json\/wp\/v2\/pages"}],"about":[{"href":"https:\/\/heleneholmsif.se\/langlopning\/wp-json\/wp\/v2\/types\/page"}],"author":[{"embeddable":true,"href":"https:\/\/heleneholmsif.se\/langlopning\/wp-json\/wp\/v2\/users\/7"}],"replies":[{"embeddable":true,"href":"https:\/\/heleneholmsif.se\/langlopning\/wp-json\/wp\/v2\/comments?post=1247"}],"version-history":[{"count":3,"href":"https:\/\/heleneholmsif.se\/langlopning\/wp-json\/wp\/v2\/pages\/1247\/revisions"}],"predecessor-version":[{"id":3513,"href":"https:\/\/heleneholmsif.se\/langlopning\/wp-json\/wp\/v2\/pages\/1247\/revisions\/3513"}],"up":[{"embeddable":true,"href":"https:\/\/heleneholmsif.se\/langlopning\/wp-json\/wp\/v2\/pages\/14"}],"wp:attachment":[{"href":"https:\/\/heleneholmsif.se\/langlopning\/wp-json\/wp\/v2\/media?parent=1247"}],"curies":[{"name":"wp","href":"https:\/\/api.w.org\/{rel}","templated":true}]}}