{"id":14,"date":"2016-03-24T15:08:25","date_gmt":"2016-03-24T14:08:25","guid":{"rendered":"http:\/\/heleneholmsif.se\/langlopning\/?page_id=14"},"modified":"2016-12-12T14:54:10","modified_gmt":"2016-12-12T13:54:10","slug":"tavling","status":"publish","type":"page","link":"https:\/\/heleneholmsif.se\/langlopning\/tavling\/","title":{"rendered":"Arrangemang"},"content":{"rendered":"<p>Heleneholms IF arrangerar varje \u00e5r m\u00e5nga egna lopp. Du hittar mer info om respektive t\u00e4vling i v\u00e4nsterfliken.<\/p>\n","protected":false},"excerpt":{"rendered":"<p>Heleneholms IF arrangerar varje \u00e5r m\u00e5nga egna lopp. Du hittar mer info om respektive t\u00e4vling i v\u00e4nsterfliken.<\/p>\n","protected":false},"author":1,"featured_media":0,"parent":0,"menu_order":4,"comment_status":"closed","ping_status":"closed","template":"","meta":{"_mi_skip_tracking":false,"footnotes":""},"class_list":["post-14","page","type-page","status-publish","hentry"],"_links":{"self":[{"href":"https:\/\/heleneholmsif.se\/langlopning\/wp-json\/wp\/v2\/pages\/14","targetHints":{"allow":["GET"]}}],"collection":[{"href":"https:\/\/heleneholmsif.se\/langlopning\/wp-json\/wp\/v2\/pages"}],"about":[{"href":"https:\/\/heleneholmsif.se\/langlopning\/wp-json\/wp\/v2\/types\/page"}],"author":[{"embeddable":true,"href":"https:\/\/heleneholmsif.se\/langlopning\/wp-json\/wp\/v2\/users\/1"}],"replies":[{"embeddable":true,"href":"https:\/\/heleneholmsif.se\/langlopning\/wp-json\/wp\/v2\/comments?post=14"}],"version-history":[{"count":3,"href":"https:\/\/heleneholmsif.se\/langlopning\/wp-json\/wp\/v2\/pages\/14\/revisions"}],"predecessor-version":[{"id":398,"href":"https:\/\/heleneholmsif.se\/langlopning\/wp-json\/wp\/v2\/pages\/14\/revisions\/398"}],"wp:attachment":[{"href":"https:\/\/heleneholmsif.se\/langlopning\/wp-json\/wp\/v2\/media?parent=14"}],"curies":[{"name":"wp","href":"https:\/\/api.w.org\/{rel}","templated":true}]}}