{"id":172,"date":"2016-11-24T04:52:46","date_gmt":"2016-11-24T03:52:46","guid":{"rendered":"http:\/\/heleneholmsif.se\/langlopning\/?page_id=172"},"modified":"2024-08-15T07:56:48","modified_gmt":"2024-08-15T05:56:48","slug":"uppdrag","status":"publish","type":"page","link":"https:\/\/heleneholmsif.se\/langlopning\/om-hif-langlopning\/styrelser\/uppdrag\/","title":{"rendered":"Uppdrag"},"content":{"rendered":"<table border=\"0\" width=\"600\" cellspacing=\"1\" cellpadding=\"1\" align=\"center\">\n<tbody>\n<tr>\n<td nowrap=\"nowrap\" width=\"300\">Ansv. terr\u00e4ng- och l\u00e5nglopp<\/td>\n<td>&#8211;<\/td>\n<\/tr>\n<tr>\n<td>Ansv. veteranfriidrott (arena)<\/td>\n<td>Gunnar Sterner<\/td>\n<\/tr>\n<tr>\n<td>T\u00e4vlingsanm\u00e4lningar, DM\/SM<\/td>\n<td>Vanessa Hollender<\/td>\n<\/tr>\n<tr>\n<td><\/td>\n<td><\/td>\n<\/tr>\n<tr>\n<td>L\u00f6psedeln (sammankallande i red.kommitt\u00e9)<\/td>\n<td><\/td>\n<\/tr>\n<tr>\n<td>T\u00e4vlingskl\u00e4der<\/td>\n<td>Vanessa Hollender<\/td>\n<\/tr>\n<tr>\n<td>Marathonstatistik<\/td>\n<td><\/td>\n<\/tr>\n<tr>\n<td>Hemsida<\/td>\n<td>\/Vanessa Hollender<\/td>\n<\/tr>\n<tr>\n<td>M\u00e5ndagstr\u00e4ning<\/td>\n<td><\/td>\n<\/tr>\n<tr>\n<td>Tisdagstr\u00e4ning<\/td>\n<td>Vanessa Hollender<\/td>\n<\/tr>\n<tr>\n<td>Torsdagstr\u00e4ning<\/td>\n<td>Vanessa Hollender<\/td>\n<\/tr>\n<tr>\n<td>L\u00f6rdagstr\u00e4ning (l\u00e5ngpass)<\/td>\n<td>Ej tr\u00e4narlett<\/td>\n<\/tr>\n<\/tbody>\n<\/table>\n","protected":false},"excerpt":{"rendered":"<p>Ansv. terr\u00e4ng- och l\u00e5nglopp &#8211; Ansv. veteranfriidrott (arena) Gunnar Sterner T\u00e4vlingsanm\u00e4lningar, DM\/SM Vanessa Hollender L\u00f6psedeln (sammankallande i red.kommitt\u00e9) T\u00e4vlingskl\u00e4der Vanessa Hollender Marathonstatistik Hemsida \/Vanessa Hollender M\u00e5ndagstr\u00e4ning Tisdagstr\u00e4ning Vanessa Hollender Torsdagstr\u00e4ning Vanessa Hollender L\u00f6rdagstr\u00e4ning (l\u00e5ngpass) Ej tr\u00e4narlett<\/p>\n","protected":false},"author":7,"featured_media":0,"parent":72,"menu_order":3,"comment_status":"closed","ping_status":"closed","template":"","meta":{"_mi_skip_tracking":false,"footnotes":""},"class_list":["post-172","page","type-page","status-publish","hentry"],"_links":{"self":[{"href":"https:\/\/heleneholmsif.se\/langlopning\/wp-json\/wp\/v2\/pages\/172","targetHints":{"allow":["GET"]}}],"collection":[{"href":"https:\/\/heleneholmsif.se\/langlopning\/wp-json\/wp\/v2\/pages"}],"about":[{"href":"https:\/\/heleneholmsif.se\/langlopning\/wp-json\/wp\/v2\/types\/page"}],"author":[{"embeddable":true,"href":"https:\/\/heleneholmsif.se\/langlopning\/wp-json\/wp\/v2\/users\/7"}],"replies":[{"embeddable":true,"href":"https:\/\/heleneholmsif.se\/langlopning\/wp-json\/wp\/v2\/comments?post=172"}],"version-history":[{"count":10,"href":"https:\/\/heleneholmsif.se\/langlopning\/wp-json\/wp\/v2\/pages\/172\/revisions"}],"predecessor-version":[{"id":4523,"href":"https:\/\/heleneholmsif.se\/langlopning\/wp-json\/wp\/v2\/pages\/172\/revisions\/4523"}],"up":[{"embeddable":true,"href":"https:\/\/heleneholmsif.se\/langlopning\/wp-json\/wp\/v2\/pages\/72"}],"wp:attachment":[{"href":"https:\/\/heleneholmsif.se\/langlopning\/wp-json\/wp\/v2\/media?parent=172"}],"curies":[{"name":"wp","href":"https:\/\/api.w.org\/{rel}","templated":true}]}}