{"id":174,"date":"2016-11-24T04:55:38","date_gmt":"2016-11-24T03:55:38","guid":{"rendered":"http:\/\/heleneholmsif.se\/langlopning\/?page_id=174"},"modified":"2019-01-06T02:00:21","modified_gmt":"2019-01-06T01:00:21","slug":"lankar","status":"publish","type":"page","link":"https:\/\/heleneholmsif.se\/langlopning\/lankar\/","title":{"rendered":"L\u00e4nkar"},"content":{"rendered":"<table style=\"height: 1733px\" border=\"0\" width=\"668\" cellspacing=\"1\" cellpadding=\"1\">\n<tbody>\n<tr>\n<td width=\"200\"><span style=\"font-size: medium\"><strong>T\u00e4vlingar<\/strong><\/span><\/td>\n<td width=\"400\"><\/td>\n<\/tr>\n<tr>\n<td><a href=\"http:\/\/www.skanefriidrott.org\/tavlingar\/\" target=\"_blank\" rel=\"noopener\">Sk\u00e5nskt t\u00e4vlingsprogram<\/a><\/td>\n<td>\u00a0Aktuellt friidrottsprogram inomhus, arena,<br \/>\nl\u00e5nglopp och veterant\u00e4vlingar<\/td>\n<\/tr>\n<tr>\n<td><a href=\"http:\/\/www.friidrott.se\/tavling\/program.aspx\" target=\"_blank\" rel=\"noopener\">Svenskt t\u00e4vlingsprogram<\/a><\/td>\n<td>\u00a0N\u00e4rmaste m\u00e5nadens svenska friidrottsprogram<\/td>\n<\/tr>\n<tr>\n<td><a href=\"http:\/\/www.springiskane.se\" target=\"_blank\" rel=\"noopener\">Sk\u00e5nska l\u00e5nglopp<\/a><\/td>\n<td>\u00a0Spring i Sk\u00e5ne<\/td>\n<\/tr>\n<tr>\n<td><a href=\"http:\/\/motiondanmark.dk\/loebskalender.aspx\" target=\"_blank\" rel=\"noopener\">Danska l\u00e5nglopp<\/a><\/td>\n<td><\/td>\n<\/tr>\n<tr>\n<td><a href=\"http:\/\/db.kondis.no\/\" target=\"_blank\" rel=\"noopener\">Norska l\u00e5nglopp<\/a><\/td>\n<td><\/td>\n<\/tr>\n<tr>\n<td><a href=\"http:\/\/www.friidrott.se\/Veteran\/Tavlingar\/Intro.aspx\" target=\"_blank\" rel=\"noopener\">Veteranm\u00e4sterskap<\/a><\/td>\n<td><\/td>\n<\/tr>\n<tr>\n<td><\/td>\n<td><\/td>\n<\/tr>\n<tr>\n<td>\u00a0<span style=\"font-size: medium\"><strong>Veteranrekord<\/strong><\/span><\/td>\n<td><\/td>\n<\/tr>\n<tr>\n<td><a href=\"http:\/\/www.skanefriidrott.org\/rekord-2\/\" target=\"_blank\" rel=\"noopener\">Sk\u00e5nska rekord<\/a><\/td>\n<td>V\u00e4lj Veteranrekord<\/td>\n<\/tr>\n<tr>\n<td><a href=\"http:\/\/www.friidrott.se\/Veteran\/Resultat-Statistik\/Rekord.aspx\" target=\"_blank\" rel=\"noopener\">Svenska, nordiska, europeiska och v\u00e4rldsrekord<\/a><\/td>\n<td><\/td>\n<\/tr>\n<tr>\n<td><\/td>\n<td><\/td>\n<\/tr>\n<tr>\n<td><strong>\u00a0<span style=\"font-size: medium\">Veteranstatistik<\/span><\/strong><\/td>\n<td><\/td>\n<\/tr>\n<tr>\n<td><a href=\"http:\/\/www.skanefriidrott.org\/statistik\/skansk-statistik\/\" target=\"_blank\" rel=\"noopener\">Sk\u00e5nsk statistik<\/a><\/td>\n<td>V\u00e4lj &#8217;Veteraner&#8217; under resp. s\u00e4song<\/td>\n<\/tr>\n<tr>\n<td><a href=\"http:\/\/www.skanefriidrott.org\/pages\/bodywin_sta11v_12.html\">\u00a0<\/a><\/td>\n<td><\/td>\n<\/tr>\n<tr>\n<td><\/td>\n<td><\/td>\n<\/tr>\n<tr>\n<td>\u00a0<span style=\"font-size: medium\"><strong>Organisationer<\/strong><\/span><\/td>\n<td><\/td>\n<\/tr>\n<tr>\n<td><a href=\"http:\/\/www.skanefriidrott.org\" target=\"_blank\" rel=\"noopener\">Sk\u00e5nes Friidrottsf\u00f6rbund<\/a><\/td>\n<td>\n<figure id=\"attachment_1257\" class=\"alignnone\" style=\"width: 70px;\">\n<div class=\"\"><img loading=\"lazy\" decoding=\"async\" class=\" size-full wp-image-1257\" src=\"http:\/\/heleneholmsif.se\/langlopning\/wp-content\/uploads\/sites\/5\/2017\/12\/SkFIF-logo_link.gif\" alt=\"\" width=\"70\" height=\"26\" \/><\/div>\n<\/figure>\n<\/td>\n<\/tr>\n<tr>\n<td><a href=\"http:\/\/www.friidrott.se\" target=\"_blank\" rel=\"noopener\">Svenska Friidrottsf\u00f6rbundet<\/a><\/td>\n<td>\n<figure id=\"attachment_1256\" class=\"alignnone\" style=\"width: 52px;\">\n<div class=\"\"><img loading=\"lazy\" decoding=\"async\" class=\" size-full wp-image-1256\" src=\"http:\/\/heleneholmsif.se\/langlopning\/wp-content\/uploads\/sites\/5\/2017\/12\/SFIF_logo_link.gif\" alt=\"\" width=\"52\" height=\"26\" \/><\/div>\n<\/figure>\n<\/td>\n<\/tr>\n<tr>\n<td><a href=\"http:\/\/veteranfriidrott.se\" target=\"_blank\" rel=\"noopener\">Sv. Friidrottsf\u00f6rbundets veterankommitt\u00e9 <\/a><\/td>\n<td><\/td>\n<\/tr>\n<tr>\n<td><a href=\"http:\/\/european-masters-athletics.org\/\" target=\"_blank\" rel=\"noopener\">Europeiska veteranfriidrottsf\u00f6rbundet<\/a><\/td>\n<td><\/td>\n<\/tr>\n<tr>\n<td><a href=\"http:\/\/www.world-masters-athletics.org\" target=\"_blank\" rel=\"noopener\">Internationella veteranfriidrottsf\u00f6rbundet<\/a><\/td>\n<td><\/td>\n<\/tr>\n<tr>\n<td><a href=\"http:\/\/skanesveterancup.se\/\" target=\"_blank\" rel=\"noopener\">Sk\u00e5nes Veterancup<\/a><\/td>\n<td><\/td>\n<\/tr>\n<tr>\n<td><\/td>\n<td><\/td>\n<\/tr>\n<tr>\n<td>\u00a0<span style=\"font-size: medium\"><strong>L\u00f6ptr\u00e4ning<\/strong><\/span><\/td>\n<td><\/td>\n<\/tr>\n<tr>\n<td><u>John Kellogg<\/u><\/td>\n<td><\/td>\n<\/tr>\n<tr>\n<td><a href=\"http:\/\/www.letsrun.com\/jkspeaks4.php\" target=\"_blank\" rel=\"noopener\">&#8211; 4 Principles for a Sound Training Program<\/a><\/td>\n<td><\/td>\n<\/tr>\n<tr>\n<td><a href=\"http:\/\/www.letsrun.com\/2004\/jkvolume.php\" target=\"_blank\" rel=\"noopener\">&#8211; This Low-Volume Rubbish<\/a><\/td>\n<td><\/td>\n<\/tr>\n<tr>\n<td><u>Arthur Lydiard:<\/u><\/td>\n<td><\/td>\n<\/tr>\n<tr>\n<td><a href=\"http:\/\/www.lydiardfoundation.org\" target=\"_blank\" rel=\"noopener\">Arthur Lydiard Foundation<\/a><\/td>\n<td>Se speciellt &#8217;Training&#8217;<\/td>\n<\/tr>\n<tr>\n<td><a href=\"http:\/\/http:\/\/web.archive.org\/web\/20120309045823\/http:\/\/www.lydiardfoundation.org\/pdfs\/al_training_eng.pdf\" target=\"_blank\" rel=\"noopener\">Arthur Lydiards tr\u00e4ningssystem<\/a><\/td>\n<td>45 sidor (pdf) (eng.)<\/td>\n<\/tr>\n<tr>\n<td><u>Greg McMillan:<\/u><\/td>\n<td><\/td>\n<\/tr>\n<tr>\n<td><a href=\"http:\/\/www.mcmillanrunning.com\/tips\" target=\"_blank\" rel=\"noopener\">McMillans tr\u00e4ningsl\u00e4ra<\/a><\/td>\n<td>Greg McMillan verkar i Lydiards anda<\/td>\n<\/tr>\n<tr>\n<td><u>Pete Pfitzinger:<\/u><\/td>\n<td><\/td>\n<\/tr>\n<tr>\n<td><a href=\"http:\/\/www.runningtimes.com\/Article.aspx?ArticleID=5808&amp;CategoryID=&amp;PageNum=2\" target=\"_blank\" rel=\"noopener\">A Fundamental Foundation<\/a><\/td>\n<td>Developing a Big Aerobic Base<\/td>\n<\/tr>\n<tr>\n<td><a href=\"https:\/\/www.idrottsforskning.se\/den-nodvandiga-distanstraningen\/\" target=\"_blank\" rel=\"noopener\">Den n\u00f6dv\u00e4ndiga distanstr\u00e4ningen<\/a><\/td>\n<td>Idrottsforskning<\/td>\n<\/tr>\n<tr>\n<td><a href=\"https:\/\/runnersworld.se\/effektivisera-dina-distanspass\/\">Effektivisera dina distanspass<\/a><\/td>\n<td>Christer Wernhult (RW 2019)<\/td>\n<\/tr>\n<tr>\n<td><\/td>\n<td><\/td>\n<\/tr>\n<tr>\n<td><strong>\u00a0<span style=\"font-size: medium\">Hj\u00e4lpmedel<\/span><\/strong><\/td>\n<td><\/td>\n<\/tr>\n<tr>\n<td><a href=\"http:\/\/www.mcmillanrunning.com\" target=\"_blank\" rel=\"noopener\">McMillans Running Calculator<\/a><\/td>\n<td>R\u00e4kna ut f\u00f6rv\u00e4ntat resultat<\/td>\n<\/tr>\n<tr>\n<td><a href=\"http:\/\/www.howardgrubb.co.uk\/athletics\/wmalookup06.html\" target=\"_blank\" rel=\"noopener\">\u00c5lderskorrigerande kalkylator<\/a><br \/>\n(WMA 2006\/2010)<\/td>\n<td>Ber\u00e4knar standarden f\u00f6r ett veteranresultat<\/td>\n<\/tr>\n<tr>\n<td><\/td>\n<td><\/td>\n<\/tr>\n<tr>\n<td><strong>\u00a0<span style=\"font-size: medium\">Publikationer<\/span><\/strong><\/td>\n<td><\/td>\n<\/tr>\n<tr>\n<td><a href=\"http:\/\/iform.se\/halvmaraton\" target=\"_blank\" rel=\"noopener\">iForms halvmaratonsida<\/a><\/td>\n<td><\/td>\n<\/tr>\n<tr>\n<td><a href=\"http:\/\/marathon.se\/\" target=\"_blank\" rel=\"noopener\">Marathon.se<\/a><\/td>\n<td><\/td>\n<\/tr>\n<tr>\n<td><a href=\"http:\/\/runnersworld.se\" target=\"_blank\" rel=\"noopener\">Runner&#8217;s World<\/a><br \/>\n(Sverige)<\/td>\n<td><\/td>\n<\/tr>\n<tr>\n<td><a href=\"http:\/\/springlfa.se\/\" target=\"_blank\" rel=\"noopener\">Spring<\/a><\/td>\n<td><\/td>\n<\/tr>\n<tr>\n<td><\/td>\n<td><\/td>\n<\/tr>\n<\/tbody>\n<\/table>\n","protected":false},"excerpt":{"rendered":"<p>T\u00e4vlingar Sk\u00e5nskt t\u00e4vlingsprogram \u00a0Aktuellt friidrottsprogram inomhus, arena, l\u00e5nglopp och veterant\u00e4vlingar Svenskt t\u00e4vlingsprogram \u00a0N\u00e4rmaste m\u00e5nadens svenska friidrottsprogram Sk\u00e5nska l\u00e5nglopp \u00a0Spring i Sk\u00e5ne Danska l\u00e5nglopp Norska l\u00e5nglopp Veteranm\u00e4sterskap \u00a0Veteranrekord Sk\u00e5nska rekord V\u00e4lj Veteranrekord Svenska, nordiska, europeiska och v\u00e4rldsrekord \u00a0Veteranstatistik Sk\u00e5nsk statistik V\u00e4lj &#8217;Veteraner&#8217; under resp. s\u00e4song \u00a0 \u00a0Organisationer Sk\u00e5nes Friidrottsf\u00f6rbund Svenska Friidrottsf\u00f6rbundet Sv. Friidrottsf\u00f6rbundets veterankommitt\u00e9 Europeiska veteranfriidrottsf\u00f6rbundet [&hellip;] <a href=\"https:\/\/heleneholmsif.se\/langlopning\/lankar\/\" class=\"readmore\">L\u00e4s mer<i class=\"icon-forward\"><\/i><\/a><\/p>\n","protected":false},"author":7,"featured_media":0,"parent":0,"menu_order":0,"comment_status":"closed","ping_status":"closed","template":"","meta":{"_mi_skip_tracking":false,"footnotes":""},"class_list":["post-174","page","type-page","status-publish","hentry"],"_links":{"self":[{"href":"https:\/\/heleneholmsif.se\/langlopning\/wp-json\/wp\/v2\/pages\/174","targetHints":{"allow":["GET"]}}],"collection":[{"href":"https:\/\/heleneholmsif.se\/langlopning\/wp-json\/wp\/v2\/pages"}],"about":[{"href":"https:\/\/heleneholmsif.se\/langlopning\/wp-json\/wp\/v2\/types\/page"}],"author":[{"embeddable":true,"href":"https:\/\/heleneholmsif.se\/langlopning\/wp-json\/wp\/v2\/users\/7"}],"replies":[{"embeddable":true,"href":"https:\/\/heleneholmsif.se\/langlopning\/wp-json\/wp\/v2\/comments?post=174"}],"version-history":[{"count":11,"href":"https:\/\/heleneholmsif.se\/langlopning\/wp-json\/wp\/v2\/pages\/174\/revisions"}],"predecessor-version":[{"id":2393,"href":"https:\/\/heleneholmsif.se\/langlopning\/wp-json\/wp\/v2\/pages\/174\/revisions\/2393"}],"wp:attachment":[{"href":"https:\/\/heleneholmsif.se\/langlopning\/wp-json\/wp\/v2\/media?parent=174"}],"curies":[{"name":"wp","href":"https:\/\/api.w.org\/{rel}","templated":true}]}}