{"id":1741,"date":"2018-03-26T11:25:38","date_gmt":"2018-03-26T09:25:38","guid":{"rendered":"http:\/\/heleneholmsif.se\/langlopning\/?page_id=1741"},"modified":"2019-02-05T00:56:11","modified_gmt":"2019-02-04T23:56:11","slug":"galleri","status":"publish","type":"page","link":"https:\/\/heleneholmsif.se\/langlopning\/om-hif-langlopning\/galleri\/","title":{"rendered":"Galleri"},"content":{"rendered":"<p><a href=\"http:\/\/heleneholmsif.se\/langlopning\/gallery\/traningslager-24-25-mars\/\">Tr\u00e4ningsl\u00e4ger 24-25 mars 2018 i Vall\u00e5sen<\/a><\/p>\n","protected":false},"excerpt":{"rendered":"<p>Tr\u00e4ningsl\u00e4ger 24-25 mars 2018 i Vall\u00e5sen<\/p>\n","protected":false},"author":4,"featured_media":0,"parent":6,"menu_order":9,"comment_status":"closed","ping_status":"closed","template":"","meta":{"_mi_skip_tracking":false,"footnotes":""},"class_list":["post-1741","page","type-page","status-publish","hentry"],"_links":{"self":[{"href":"https:\/\/heleneholmsif.se\/langlopning\/wp-json\/wp\/v2\/pages\/1741","targetHints":{"allow":["GET"]}}],"collection":[{"href":"https:\/\/heleneholmsif.se\/langlopning\/wp-json\/wp\/v2\/pages"}],"about":[{"href":"https:\/\/heleneholmsif.se\/langlopning\/wp-json\/wp\/v2\/types\/page"}],"author":[{"embeddable":true,"href":"https:\/\/heleneholmsif.se\/langlopning\/wp-json\/wp\/v2\/users\/4"}],"replies":[{"embeddable":true,"href":"https:\/\/heleneholmsif.se\/langlopning\/wp-json\/wp\/v2\/comments?post=1741"}],"version-history":[{"count":2,"href":"https:\/\/heleneholmsif.se\/langlopning\/wp-json\/wp\/v2\/pages\/1741\/revisions"}],"predecessor-version":[{"id":1748,"href":"https:\/\/heleneholmsif.se\/langlopning\/wp-json\/wp\/v2\/pages\/1741\/revisions\/1748"}],"up":[{"embeddable":true,"href":"https:\/\/heleneholmsif.se\/langlopning\/wp-json\/wp\/v2\/pages\/6"}],"wp:attachment":[{"href":"https:\/\/heleneholmsif.se\/langlopning\/wp-json\/wp\/v2\/media?parent=1741"}],"curies":[{"name":"wp","href":"https:\/\/api.w.org\/{rel}","templated":true}]}}