{"id":184,"date":"2016-11-24T05:21:09","date_gmt":"2016-11-24T04:21:09","guid":{"rendered":"http:\/\/heleneholmsif.se\/langlopning\/?page_id=184"},"modified":"2024-04-09T09:17:50","modified_gmt":"2024-04-09T07:17:50","slug":"att-vara-medlem","status":"publish","type":"page","link":"https:\/\/heleneholmsif.se\/langlopning\/medlem\/att-vara-medlem\/","title":{"rendered":"Att vara medlem"},"content":{"rendered":"<p><strong>Hur blir jag medlem?<\/strong><\/p>\n<p>Genom att fylla i formul\u00e4ret <a href=\"https:\/\/sportadmin.se\/form\/form.asp?ID=17D39CA3-7E0E-426C-80BD-9E33486F14B4\">h\u00e4r<\/a>. Det g\u00e5r ocks\u00e5 bra att prova tv\u00e5 g\u00e5nger f\u00f6rst innan du best\u00e4mmer dig f\u00f6r att bli medlem.<\/p>\n<p><strong style=\"font-size: inherit;\">Vad f\u00e5r man som medlem?<\/strong><\/p>\n<p><a href=\"http:\/\/heleneholmsif.se\/wp-content\/uploads\/2021\/04\/Detta-far-du-som-medlem-i-Heleneholms-IF-infor-medlemskap.pdf\">Detta f\u00e5r du som medlem<\/a>\u00a0f\u00f6rutom nedanst\u00e5ende tr\u00e4ning &amp; t\u00e4vlingsverksamhet.<\/p>\n<ul>\n<li>F\u00f6reningen st\u00e5r f\u00f6r hela anm\u00e4lningsavgiften f\u00f6r deltagande i m\u00e4sterskapst\u00e4vlingar i friidrott som SM och SkM (sk\u00e5nska DM).<\/li>\n<li>Medlemmar deltar gratis i l\u00f6pt\u00e4vlingar arrangerade av Heleneholms IF.<\/li>\n<li>Sam\u00e5kning till t\u00e4vlingar.<\/li>\n<li>V\u00e5ra m\u00e5ndagstr\u00e4ningar \u00e4r v\u00e5r &#8221;samlingspunkt&#8221;, d\u00e5 vi efter genomf\u00f6rd tr\u00e4ning och dusch samlas f\u00f6r fika och umg\u00e4nge i v\u00e5r fina klubblokal.<\/li>\n<li>F\u00e5 r\u00e5d ang\u00e5ende tr\u00e4ning och annat som r\u00f6r l\u00f6pning.<\/li>\n<li>Klubbrabatt p\u00e5 <a href=\"http:\/\/www.runnersstore.se\/info\/vara-butiker.aspx\" target=\"_blank\" rel=\"noopener\">Runners&#8217; Store<\/a> i Malm\u00f6.<\/li>\n<li>Klubbrabatt p\u00e5 <a href=\"http:\/\/www.glembro.se\/index.html\" target=\"_blank\" rel=\"noopener\">Glembro Kroppsv\u00e5rd<\/a> i Malm\u00f6.<\/li>\n<li>M\u00f6jligheten att tr\u00e4ffa kamrater med intresse av l\u00f6pning och annan idrott.<\/li>\n<\/ul>\n<p>Som medlem i Heleneholms IF tillh\u00f6r du en f\u00f6rening som \u00e4r ansluten till f\u00f6ljande svenska specialf\u00f6rbund:<\/p>\n<ul>\n<li>Friidrottsf\u00f6rbundet<\/li>\n<li>Orienteringsf\u00f6rbundet<\/li>\n<li>Triathlonf\u00f6rbundet<\/li>\n<li>Skidf\u00f6rbundet<\/li>\n<li>Cykelf\u00f6rbundet<\/li>\n<\/ul>\n","protected":false},"excerpt":{"rendered":"<p>Hur blir jag medlem? Genom att fylla i formul\u00e4ret h\u00e4r. Det g\u00e5r ocks\u00e5 bra att prova tv\u00e5 g\u00e5nger f\u00f6rst innan du best\u00e4mmer dig f\u00f6r att bli medlem. Vad f\u00e5r man som medlem? Detta f\u00e5r du som medlem\u00a0f\u00f6rutom nedanst\u00e5ende tr\u00e4ning &amp; t\u00e4vlingsverksamhet. F\u00f6reningen st\u00e5r f\u00f6r hela anm\u00e4lningsavgiften f\u00f6r deltagande i m\u00e4sterskapst\u00e4vlingar i friidrott som SM och [&hellip;] <a href=\"https:\/\/heleneholmsif.se\/langlopning\/medlem\/att-vara-medlem\/\" class=\"readmore\">L\u00e4s mer<i class=\"icon-forward\"><\/i><\/a><\/p>\n","protected":false},"author":7,"featured_media":0,"parent":180,"menu_order":1,"comment_status":"closed","ping_status":"closed","template":"","meta":{"_mi_skip_tracking":false,"footnotes":""},"class_list":["post-184","page","type-page","status-publish","hentry"],"_links":{"self":[{"href":"https:\/\/heleneholmsif.se\/langlopning\/wp-json\/wp\/v2\/pages\/184","targetHints":{"allow":["GET"]}}],"collection":[{"href":"https:\/\/heleneholmsif.se\/langlopning\/wp-json\/wp\/v2\/pages"}],"about":[{"href":"https:\/\/heleneholmsif.se\/langlopning\/wp-json\/wp\/v2\/types\/page"}],"author":[{"embeddable":true,"href":"https:\/\/heleneholmsif.se\/langlopning\/wp-json\/wp\/v2\/users\/7"}],"replies":[{"embeddable":true,"href":"https:\/\/heleneholmsif.se\/langlopning\/wp-json\/wp\/v2\/comments?post=184"}],"version-history":[{"count":10,"href":"https:\/\/heleneholmsif.se\/langlopning\/wp-json\/wp\/v2\/pages\/184\/revisions"}],"predecessor-version":[{"id":4498,"href":"https:\/\/heleneholmsif.se\/langlopning\/wp-json\/wp\/v2\/pages\/184\/revisions\/4498"}],"up":[{"embeddable":true,"href":"https:\/\/heleneholmsif.se\/langlopning\/wp-json\/wp\/v2\/pages\/180"}],"wp:attachment":[{"href":"https:\/\/heleneholmsif.se\/langlopning\/wp-json\/wp\/v2\/media?parent=184"}],"curies":[{"name":"wp","href":"https:\/\/api.w.org\/{rel}","templated":true}]}}