{"id":186,"date":"2016-11-24T05:22:23","date_gmt":"2016-11-24T04:22:23","guid":{"rendered":"http:\/\/heleneholmsif.se\/langlopning\/?page_id=186"},"modified":"2021-12-15T17:06:08","modified_gmt":"2021-12-15T16:06:08","slug":"lopsedeln","status":"publish","type":"page","link":"https:\/\/heleneholmsif.se\/langlopning\/om-hif-langlopning\/lopsedeln\/","title":{"rendered":"L\u00f6psedeln"},"content":{"rendered":"<div id=\"content\">\n<p style=\"text-align: left;\" align=\"center\">L\u00f6psedeln \u00e4r L\u00e5ngl\u00f6parsektionens medlemstidning.<br \/>\nH\u00e4r f\u00e5r du en inblick i v\u00e5r verksamhet fr\u00e5n olika perspektiv. Tidningen delas ut ca 4 g\u00e5nger per \u00e5r.<br \/>\nDu kan ladda ner tidningen digital nedan.<\/p>\n<\/div>\n<p style=\"text-align: left;\" align=\"center\"><strong>2021<\/strong><\/p>\n<p style=\"text-align: left;\" align=\"center\"><strong><a href=\"https:\/\/www.flipsnack.com\/heleneholm\/lopsedeln-nr3-2021.html\">L\u00f6psedel nr3<\/a><br \/>\n<\/strong><a href=\"https:\/\/www.flipsnack.com\/heleneholm\/lopsedeln_2021-2-high.html\">L\u00f6psedel nr2<\/a><br \/>\n<a href=\"https:\/\/www.flipsnack.com\/Heleneholm\/heleneholms-if-lopsedel-nr-1-2021.html\">L\u00f6psedel nr 1<\/a><\/p>\n<p style=\"text-align: left;\" align=\"center\"><strong>2020<br \/>\n<\/strong><a href=\"http:\/\/heleneholmsif.se\/langlopning\/wp-content\/uploads\/sites\/5\/2020\/03\/lopsedeln_2020-1-high.pdf\">L\u00f6psedel nr 1<\/a><br \/>\n<a href=\"http:\/\/heleneholmsif.se\/langlopning\/wp-content\/uploads\/sites\/5\/2020\/10\/lopsedeln_2020-2_high-v3-komprimerad.pdf\">L\u00f6psedel nr 2<\/a><br \/>\n<a href=\"https:\/\/www.flipsnack.com\/Heleneholm\/lopsedeln-nr-3-2020.html\">L\u00f6psedel nr 3<\/a><\/p>\n<div id=\"content\">\n<p style=\"text-align: left;\" align=\"center\"><strong>2019<\/strong><br \/>\n<a href=\"http:\/\/heleneholmsif.se\/langlopning\/wp-content\/uploads\/sites\/5\/2019\/09\/lopsedeln_2019-1-high-res.pdf\">L\u00f6psedel nr 1<\/a><br \/>\n<a href=\"http:\/\/heleneholmsif.se\/langlopning\/wp-content\/uploads\/sites\/5\/2019\/09\/lopsedeln_2019-2-high-komprimerad.pdf\">L\u00f6psedel nr 2<\/a><br \/>\n<a href=\"http:\/\/heleneholmsif.se\/langlopning\/wp-content\/uploads\/sites\/5\/2019\/09\/lopsedeln_2019-3-high-res-v2.3.pdf\">L\u00f6psedel nr 3<\/a><br \/>\n<a href=\"http:\/\/heleneholmsif.se\/langlopning\/wp-content\/uploads\/sites\/5\/2019\/12\/lopsedeln_2019-4-high.pdf\">L\u00f6psedel nr 4<\/a><\/p>\n<\/div>\n","protected":false},"excerpt":{"rendered":"<p>L\u00f6psedeln \u00e4r L\u00e5ngl\u00f6parsektionens medlemstidning. H\u00e4r f\u00e5r du en inblick i v\u00e5r verksamhet fr\u00e5n olika perspektiv. Tidningen delas ut ca 4 g\u00e5nger per \u00e5r. Du kan ladda ner tidningen digital nedan. 2021 L\u00f6psedel nr3 L\u00f6psedel nr2 L\u00f6psedel nr 1 2020 L\u00f6psedel nr 1 L\u00f6psedel nr 2 L\u00f6psedel nr 3 2019 L\u00f6psedel nr 1 L\u00f6psedel nr 2 [&hellip;] <a href=\"https:\/\/heleneholmsif.se\/langlopning\/om-hif-langlopning\/lopsedeln\/\" class=\"readmore\">L\u00e4s mer<i class=\"icon-forward\"><\/i><\/a><\/p>\n","protected":false},"author":7,"featured_media":0,"parent":6,"menu_order":6,"comment_status":"closed","ping_status":"closed","template":"","meta":{"_mi_skip_tracking":false,"footnotes":""},"class_list":["post-186","page","type-page","status-publish","hentry"],"_links":{"self":[{"href":"https:\/\/heleneholmsif.se\/langlopning\/wp-json\/wp\/v2\/pages\/186","targetHints":{"allow":["GET"]}}],"collection":[{"href":"https:\/\/heleneholmsif.se\/langlopning\/wp-json\/wp\/v2\/pages"}],"about":[{"href":"https:\/\/heleneholmsif.se\/langlopning\/wp-json\/wp\/v2\/types\/page"}],"author":[{"embeddable":true,"href":"https:\/\/heleneholmsif.se\/langlopning\/wp-json\/wp\/v2\/users\/7"}],"replies":[{"embeddable":true,"href":"https:\/\/heleneholmsif.se\/langlopning\/wp-json\/wp\/v2\/comments?post=186"}],"version-history":[{"count":19,"href":"https:\/\/heleneholmsif.se\/langlopning\/wp-json\/wp\/v2\/pages\/186\/revisions"}],"predecessor-version":[{"id":3935,"href":"https:\/\/heleneholmsif.se\/langlopning\/wp-json\/wp\/v2\/pages\/186\/revisions\/3935"}],"up":[{"embeddable":true,"href":"https:\/\/heleneholmsif.se\/langlopning\/wp-json\/wp\/v2\/pages\/6"}],"wp:attachment":[{"href":"https:\/\/heleneholmsif.se\/langlopning\/wp-json\/wp\/v2\/media?parent=186"}],"curies":[{"name":"wp","href":"https:\/\/api.w.org\/{rel}","templated":true}]}}