{"id":198,"date":"2016-11-25T05:08:37","date_gmt":"2016-11-25T04:08:37","guid":{"rendered":"http:\/\/heleneholmsif.se\/langlopning\/?page_id=198"},"modified":"2024-03-06T13:23:12","modified_gmt":"2024-03-06T12:23:12","slug":"tisdagstraning","status":"publish","type":"page","link":"https:\/\/heleneholmsif.se\/langlopning\/traning\/tisdagstraning\/","title":{"rendered":"Tisdagstr\u00e4ning"},"content":{"rendered":"<p>P\u00e5 tisdagar \u00e4r tr\u00e4ningen tr\u00e4narledd och sker i Pildammsparken. Detta \u00e4r ett bra tr\u00e4ningstillf\u00e4lle f\u00f6r dem som vill utveckla sin teknik, l\u00f6pningsf\u00f6rm\u00e5ga, sikta mot t\u00e4vling m.m. H\u00e4r finns l\u00f6pare inom alla niv\u00e5er och distanser. Gruppen samlas vid korsningen Baltiska v\u00e4gen och John Ericsons v\u00e4g kl. 18.00. (se karta nedan vid os\u00e4kerhet). Oavsett vilket tr\u00e4ningspass som ska genomf\u00f6ras best\u00e5r alltid tr\u00e4ningen f\u00f6rst av gemensam uppv\u00e4rmning, l\u00f6pskolning (f\u00f6rb\u00e4ttra teknik) och stegringslopp. Tr\u00e4ningsprogrammet \u00e4r oftast anpassat efter hur t\u00e4vlingss\u00e4songen ser ut.<\/p>\n<p><a href=\"https:\/\/heleneholmsif.se\/wp-content\/uploads\/2023\/12\/Traningspass-lopning-Januari-december.docx\">Tr\u00e4ningspassen i Januari-december<\/a><\/p>\n<div>\n<div dir=\"auto\">\n<div>\n<p><span style=\"font-size: inherit; color: initial;\">&#8212;&#8211;<\/span><\/p>\n<\/div>\n<\/div>\n<\/div>\n\n\n<p><strong>Samlingsplats 18.00<\/strong> Tisdagar Pildammsparken (korsningen baltiska v\u00e4gen, John Ericssons v\u00e4g, Torsdagar under oktober- mars \u00e4r vi p\u00e5 Atleticum sen flyttar vi ut till Pildammsparken<\/p>\n\n\n\n<figure class=\"wp-block-image alignnone size-full is-style-default\"><figure id=\"attachment_4261\" class=\"alignnone\"><div class=\"\"><img loading=\"lazy\" decoding=\"async\" width=\"493\" height=\"626\" src=\"https:\/\/heleneholmsif.se\/langlopning\/wp-content\/uploads\/sites\/5\/2023\/02\/Pildammsparken-och-atleticum-samlingsplats.jpg\" alt=\"\" class=\"wp-image-4261\" srcset=\"https:\/\/heleneholmsif.se\/langlopning\/wp-content\/uploads\/sites\/5\/2023\/02\/Pildammsparken-och-atleticum-samlingsplats.jpg 493w, https:\/\/heleneholmsif.se\/langlopning\/wp-content\/uploads\/sites\/5\/2023\/02\/Pildammsparken-och-atleticum-samlingsplats-236x300.jpg 236w, https:\/\/heleneholmsif.se\/langlopning\/wp-content\/uploads\/sites\/5\/2023\/02\/Pildammsparken-och-atleticum-samlingsplats-47x60.jpg 47w, https:\/\/heleneholmsif.se\/langlopning\/wp-content\/uploads\/sites\/5\/2023\/02\/Pildammsparken-och-atleticum-samlingsplats-364x462.jpg 364w\" sizes=\"auto, (max-width: 493px) 100vw, 493px\" \/><\/div><\/figure><figcaption>Samlingsplats klockan 18:00<\/figcaption><\/figure>\n\n\n<div dir=\"auto\">\n<div dir=\"auto\">\n<p><strong><u>F\u00f6rklaringar<\/u><\/strong><\/p>\n<\/div>\n<\/div>\n<p>LET = L\u00f6peffektiv tid (dvs. exkl. paustid)<br>P = Paustid<br>SP = Seriepaus<br>IT = Intensitetszon &#8211; skala fr\u00e5n 1 &#8211; 8<br>L\u00e4s mer om <a href=\"http:\/\/heleneholmsif.se\/langlopning\/wp-content\/uploads\/sites\/5\/2017\/11\/Intensitetszoner.pdf\" target=\"_blank\" rel=\"noopener noreferrer\">Intensitetszoner<\/a>.<\/p>\n<p>Du hittar numera \u00e4ven v\u00e5ra tr\u00e4ningar + tr\u00e4ningsprogram kommande veckor i v\u00e5r medlemsapp. G\u00e5 in i &#8221;kalender&#8221; och klicka p\u00e5 r\u00e4tt dag s\u00e5 hittar du beskrivning av kommande tr\u00e4ningspass. F\u00f6rsta g\u00e5ngen du anv\u00e4nder appen loggar du in med din mailadress som du registrerat med i Sportadmin.<\/p>\n<p><!-- \/wp:post-content --><\/p>\n<p><!-- wp:paragraph --><\/p>\n<p>Appstore (iOS):&nbsp;<a href=\"https:\/\/itunes.apple.com\/se\/app\/sportadmin-medlemsapp\/id1225556243\">https:\/\/itunes.apple.com\/se\/app\/sportadmin-medlemsapp\/id1225556243<\/a><\/p>\n<p><!-- \/wp:paragraph --><\/p>\n<p><!-- wp:paragraph --><\/p>\n<p>Google Play (Android):&nbsp;<a href=\"https:\/\/play.google.com\/store\/apps\/details?id=com.sportadmin.medlemsapp\">https:\/\/play.google.com\/store\/apps\/details?id=com.sportadmin.medlemsapp<\/a><\/p>","protected":false},"excerpt":{"rendered":"<p>P\u00e5 tisdagar \u00e4r tr\u00e4ningen tr\u00e4narledd och sker i Pildammsparken. Detta \u00e4r ett bra tr\u00e4ningstillf\u00e4lle f\u00f6r dem som vill utveckla sin teknik, l\u00f6pningsf\u00f6rm\u00e5ga, sikta mot t\u00e4vling m.m. H\u00e4r finns l\u00f6pare inom alla niv\u00e5er och distanser. Gruppen samlas vid korsningen Baltiska v\u00e4gen och John Ericsons v\u00e4g kl. 18.00. (se karta nedan vid os\u00e4kerhet). Oavsett vilket tr\u00e4ningspass som [&hellip;] <a href=\"https:\/\/heleneholmsif.se\/langlopning\/traning\/tisdagstraning\/\" class=\"readmore\">L\u00e4s mer<i class=\"icon-forward\"><\/i><\/a><\/p>\n","protected":false},"author":7,"featured_media":0,"parent":12,"menu_order":4,"comment_status":"closed","ping_status":"closed","template":"","meta":{"_mi_skip_tracking":false,"footnotes":""},"class_list":["post-198","page","type-page","status-publish","hentry"],"_links":{"self":[{"href":"https:\/\/heleneholmsif.se\/langlopning\/wp-json\/wp\/v2\/pages\/198","targetHints":{"allow":["GET"]}}],"collection":[{"href":"https:\/\/heleneholmsif.se\/langlopning\/wp-json\/wp\/v2\/pages"}],"about":[{"href":"https:\/\/heleneholmsif.se\/langlopning\/wp-json\/wp\/v2\/types\/page"}],"author":[{"embeddable":true,"href":"https:\/\/heleneholmsif.se\/langlopning\/wp-json\/wp\/v2\/users\/7"}],"replies":[{"embeddable":true,"href":"https:\/\/heleneholmsif.se\/langlopning\/wp-json\/wp\/v2\/comments?post=198"}],"version-history":[{"count":344,"href":"https:\/\/heleneholmsif.se\/langlopning\/wp-json\/wp\/v2\/pages\/198\/revisions"}],"predecessor-version":[{"id":4494,"href":"https:\/\/heleneholmsif.se\/langlopning\/wp-json\/wp\/v2\/pages\/198\/revisions\/4494"}],"up":[{"embeddable":true,"href":"https:\/\/heleneholmsif.se\/langlopning\/wp-json\/wp\/v2\/pages\/12"}],"wp:attachment":[{"href":"https:\/\/heleneholmsif.se\/langlopning\/wp-json\/wp\/v2\/media?parent=198"}],"curies":[{"name":"wp","href":"https:\/\/api.w.org\/{rel}","templated":true}]}}