{"id":204,"date":"2016-11-26T05:08:44","date_gmt":"2016-11-26T04:08:44","guid":{"rendered":"http:\/\/heleneholmsif.se\/langlopning\/?page_id=204"},"modified":"2021-04-22T11:22:06","modified_gmt":"2021-04-22T09:22:06","slug":"ivdm-4","status":"publish","type":"page","link":"https:\/\/heleneholmsif.se\/langlopning\/tavling\/ivdm-4\/","title":{"rendered":"IVDM 3"},"content":{"rendered":"<p>Under n\u00e5gra \u00e5r arrangerade vi inne veteran-DM tillsammans med MAI. Resultaten fr\u00e5n dessa t\u00e4vlingar hittar du nedan.<\/p>\n<p><a href=\"http:\/\/heleneholmsif.se\/langlopning\/wp-content\/uploads\/sites\/5\/2018\/02\/IVDM-3-2018-resultat.pdf\" target=\"_blank\" rel=\"noopener\">2018<\/a><a href=\"http:\/\/heleneholmsif.se\/wp-content\/uploads\/2018\/02\/IVDM4-resultat-20180217.pdf\" target=\"_blank\" rel=\"noopener\"><br \/>\n<\/a><a href=\"http:\/\/heleneholmsif.se\/langlopning\/wp-content\/uploads\/sites\/5\/2016\/12\/IVDM-4-2017-resultat.xls\" target=\"_blank\" rel=\"noopener\">2017<\/a><br \/>\n<a href=\"http:\/\/heleneholmsif.se\/langlopning\/wp-content\/uploads\/sites\/5\/2016\/12\/IVDM-4-2016-resultat.xls\" target=\"_blank\" rel=\"noopener\">2016<\/a><br \/>\n<a href=\"http:\/\/heleneholmsif.se\/langlopning\/wp-content\/uploads\/sites\/5\/2016\/12\/IVDM-4-2015-resultat.xls\" target=\"_blank\" rel=\"noopener\">2015<\/a><br \/>\n<a href=\"http:\/\/heleneholmsif.se\/langlopning\/wp-content\/uploads\/sites\/5\/2016\/12\/IVDM-3-2014-Resultatlista.pdf\" target=\"_blank\" rel=\"noopener\">2014<\/a><br \/>\n<a href=\"http:\/\/heleneholmsif.se\/langlopning\/wp-content\/uploads\/sites\/5\/2016\/12\/resultatlista-IVDM3-2013.pdf\" target=\"_blank\" rel=\"noopener\">2013<\/a><\/p>\n","protected":false},"excerpt":{"rendered":"<p>Under n\u00e5gra \u00e5r arrangerade vi inne veteran-DM tillsammans med MAI. Resultaten fr\u00e5n dessa t\u00e4vlingar hittar du nedan. 2018 2017 2016 2015 2014 2013<\/p>\n","protected":false},"author":7,"featured_media":0,"parent":14,"menu_order":1,"comment_status":"closed","ping_status":"closed","template":"","meta":{"_mi_skip_tracking":false,"footnotes":""},"class_list":["post-204","page","type-page","status-publish","hentry"],"_links":{"self":[{"href":"https:\/\/heleneholmsif.se\/langlopning\/wp-json\/wp\/v2\/pages\/204","targetHints":{"allow":["GET"]}}],"collection":[{"href":"https:\/\/heleneholmsif.se\/langlopning\/wp-json\/wp\/v2\/pages"}],"about":[{"href":"https:\/\/heleneholmsif.se\/langlopning\/wp-json\/wp\/v2\/types\/page"}],"author":[{"embeddable":true,"href":"https:\/\/heleneholmsif.se\/langlopning\/wp-json\/wp\/v2\/users\/7"}],"replies":[{"embeddable":true,"href":"https:\/\/heleneholmsif.se\/langlopning\/wp-json\/wp\/v2\/comments?post=204"}],"version-history":[{"count":11,"href":"https:\/\/heleneholmsif.se\/langlopning\/wp-json\/wp\/v2\/pages\/204\/revisions"}],"predecessor-version":[{"id":3503,"href":"https:\/\/heleneholmsif.se\/langlopning\/wp-json\/wp\/v2\/pages\/204\/revisions\/3503"}],"up":[{"embeddable":true,"href":"https:\/\/heleneholmsif.se\/langlopning\/wp-json\/wp\/v2\/pages\/14"}],"wp:attachment":[{"href":"https:\/\/heleneholmsif.se\/langlopning\/wp-json\/wp\/v2\/media?parent=204"}],"curies":[{"name":"wp","href":"https:\/\/api.w.org\/{rel}","templated":true}]}}