{"id":206,"date":"2016-11-26T05:09:47","date_gmt":"2016-11-26T04:09:47","guid":{"rendered":"http:\/\/heleneholmsif.se\/langlopning\/?page_id=206"},"modified":"2021-04-22T11:26:50","modified_gmt":"2021-04-22T09:26:50","slug":"heleneholms-marathon","status":"publish","type":"page","link":"https:\/\/heleneholmsif.se\/langlopning\/tavling\/heleneholms-marathon\/","title":{"rendered":"Heleneholms Marathon"},"content":{"rendered":"<p>F\u00f6reningen valde under 2020 att inte l\u00e4ngre arrangera Heleneholms halv- och hel Marathon, Varvetmilen som arrangerats p\u00e5 samma datum kommer dock att forts\u00e4tta arrangeras. Resultat fr\u00e5n tidigare \u00e5r hittas nedan.<\/p>\n<p><strong>2019<\/strong><br \/>\n<a href=\"http:\/\/heleneholmsif.se\/langlopning\/wp-content\/uploads\/sites\/5\/2019\/04\/Heleneholms-Marathon-resultat-2019.pdf\" target=\"_blank\" rel=\"noopener noreferrer\">Marathon\u00a0<\/a>(rev.)<br \/>\n<a href=\"http:\/\/heleneholmsif.se\/langlopning\/wp-content\/uploads\/sites\/5\/2019\/04\/Heleneholms-Marathon-DM-resultat-2019.pdf\" target=\"_blank\" rel=\"noopener noreferrer\">DM\/VDM Marathon\u00a0<\/a>(rev.)<br \/>\n<a href=\"http:\/\/heleneholmsif.se\/langlopning\/wp-content\/uploads\/sites\/5\/2019\/04\/Heleneholms-Halvmarathon-2019-Resultat.pdf\" target=\"_blank\" rel=\"noopener noreferrer\">Halvmarathon\u00a0<\/a>(rev.)<\/p>\n<p><strong>2018<\/strong><br \/>\n<a href=\"http:\/\/heleneholmsif.se\/langlopning\/wp-content\/uploads\/sites\/5\/2018\/04\/Helmara-18-resultatlista.pdf\" target=\"_blank\" rel=\"noopener noreferrer\">Marathon<\/a><br \/>\n<a href=\"http:\/\/heleneholmsif.se\/langlopning\/wp-content\/uploads\/sites\/5\/2018\/04\/Helmara-18-resultatlista-DMVDM.pdf\" target=\"_blank\" rel=\"noopener noreferrer\">DM\/VDM Marathon<\/a><br \/>\n<a href=\"http:\/\/heleneholmsif.se\/langlopning\/wp-content\/uploads\/sites\/5\/2018\/04\/Halvmara-18-resultatlista.pdf\" target=\"_blank\" rel=\"noopener noreferrer\">Halvmarathon<\/a><\/p>\n<p><strong>2017<\/strong><br \/>\n<a href=\"http:\/\/heleneholmsif.se\/langlopning\/wp-content\/uploads\/sites\/5\/2016\/11\/Resultatlista-Heleneholms-Marathon-2017.pdf\" target=\"_blank\" rel=\"noopener noreferrer\">Marathon<\/a><br \/>\n<a href=\"http:\/\/heleneholmsif.se\/langlopning\/wp-content\/uploads\/sites\/5\/2016\/11\/Resultatlista-Heleneholms-Marathon-DM-2017.pdf\" target=\"_blank\" rel=\"noopener noreferrer\">DM\/VDM-Marathon<\/a><br \/>\n<a href=\"http:\/\/heleneholmsif.se\/langlopning\/wp-content\/uploads\/sites\/5\/2016\/11\/Resultatlista-Heleneholms-Halvmarathon-2017.pdf\" target=\"_blank\" rel=\"noopener noreferrer\">Halvmarathon<\/a><br \/>\n<a href=\"http:\/\/heleneholmsif.se\/langlopning\/wp-content\/uploads\/sites\/5\/2016\/11\/Resultatlista-Heleneholms-10-km-2017.pdf\" target=\"_blank\" rel=\"noopener noreferrer\">10 km<\/a><\/p>\n<p><strong>2016<\/strong><br \/>\n<a href=\"http:\/\/heleneholmsif.se\/langlopning\/wp-content\/uploads\/sites\/5\/2016\/11\/Resultatlista-Heleneholms-Marathon-2016.pdf\" target=\"_blank\" rel=\"noopener noreferrer\">Marathon<\/a><br \/>\n<a href=\"http:\/\/heleneholmsif.se\/langlopning\/wp-content\/uploads\/sites\/5\/2020\/09\/1Resultatlista-Heleneholms-halvmarathon-2016.pdf\" target=\"_blank\" rel=\"noopener noreferrer\">Halvmarathon<\/a><br \/>\n<a href=\"http:\/\/heleneholmsif.se\/langlopning\/wp-content\/uploads\/sites\/5\/2016\/11\/Resultatlista-Heleneholms-10-km-2016.pdf\" target=\"_blank\" rel=\"noopener noreferrer\">10 km<\/a><\/p>\n<p><strong>2015<\/strong><br \/>\n<a href=\"http:\/\/heleneholmsif.se\/langlopning\/wp-content\/uploads\/sites\/5\/2016\/11\/Resultatlista-Heleneholms-Marathon-2015.pdf\" target=\"_blank\" rel=\"noopener noreferrer\">Marathon<\/a><br \/>\n<a href=\"http:\/\/heleneholmsif.se\/langlopning\/wp-content\/uploads\/sites\/5\/2016\/11\/Resultatlista-Heleneholms-Marathon-DM-2015.pdf\" target=\"_blank\" rel=\"noopener noreferrer\">DM\/VDM-Marathon<\/a><br \/>\n<a href=\"http:\/\/heleneholmsif.se\/langlopning\/wp-content\/uploads\/sites\/5\/2016\/11\/Resultatlista-Heleneholms-halvmarathon-2015.pdf\" target=\"_blank\" rel=\"noopener noreferrer\">Halvmarathon<\/a><\/p>\n<p><strong>2014<\/strong><br \/>\n<a href=\"http:\/\/heleneholmsif.se\/langlopning\/wp-content\/uploads\/sites\/5\/2016\/11\/Resultatlista-Heleneholms-Marathon-2014.pdf\" target=\"_blank\" rel=\"noopener noreferrer\">Marathon<br \/>\n<\/a><a href=\"http:\/\/heleneholmsif.se\/langlopning\/wp-content\/uploads\/sites\/5\/2016\/11\/Resultatlista-Heleneholms-Marathon-DM-2014.pdf\" target=\"_blank\" rel=\"noopener noreferrer\">DM\/VDM-Marathon<\/a><br \/>\n<a href=\"http:\/\/heleneholmsif.se\/langlopning\/wp-content\/uploads\/sites\/5\/2016\/11\/Resultatlista-Heleneholms-halvmarathon-2014.pdf\" target=\"_blank\" rel=\"noopener noreferrer\">Halvmarathon<\/a><\/p>\n<p><strong>2013<\/strong><\/p>\n<p><a href=\"http:\/\/heleneholmsif.se\/langlopning\/wp-content\/uploads\/sites\/5\/2016\/11\/Resultatlista-Heleneholms-Marathon-2013.pdf\" target=\"_blank\" rel=\"noopener noreferrer\">Marathon<br \/>\n<\/a><a href=\"http:\/\/heleneholmsif.se\/langlopning\/wp-content\/uploads\/sites\/5\/2016\/11\/Resultatlista-Heleneholms-halvmaraton-DM-2013.pdf\" target=\"_blank\" rel=\"noopener noreferrer\">DM\/VDM-Marathon<br \/>\n<\/a><a href=\"http:\/\/heleneholmsif.se\/langlopning\/wp-content\/uploads\/sites\/5\/2016\/11\/Resultatlista-Heleneholms-halvmaraton-2013.pdf\" target=\"_blank\" rel=\"noopener noreferrer\">Halvmarathon<\/a><\/p>\n<p><strong>2012<\/strong><br \/>\n<a href=\"http:\/\/heleneholmsif.se\/langlopning\/wp-content\/uploads\/sites\/5\/2016\/11\/Resultatlista-Heleneholms-Marathon-2012.pdf\" target=\"_blank\" rel=\"noopener noreferrer\">Marathon<br \/>\n<\/a><a href=\"http:\/\/heleneholmsif.se\/langlopning\/wp-content\/uploads\/sites\/5\/2016\/11\/Resultatlista-Heleneholms-Marathon-DM-2012.pdf\" target=\"_blank\" rel=\"noopener noreferrer\">DM\/VDM-Marathon<br \/>\n<\/a><a href=\"http:\/\/heleneholmsif.se\/langlopning\/wp-content\/uploads\/sites\/5\/2016\/11\/Resultatlista-Heleneholms-halvmaraton-2012.pdf\" target=\"_blank\" rel=\"noopener noreferrer\">Halvmarathon<\/a><\/p>\n<p><strong>2011<\/strong><br \/>\n<a href=\"http:\/\/heleneholmsif.se\/langlopning\/wp-content\/uploads\/sites\/5\/2016\/11\/Resultatlista-Heleneholms-maraton-2011.pdf\" target=\"_blank\" rel=\"noopener noreferrer\">Marathon<\/a><br \/>\n<a href=\"http:\/\/heleneholmsif.se\/langlopning\/wp-content\/uploads\/sites\/5\/2016\/11\/Resultatlista-Heleneholms-halvmaraton-2011.pdf\" target=\"_blank\" rel=\"noopener noreferrer\">Halvmarathon<\/a><\/p>\n<p><strong>2010<\/strong><br \/>\n<a href=\"http:\/\/heleneholmsif.se\/langlopning\/wp-content\/uploads\/sites\/5\/2016\/11\/Resultat-Heleneholms-maraton-2010-04-10.pdf\" target=\"_blank\" rel=\"noopener noreferrer\">Marathon<br \/>\n<\/a><a href=\"http:\/\/heleneholmsif.se\/langlopning\/wp-content\/uploads\/sites\/5\/2016\/11\/Resultat-GM-maraton-2010-04-10.pdf\" target=\"_blank\" rel=\"noopener noreferrer\">GM-Marathon<\/a><br \/>\n<a href=\"http:\/\/heleneholmsif.se\/langlopning\/wp-content\/uploads\/sites\/5\/2016\/11\/Resultat-Heleneholms-halvmaraton-2010-04-10.pdf\" target=\"_blank\" rel=\"noopener noreferrer\">Halvmarathon<\/a><\/p>\n<p><strong>2009<\/strong><br \/>\n<a href=\"http:\/\/heleneholmsif.se\/langlopning\/wp-content\/uploads\/sites\/5\/2016\/11\/Resultatlista-Heleneholms-marathon-2009.pdf\" target=\"_blank\" rel=\"noopener noreferrer\">Marathon<\/a><br \/>\n<a href=\"http:\/\/heleneholmsif.se\/langlopning\/wp-content\/uploads\/sites\/5\/2016\/11\/Resultatlista-halvmarathon-2009.pdf\" target=\"_blank\" rel=\"noopener noreferrer\">DM\/VDM-Marathon<br \/>\nHalvmarathon<\/a><\/p>\n<p><strong>2008<\/strong><br \/>\n<a href=\"http:\/\/heleneholmsif.se\/langlopning\/wp-content\/uploads\/sites\/5\/2016\/11\/Resultatlista-Heleneholms-maraton-2008-1.pdf\" target=\"_blank\" rel=\"noopener noreferrer\">Marathon<\/a><br \/>\n<a href=\"http:\/\/heleneholmsif.se\/langlopning\/wp-content\/uploads\/sites\/5\/2016\/11\/Resultatlista-Heleneholms-halvmaraton-2008-1.pdf\" target=\"_blank\" rel=\"noopener noreferrer\">Halvmarathon<\/a><\/p>\n<p><strong>2007<\/strong><br \/>\n<a href=\"http:\/\/heleneholmsif.se\/langlopning\/wp-content\/uploads\/sites\/5\/2016\/11\/Resultatlista-Heleneholms-maraton-GM-2007-04-141.pdf\" target=\"_blank\" rel=\"noopener noreferrer\">Marathon<br \/>\nGM-Marathon<\/a><br \/>\n<a href=\"http:\/\/heleneholmsif.se\/langlopning\/wp-content\/uploads\/sites\/5\/2016\/11\/Resultatlista-Heleneholms-halvmaraton-2007-04-14.pdf\" target=\"_blank\" rel=\"noopener noreferrer\">Halvmarathon<\/a><\/p>\n<p><strong>2006<\/strong><br \/>\n<a href=\"http:\/\/heleneholmsif.se\/langlopning\/wp-content\/uploads\/sites\/5\/2016\/11\/Resultatlista-Heleneholms-Marathon-20061.xls\" target=\"_blank\" rel=\"noopener noreferrer\">Marathon<\/a><\/p>\n<p><strong>2005<\/strong><br \/>\n\u2013<\/p>\n<p><strong>2004<\/strong><br \/>\n\u2013<\/p>\n<p><strong>2003<\/strong><br \/>\n<a href=\"http:\/\/heleneholmsif.se\/langlopning\/wp-content\/uploads\/sites\/5\/2016\/11\/Resultatlista-Heleneholms-Marathon-20031.xls\" target=\"_blank\" rel=\"noopener noreferrer\">Marathon<\/a><\/p>\n<p><strong>2002<\/strong><br \/>\n<a href=\"http:\/\/heleneholmsif.se\/langlopning\/wp-content\/uploads\/sites\/5\/2016\/11\/Resultatlista-Heleneholms-Marathon-20021.xls\" target=\"_blank\" rel=\"noopener noreferrer\">Marathon<\/a><\/p>\n<p><strong>2001<\/strong><br \/>\n<a href=\"http:\/\/heleneholmsif.se\/langlopning\/wp-content\/uploads\/sites\/5\/2016\/11\/Resultatlista-Heleneholms-Marathon-2001.pdf\" target=\"_blank\" rel=\"noopener noreferrer\">Marathon<\/a><\/p>\n<p><strong>2000<\/strong><br \/>\n<a href=\"http:\/\/heleneholmsif.se\/langlopning\/wp-content\/uploads\/sites\/5\/2016\/11\/Resultatlista-Heleneholms-Marathon-2000.pdf\" target=\"_blank\" rel=\"noopener noreferrer\">Marathon<\/a><\/p>\n<p><strong>1999<\/strong><br \/>\n<a href=\"http:\/\/heleneholmsif.se\/langlopning\/wp-content\/uploads\/sites\/5\/2016\/11\/Resultatlista-Heleneholms-Marathon-1999.doc\" target=\"_blank\" rel=\"noopener noreferrer\">Marathon<\/a><\/p>\n<hr \/>\n","protected":false},"excerpt":{"rendered":"<p>F\u00f6reningen valde under 2020 att inte l\u00e4ngre arrangera Heleneholms halv- och hel Marathon, Varvetmilen som arrangerats p\u00e5 samma datum kommer dock att forts\u00e4tta arrangeras. Resultat fr\u00e5n tidigare \u00e5r hittas nedan. 2019 Marathon\u00a0(rev.) DM\/VDM Marathon\u00a0(rev.) Halvmarathon\u00a0(rev.) 2018 Marathon DM\/VDM Marathon Halvmarathon 2017 Marathon DM\/VDM-Marathon Halvmarathon 10 km 2016 Marathon Halvmarathon 10 km 2015 Marathon DM\/VDM-Marathon Halvmarathon [&hellip;] <a href=\"https:\/\/heleneholmsif.se\/langlopning\/tavling\/heleneholms-marathon\/\" class=\"readmore\">L\u00e4s mer<i class=\"icon-forward\"><\/i><\/a><\/p>\n","protected":false},"author":7,"featured_media":0,"parent":14,"menu_order":2,"comment_status":"closed","ping_status":"closed","template":"","meta":{"_mi_skip_tracking":false,"footnotes":""},"class_list":["post-206","page","type-page","status-publish","hentry"],"_links":{"self":[{"href":"https:\/\/heleneholmsif.se\/langlopning\/wp-json\/wp\/v2\/pages\/206","targetHints":{"allow":["GET"]}}],"collection":[{"href":"https:\/\/heleneholmsif.se\/langlopning\/wp-json\/wp\/v2\/pages"}],"about":[{"href":"https:\/\/heleneholmsif.se\/langlopning\/wp-json\/wp\/v2\/types\/page"}],"author":[{"embeddable":true,"href":"https:\/\/heleneholmsif.se\/langlopning\/wp-json\/wp\/v2\/users\/7"}],"replies":[{"embeddable":true,"href":"https:\/\/heleneholmsif.se\/langlopning\/wp-json\/wp\/v2\/comments?post=206"}],"version-history":[{"count":20,"href":"https:\/\/heleneholmsif.se\/langlopning\/wp-json\/wp\/v2\/pages\/206\/revisions"}],"predecessor-version":[{"id":3506,"href":"https:\/\/heleneholmsif.se\/langlopning\/wp-json\/wp\/v2\/pages\/206\/revisions\/3506"}],"up":[{"embeddable":true,"href":"https:\/\/heleneholmsif.se\/langlopning\/wp-json\/wp\/v2\/pages\/14"}],"wp:attachment":[{"href":"https:\/\/heleneholmsif.se\/langlopning\/wp-json\/wp\/v2\/media?parent=206"}],"curies":[{"name":"wp","href":"https:\/\/api.w.org\/{rel}","templated":true}]}}