{"id":208,"date":"2016-11-26T05:10:20","date_gmt":"2016-11-26T04:10:20","guid":{"rendered":"http:\/\/heleneholmsif.se\/langlopning\/?page_id=208"},"modified":"2021-08-09T14:17:42","modified_gmt":"2021-08-09T12:17:42","slug":"vdm-800","status":"publish","type":"page","link":"https:\/\/heleneholmsif.se\/langlopning\/tavling\/vdm-800\/","title":{"rendered":"UDM\/JDM\/DM\/VDM 800"},"content":{"rendered":"<p>20 augusti 2020 arrangerar Heleneholms IF UDM\/JDM\/DM\/VDM p\u00e5 600\/800m (600 m f\u00f6r de yngsta och 800 f\u00f6r \u00f6vriga \u00e5ldersklasser).<\/p>\n<p>Inbjudan finner du h\u00e4r.<\/p>\n<ul>\n<li>Tidsprogram<\/li>\n<li>PM (l\u00e4s noga)<\/li>\n<li>Heatindelning<br \/>\n600m<br \/>\n800m<\/li>\n<\/ul>\n","protected":false},"excerpt":{"rendered":"<p>20 augusti 2020 arrangerar Heleneholms IF UDM\/JDM\/DM\/VDM p\u00e5 600\/800m (600 m f\u00f6r de yngsta och 800 f\u00f6r \u00f6vriga \u00e5ldersklasser). Inbjudan finner du h\u00e4r. Tidsprogram PM (l\u00e4s noga) Heatindelning 600m 800m<\/p>\n","protected":false},"author":7,"featured_media":0,"parent":14,"menu_order":5,"comment_status":"closed","ping_status":"closed","template":"","meta":{"_mi_skip_tracking":false,"footnotes":""},"class_list":["post-208","page","type-page","status-publish","hentry"],"_links":{"self":[{"href":"https:\/\/heleneholmsif.se\/langlopning\/wp-json\/wp\/v2\/pages\/208","targetHints":{"allow":["GET"]}}],"collection":[{"href":"https:\/\/heleneholmsif.se\/langlopning\/wp-json\/wp\/v2\/pages"}],"about":[{"href":"https:\/\/heleneholmsif.se\/langlopning\/wp-json\/wp\/v2\/types\/page"}],"author":[{"embeddable":true,"href":"https:\/\/heleneholmsif.se\/langlopning\/wp-json\/wp\/v2\/users\/7"}],"replies":[{"embeddable":true,"href":"https:\/\/heleneholmsif.se\/langlopning\/wp-json\/wp\/v2\/comments?post=208"}],"version-history":[{"count":10,"href":"https:\/\/heleneholmsif.se\/langlopning\/wp-json\/wp\/v2\/pages\/208\/revisions"}],"predecessor-version":[{"id":3752,"href":"https:\/\/heleneholmsif.se\/langlopning\/wp-json\/wp\/v2\/pages\/208\/revisions\/3752"}],"up":[{"embeddable":true,"href":"https:\/\/heleneholmsif.se\/langlopning\/wp-json\/wp\/v2\/pages\/14"}],"wp:attachment":[{"href":"https:\/\/heleneholmsif.se\/langlopning\/wp-json\/wp\/v2\/media?parent=208"}],"curies":[{"name":"wp","href":"https:\/\/api.w.org\/{rel}","templated":true}]}}