{"id":210,"date":"2016-11-26T05:11:18","date_gmt":"2016-11-26T04:11:18","guid":{"rendered":"http:\/\/heleneholmsif.se\/langlopning\/?page_id=210"},"modified":"2026-04-07T21:40:01","modified_gmt":"2026-04-07T19:40:01","slug":"varvetmilen-malmo","status":"publish","type":"page","link":"https:\/\/heleneholmsif.se\/langlopning\/tavling\/varvetmilen-malmo\/","title":{"rendered":"Varvetmilen Malm\u00f6"},"content":{"rendered":"<p>G\u00f6r dig redo f\u00f6r 10 km p\u00e5 en snabb, flack bana. Din tid fr\u00e5n Varvetmilen Malm\u00f6 \u00e4r seedningsgrundande till G\u00f6teborgsvarvet 2024. Missa inte chansen att springa dig till en b\u00e4ttre startgrupp!<br \/>\nBanan \u00e4r relativt l\u00e4ttsprungen vilket ger goda m\u00f6jligheter till att g\u00f6ra bra tider.<br \/>\nBanan inneh\u00e5ller n\u00e5gra backar fr\u00e4mst vid g\u00e5ngtunnlar men inneh\u00e5ller ocks\u00e5 m\u00e5nga utf\u00f6rs partier d\u00e4r det kan g\u00e5 v\u00e4ldigt fort. Varvetmilen 2026 arrangeras 11 April<\/p>\n<p>Mer info hittar du p\u00e5 Varvetmilens officiella hemsida <a href=\"https:\/\/www.goteborgsvarvet.se\/ovriga-lopp\/varvetmilen\/varvetmilen-malmo.\">h\u00e4r<\/a>.<\/p>\n<div class=\"row labelrow\"><\/div>\n<div class=\"form-group\"><\/div>\n","protected":false},"excerpt":{"rendered":"<p>G\u00f6r dig redo f\u00f6r 10 km p\u00e5 en snabb, flack bana. Din tid fr\u00e5n Varvetmilen Malm\u00f6 \u00e4r seedningsgrundande till G\u00f6teborgsvarvet 2024. Missa inte chansen att springa dig till en b\u00e4ttre startgrupp! Banan \u00e4r relativt l\u00e4ttsprungen vilket ger goda m\u00f6jligheter till att g\u00f6ra bra tider. Banan inneh\u00e5ller n\u00e5gra backar fr\u00e4mst vid g\u00e5ngtunnlar men inneh\u00e5ller ocks\u00e5 m\u00e5nga [&hellip;] <a href=\"https:\/\/heleneholmsif.se\/langlopning\/tavling\/varvetmilen-malmo\/\" class=\"readmore\">L\u00e4s mer<i class=\"icon-forward\"><\/i><\/a><\/p>\n","protected":false},"author":7,"featured_media":0,"parent":14,"menu_order":3,"comment_status":"closed","ping_status":"closed","template":"","meta":{"_mi_skip_tracking":false,"footnotes":""},"class_list":["post-210","page","type-page","status-publish","hentry"],"_links":{"self":[{"href":"https:\/\/heleneholmsif.se\/langlopning\/wp-json\/wp\/v2\/pages\/210","targetHints":{"allow":["GET"]}}],"collection":[{"href":"https:\/\/heleneholmsif.se\/langlopning\/wp-json\/wp\/v2\/pages"}],"about":[{"href":"https:\/\/heleneholmsif.se\/langlopning\/wp-json\/wp\/v2\/types\/page"}],"author":[{"embeddable":true,"href":"https:\/\/heleneholmsif.se\/langlopning\/wp-json\/wp\/v2\/users\/7"}],"replies":[{"embeddable":true,"href":"https:\/\/heleneholmsif.se\/langlopning\/wp-json\/wp\/v2\/comments?post=210"}],"version-history":[{"count":20,"href":"https:\/\/heleneholmsif.se\/langlopning\/wp-json\/wp\/v2\/pages\/210\/revisions"}],"predecessor-version":[{"id":4707,"href":"https:\/\/heleneholmsif.se\/langlopning\/wp-json\/wp\/v2\/pages\/210\/revisions\/4707"}],"up":[{"embeddable":true,"href":"https:\/\/heleneholmsif.se\/langlopning\/wp-json\/wp\/v2\/pages\/14"}],"wp:attachment":[{"href":"https:\/\/heleneholmsif.se\/langlopning\/wp-json\/wp\/v2\/media?parent=210"}],"curies":[{"name":"wp","href":"https:\/\/api.w.org\/{rel}","templated":true}]}}