{"id":212,"date":"2016-11-26T05:12:39","date_gmt":"2016-11-26T04:12:39","guid":{"rendered":"http:\/\/heleneholmsif.se\/langlopning\/?page_id=212"},"modified":"2026-03-20T08:27:02","modified_gmt":"2026-03-20T07:27:02","slug":"yddingeloppet","status":"publish","type":"page","link":"https:\/\/heleneholmsif.se\/langlopning\/tavling\/yddingeloppet\/","title":{"rendered":"Yddingeloppet"},"content":{"rendered":"<figure class=\"alignnone\" style=\"width: 201px;\"><div class=\"\"><img loading=\"lazy\" decoding=\"async\" class=\"\" src=\"https:\/\/heleneholmsif.se\/wp-content\/uploads\/2025\/06\/Skarmbild-2024-10-18-120156.jpg\" width=\"201\" height=\"189\" \/><\/div><\/figure>\n<h1 style=\"text-align: center;\">Yddingeloppet<\/h1>\n<h1 style=\"text-align: center;\">25 oktober 2026 i Bokskogen, Malm\u00f6<\/h1>\n<hr \/>\n<p style=\"text-align: center;\"><strong>Yddingeloppet<\/strong> \u00e4r ett av Sk\u00e5nes st\u00f6rsta terr\u00e4nglopp och g\u00e5r i h\u00f6stvackra Bokskogen, Torup utanf\u00f6r Malm\u00f6 alltid sista s\u00f6ndagen i oktober med utg\u00e5ngspunkt fr\u00e5n Torups Friluftsg\u00e5rd.<\/p>\n<h3 style=\"text-align: center;\">Inbjudan hittar du\u00a0<span style=\"color: #0000ff;\"><a style=\"color: #0000ff;\" href=\"https:\/\/heleneholmsif.se\/wp-content\/uploads\/2026\/02\/45cf7a4b-a6f0-45a9-a27a-1a887be95e06.jpg\">h\u00e4r<\/a><\/span><\/h3>\n<h3 style=\"text-align: center;\">Anm\u00e4lan g\u00f6rs p\u00e5 <span style=\"color: #0000ff;\"><a style=\"color: #0000ff;\" href=\"https:\/\/anmalmig.nu\/anmalan\/019b0352-bf33-748c-b59a-e8f21e710763\/\">Anm\u00e4lMigNu\u00a0<\/a><\/span><\/h3>\n<h3 style=\"text-align: center;\"><span style=\"color: #ff0000;\"><strong>I v\u00e4nsterflikarna (l\u00e4ngst ner om du \u00e4r inne via mobilen) hittar du all information du kan t\u00e4nkas beh\u00f6va om loppet som inbjudan, anm\u00e4lan, klasser, banan, beskrivningar m.m. Om det inte finns d\u00e4r beh\u00f6ver du v\u00e4lja &#8221;Skrivbordsversion&#8221; d\u00e5 &#8221;mobilversion&#8221; begr\u00e4nsar informationen.<\/strong><\/span><\/h3>\n<p>Kontakt: <a href=\"mailto:tavling@heleneholmsif.se\">tavling@heleneholmsif.se<\/a><\/p>\n<p>&nbsp;<\/p>\n<p style=\"text-align: center;\"><strong>F\u00f6lj g\u00e4rna oss p\u00e5 sociala medier:<\/strong><\/p>\n<p style=\"text-align: center;\"><a href=\"https:\/\/www.facebook.com\/yddingeloppet\/\" target=\"_blank\" rel=\"noopener noreferrer\">Yddingeloppet p\u00e5 Facebook<\/a><\/p>\n<p style=\"text-align: center;\"><a href=\"https:\/\/www.instagram.com\/yddingeloppet\/\">Yddingeloppet p\u00e5 Instagram<\/a><\/p>\n<p style=\"text-align: center;\">Kontakt: <a href=\"mailto:tavling@heleneholmsif.se\">tavling@heleneholmsif.se<\/a><\/p>\n<hr \/>\n<div class=\"fb-like\" style=\"text-align: center;\">Loppet genomf\u00f6rdes 2025 f\u00f6r 59:e g\u00e5ngen. V\u00e4dret h\u00f6ll torrt \u00e5tminstone delar av tiden \u00e4ven om det \u00e4nnu en g\u00e5ng blev lerigt och regnigt likt ett klassiskt terr\u00e4nglopp. V\u00e4ldigt bra k\u00e4mpat av alla deltagare som tog sig runt banan och stort tack till v\u00e5ra fantastiska funktion\u00e4rer f\u00f6r ett fint arbete trots v\u00e4derf\u00f6rh\u00e5llandena.<\/div>\n\n\n<figure class=\"wp-block-image size-full\"><figure id=\"attachment_4694\" class=\"alignnone\"><a data-fancybox-title=\"\" class=\"zoom-hover fb\" href=\"https:\/\/heleneholmsif.se\/wp-content\/uploads\/2026\/02\/Yddingeloppet-2026.jpg\"><img loading=\"lazy\" decoding=\"async\" width=\"658\" height=\"928\" src=\"https:\/\/heleneholmsif.se\/langlopning\/wp-content\/uploads\/sites\/5\/2026\/02\/Yddingeloppet-2026.jpg\" alt=\"\" class=\"wp-image-4694\" srcset=\"https:\/\/heleneholmsif.se\/langlopning\/wp-content\/uploads\/sites\/5\/2026\/02\/Yddingeloppet-2026.jpg 658w, https:\/\/heleneholmsif.se\/langlopning\/wp-content\/uploads\/sites\/5\/2026\/02\/Yddingeloppet-2026-213x300.jpg 213w, https:\/\/heleneholmsif.se\/langlopning\/wp-content\/uploads\/sites\/5\/2026\/02\/Yddingeloppet-2026-43x60.jpg 43w, https:\/\/heleneholmsif.se\/langlopning\/wp-content\/uploads\/sites\/5\/2026\/02\/Yddingeloppet-2026-364x513.jpg 364w\" sizes=\"auto, (max-width: 658px) 100vw, 658px\" \/><\/a><\/figure><\/figure>\n","protected":false},"excerpt":{"rendered":"<p>Yddingeloppet 25 oktober 2026 i Bokskogen, Malm\u00f6 Yddingeloppet \u00e4r ett av Sk\u00e5nes st\u00f6rsta terr\u00e4nglopp och g\u00e5r i h\u00f6stvackra Bokskogen, Torup utanf\u00f6r Malm\u00f6 alltid sista s\u00f6ndagen i oktober med utg\u00e5ngspunkt fr\u00e5n Torups Friluftsg\u00e5rd. Inbjudan hittar du\u00a0h\u00e4r Anm\u00e4lan g\u00f6rs p\u00e5 Anm\u00e4lMigNu\u00a0 I v\u00e4nsterflikarna (l\u00e4ngst ner om du \u00e4r inne via mobilen) hittar du all information du kan [&hellip;] <a href=\"https:\/\/heleneholmsif.se\/langlopning\/tavling\/yddingeloppet\/\" class=\"readmore\">L\u00e4s mer<i class=\"icon-forward\"><\/i><\/a><\/p>\n","protected":false},"author":7,"featured_media":0,"parent":14,"menu_order":6,"comment_status":"closed","ping_status":"closed","template":"","meta":{"_mi_skip_tracking":false,"footnotes":""},"class_list":["post-212","page","type-page","status-publish","hentry"],"_links":{"self":[{"href":"https:\/\/heleneholmsif.se\/langlopning\/wp-json\/wp\/v2\/pages\/212","targetHints":{"allow":["GET"]}}],"collection":[{"href":"https:\/\/heleneholmsif.se\/langlopning\/wp-json\/wp\/v2\/pages"}],"about":[{"href":"https:\/\/heleneholmsif.se\/langlopning\/wp-json\/wp\/v2\/types\/page"}],"author":[{"embeddable":true,"href":"https:\/\/heleneholmsif.se\/langlopning\/wp-json\/wp\/v2\/users\/7"}],"replies":[{"embeddable":true,"href":"https:\/\/heleneholmsif.se\/langlopning\/wp-json\/wp\/v2\/comments?post=212"}],"version-history":[{"count":87,"href":"https:\/\/heleneholmsif.se\/langlopning\/wp-json\/wp\/v2\/pages\/212\/revisions"}],"predecessor-version":[{"id":4705,"href":"https:\/\/heleneholmsif.se\/langlopning\/wp-json\/wp\/v2\/pages\/212\/revisions\/4705"}],"up":[{"embeddable":true,"href":"https:\/\/heleneholmsif.se\/langlopning\/wp-json\/wp\/v2\/pages\/14"}],"wp:attachment":[{"href":"https:\/\/heleneholmsif.se\/langlopning\/wp-json\/wp\/v2\/media?parent=212"}],"curies":[{"name":"wp","href":"https:\/\/api.w.org\/{rel}","templated":true}]}}