{"id":214,"date":"2016-11-26T05:13:22","date_gmt":"2016-11-26T04:13:22","guid":{"rendered":"http:\/\/heleneholmsif.se\/langlopning\/?page_id=214"},"modified":"2026-01-09T13:34:57","modified_gmt":"2026-01-09T12:34:57","slug":"sylvesterloppet","status":"publish","type":"page","link":"https:\/\/heleneholmsif.se\/langlopning\/tavling\/sylvesterloppet\/","title":{"rendered":"Sylvesterloppet"},"content":{"rendered":"<p>Sylvesterloppet \u00e4r ett familj\u00e4rt motionslopp som varje \u00e5r l\u00f6ps under f\u00f6rmiddagen p\u00e5 sj\u00e4lvaste ny\u00e5rsafton d\u00e4rav namnet &#8221;Sylvester&#8221; som har namnsdag denna dag. Loppet g\u00e5r yttervarvet runt Pildammsparken genom att springa\/jogga\/g\u00e5 antingen ett eller tv\u00e5 varv p\u00e5 2,7 km. <span class=\"_4n-j _fbReactionComponent__eventDetailsContentTags fsl\">Loppets karakt\u00e4r speglas av gl\u00e4dje, familjefest och motion d\u00e4r unga som gamla, elit som motion\u00e4r deltar tillsammans f\u00f6r att fira ut nuvarande \u00e5r.<\/span> Loppet \u00e4r ocks\u00e5 k\u00e4nd f\u00f6r sin avslappnande st\u00e4mning d\u00e4r tiden eller att vinna inte \u00e4r det viktigaste utan att umg\u00e5s och ha trevligt tillsammans under de sista timmarna av nuvarande \u00e5r.<\/p>\n<p>Efter\u00e5t serveras det bubbel, gl\u00f6gg och pepparkakor att v\u00e4rma sig med. Varmt v\u00e4lkommen till ett trevligt lopp att avsluta \u00e5ret p\u00e5!<\/p>\n\n\n<h3 class=\"wp-block-heading\"><strong>Kortare info:<\/strong><\/h3>\n\n\n\n<p><a href=\"https:\/\/heleneholmsif.se\/langlopning\/tavling\/sylvesterloppet\/inbjudan\/\" data-type=\"link\" data-id=\"https:\/\/heleneholmsif.se\/langlopning\/tavling\/sylvesterloppet\/inbjudan\/\" target=\"_blank\" rel=\"noreferrer noopener\"><em><strong>Inbjudan <\/strong><\/em><\/a><br><strong>Banan:<\/strong> 2,7 eller 5,4 km. 1-2 varv runt Pildammsparken<br><strong>Anm\u00e4lningsavgift:<\/strong> 150 kr via swish <br><strong>Anm\u00e4lan<\/strong>: Sker <a href=\"https:\/\/forms.gle\/vH7865QU4ZWj2DnE9\" data-type=\"link\" data-id=\"https:\/\/forms.gle\/vH7865QU4ZWj2DnE9\" target=\"_blank\" rel=\"noreferrer noopener\"><strong>h\u00e4r<\/strong><\/a> senast 29 december, i samband med anm\u00e4lan swishar du 150 kr f\u00f6r att r\u00e4knas som anm\u00e4ld<br><strong>Efteranm\u00e4lan: <\/strong>P\u00e5 t\u00e4vlingsdagen mellan klockan 09:00-10:00<br><strong>Nummerlapp<\/strong>: H\u00e4mtas p\u00e5 plats vid starten fr\u00e5n kl 9.00. Det r\u00e4cker att uppge sitt namn. KOM I GOD TID!<br><strong>Start &amp; M\u00e5l:<\/strong> Kl 10.30, Korsningen John Ericssons v\u00e4g &amp; Baltiska v\u00e4gen. Se <a href=\"https:\/\/heleneholmsif.se\/wp-content\/uploads\/2023\/01\/BanaSylvesterloppet.jpg\">h\u00e4r<\/a><strong><br>Tidtagning: <\/strong>P\u00e5 5 f\u00f6rsta i varje klass<br><strong>Upplysning:<\/strong> Heleneholms IF kansli 040-19 42 20 \/ <a href=\"mailto:tavling@heleneholmsif.se\" data-type=\"mailto\" data-id=\"mailto:tavling@heleneholmsif.se\" target=\"_blank\" rel=\"noreferrer noopener\">tavling@heleneholmsif.s<\/a>e (Obs kansliet \u00e4r st\u00e4ngt under jul).<\/p>\n\n\n\n<p><br><strong>Sociala medier<\/strong>:<br>Facebook <a href=\"https:\/\/www.facebook.com\/heleneholmsif\">Heleneholms IF<\/a><br>Instagram <a href=\"https:\/\/www.instagram.com\/heleneholmsif\/\">Heleneholms IF<\/a><\/p>\n\n\n\n<p><\/p>\n\n\n\n<p><strong>Resultat:<\/strong><br><a href=\"https:\/\/heleneholmsif.se\/triathlon\/wp-content\/uploads\/sites\/3\/2026\/01\/Resultat-2026.jpg\" data-type=\"link\" data-id=\"https:\/\/heleneholmsif.se\/triathlon\/wp-content\/uploads\/sites\/3\/2026\/01\/Resultat-2026.jpg\">Resultat 2025<\/a><br><a href=\"https:\/\/heleneholmsif.se\/wp-content\/uploads\/2025\/01\/Resultat-2024-1.pdf\" data-type=\"URL\" data-id=\"https:\/\/heleneholmsif.se\/wp-content\/uploads\/2025\/01\/Resultat-2024-1.pdf\" target=\"_blank\" rel=\"noreferrer noopener\">Resultat 2024<\/a><\/p>\n\n\n\n<p><\/p>\n\n\n\n<p><\/p>\n","protected":false},"excerpt":{"rendered":"<p>Sylvesterloppet \u00e4r ett familj\u00e4rt motionslopp som varje \u00e5r l\u00f6ps under f\u00f6rmiddagen p\u00e5 sj\u00e4lvaste ny\u00e5rsafton d\u00e4rav namnet &#8221;Sylvester&#8221; som har namnsdag denna dag. Loppet g\u00e5r yttervarvet runt Pildammsparken genom att springa\/jogga\/g\u00e5 antingen ett eller tv\u00e5 varv p\u00e5 2,7 km. Loppets karakt\u00e4r speglas av gl\u00e4dje, familjefest och motion d\u00e4r unga som gamla, elit som motion\u00e4r deltar tillsammans [&hellip;] <a href=\"https:\/\/heleneholmsif.se\/langlopning\/tavling\/sylvesterloppet\/\" class=\"readmore\">L\u00e4s mer<i class=\"icon-forward\"><\/i><\/a><\/p>\n","protected":false},"author":7,"featured_media":0,"parent":14,"menu_order":7,"comment_status":"closed","ping_status":"closed","template":"","meta":{"_mi_skip_tracking":false,"footnotes":""},"class_list":["post-214","page","type-page","status-publish","hentry"],"_links":{"self":[{"href":"https:\/\/heleneholmsif.se\/langlopning\/wp-json\/wp\/v2\/pages\/214","targetHints":{"allow":["GET"]}}],"collection":[{"href":"https:\/\/heleneholmsif.se\/langlopning\/wp-json\/wp\/v2\/pages"}],"about":[{"href":"https:\/\/heleneholmsif.se\/langlopning\/wp-json\/wp\/v2\/types\/page"}],"author":[{"embeddable":true,"href":"https:\/\/heleneholmsif.se\/langlopning\/wp-json\/wp\/v2\/users\/7"}],"replies":[{"embeddable":true,"href":"https:\/\/heleneholmsif.se\/langlopning\/wp-json\/wp\/v2\/comments?post=214"}],"version-history":[{"count":53,"href":"https:\/\/heleneholmsif.se\/langlopning\/wp-json\/wp\/v2\/pages\/214\/revisions"}],"predecessor-version":[{"id":4684,"href":"https:\/\/heleneholmsif.se\/langlopning\/wp-json\/wp\/v2\/pages\/214\/revisions\/4684"}],"up":[{"embeddable":true,"href":"https:\/\/heleneholmsif.se\/langlopning\/wp-json\/wp\/v2\/pages\/14"}],"wp:attachment":[{"href":"https:\/\/heleneholmsif.se\/langlopning\/wp-json\/wp\/v2\/media?parent=214"}],"curies":[{"name":"wp","href":"https:\/\/api.w.org\/{rel}","templated":true}]}}