{"id":218,"date":"2016-11-26T05:14:58","date_gmt":"2016-11-26T04:14:58","guid":{"rendered":"http:\/\/heleneholmsif.se\/langlopning\/?page_id=218"},"modified":"2020-03-12T18:40:17","modified_gmt":"2020-03-12T17:40:17","slug":"sektionsmasterskap-bana","status":"publish","type":"page","link":"https:\/\/heleneholmsif.se\/langlopning\/interna-tavlingar\/sektionsmasterskap-bana\/","title":{"rendered":"Sektionsm\u00e4sterskap bana"},"content":{"rendered":"<p align=\"left\">Varje \u00e5r arrangeras sektionsm\u00e4sterskap, banl\u00f6pning. T\u00e4vlingen best\u00e5r i \u00e5r av 3 banlopp.<br \/>\nSegrare utses i 2 klasser &#8211; m\u00e4n och kvinnor och segrare blir den som totalt f\u00e5r h\u00f6gsta po\u00e4ng.<br \/>\nVid varje lopp f\u00e5r segraren 10 po\u00e4ng, 2:an 9 po\u00e4ng,&#8230;&#8230;10:an och alla \u00f6vriga som fullf\u00f6ljer loppet f\u00e5r 1 po\u00e4ng.<br \/>\nOm man fullf\u00f6ljer \u00e5rets samtliga banlopp f\u00e5r man 3 extra po\u00e4ng.<br \/>\nOm flera deltagare hamnar p\u00e5 samma po\u00e4ng, avg\u00f6rs placeringen i f\u00f6rsta hand av antalet 1:a platser, d\u00e4refter antalet 2:a platser och sedan antalet 3:e platser.<\/p>\n<p align=\"left\">Loppen \u00e4r sanktionerade och \u00e4r d\u00e4rf\u00f6r \u00f6ppna f\u00f6r alla, men po\u00e4ngen r\u00e4knas endast f\u00f6r medlemmar i L-sektionen.<\/p>\n<p align=\"left\">Resultat fr\u00e5n tidigare \u00e5r och aktuell st\u00e4llning i \u00e5rets t\u00e4vling finner du h\u00e4r.<\/p>\n<p align=\"left\">2020 \u00e5rs sektionsm\u00e4sterskap best\u00e5r av<\/p>\n<table border=\"0\" width=\"600\" cellspacing=\"1\" cellpadding=\"1\" align=\"center\">\n<tbody>\n<tr>\n<td width=\"300\">2.000 m<\/td>\n<td width=\"300\">Heleneholms IP, 25\/5 kl. 18.30<\/td>\n<\/tr>\n<tr>\n<td width=\"300\">?<\/td>\n<td width=\"300\">Heleneholms IP, ?<\/td>\n<\/tr>\n<tr>\n<td width=\"300\">DM\/VDM 800 m<\/td>\n<td width=\"300\">Heleneholms IP, 6\/8 kl. 18.00<\/td>\n<\/tr>\n<\/tbody>\n<\/table>\n","protected":false},"excerpt":{"rendered":"<p>Varje \u00e5r arrangeras sektionsm\u00e4sterskap, banl\u00f6pning. T\u00e4vlingen best\u00e5r i \u00e5r av 3 banlopp. Segrare utses i 2 klasser &#8211; m\u00e4n och kvinnor och segrare blir den som totalt f\u00e5r h\u00f6gsta po\u00e4ng. Vid varje lopp f\u00e5r segraren 10 po\u00e4ng, 2:an 9 po\u00e4ng,&#8230;&#8230;10:an och alla \u00f6vriga som fullf\u00f6ljer loppet f\u00e5r 1 po\u00e4ng. Om man fullf\u00f6ljer \u00e5rets samtliga banlopp [&hellip;] <a href=\"https:\/\/heleneholmsif.se\/langlopning\/interna-tavlingar\/sektionsmasterskap-bana\/\" class=\"readmore\">L\u00e4s mer<i class=\"icon-forward\"><\/i><\/a><\/p>\n","protected":false},"author":7,"featured_media":0,"parent":202,"menu_order":2,"comment_status":"closed","ping_status":"closed","template":"","meta":{"_mi_skip_tracking":false,"footnotes":""},"class_list":["post-218","page","type-page","status-publish","hentry"],"_links":{"self":[{"href":"https:\/\/heleneholmsif.se\/langlopning\/wp-json\/wp\/v2\/pages\/218","targetHints":{"allow":["GET"]}}],"collection":[{"href":"https:\/\/heleneholmsif.se\/langlopning\/wp-json\/wp\/v2\/pages"}],"about":[{"href":"https:\/\/heleneholmsif.se\/langlopning\/wp-json\/wp\/v2\/types\/page"}],"author":[{"embeddable":true,"href":"https:\/\/heleneholmsif.se\/langlopning\/wp-json\/wp\/v2\/users\/7"}],"replies":[{"embeddable":true,"href":"https:\/\/heleneholmsif.se\/langlopning\/wp-json\/wp\/v2\/comments?post=218"}],"version-history":[{"count":8,"href":"https:\/\/heleneholmsif.se\/langlopning\/wp-json\/wp\/v2\/pages\/218\/revisions"}],"predecessor-version":[{"id":3016,"href":"https:\/\/heleneholmsif.se\/langlopning\/wp-json\/wp\/v2\/pages\/218\/revisions\/3016"}],"up":[{"embeddable":true,"href":"https:\/\/heleneholmsif.se\/langlopning\/wp-json\/wp\/v2\/pages\/202"}],"wp:attachment":[{"href":"https:\/\/heleneholmsif.se\/langlopning\/wp-json\/wp\/v2\/media?parent=218"}],"curies":[{"name":"wp","href":"https:\/\/api.w.org\/{rel}","templated":true}]}}