{"id":220,"date":"2016-11-26T05:15:41","date_gmt":"2016-11-26T04:15:41","guid":{"rendered":"http:\/\/heleneholmsif.se\/langlopning\/?page_id=220"},"modified":"2024-06-26T11:43:22","modified_gmt":"2024-06-26T09:43:22","slug":"midsommarsvangen","status":"publish","type":"page","link":"https:\/\/heleneholmsif.se\/langlopning\/interna-tavlingar\/midsommarsvangen\/","title":{"rendered":"Midsommarsv\u00e4ngen"},"content":{"rendered":"\n<p>Midsommarsv\u00e4ngen \u00e4r en intern t\u00e4vling som vanligtvis arrangeras m\u00e5ndagen f\u00f6re midsommarafton i Bokskogen, Torup. Banan \u00e4r p\u00e5 7 km och efter\u00e5t grillar vi korv och umg\u00e5s. Resultat fr\u00e5n f\u00f6rr hittar du nedan.<\/p>\n\n\n\n<p>Rekorden fr\u00e5n Midsommarsv\u00e4ngen h\u00e5lls av:<br>Peder Enoksson 25:10 (2016)<br>Marina Stoltz 28:08 (2018)<\/p>\n\n\n<figure id=\"attachment_3668\" class=\"alignnone\" style=\"width: 1024px;\"><div class=\"\"><img loading=\"lazy\" decoding=\"async\" class=\"wp-image-3668 size-large\" src=\"http:\/\/heleneholmsif.se\/langlopning\/wp-content\/uploads\/sites\/5\/2021\/06\/Midsommarsvangen-1024x768.jpg\" alt=\"\" width=\"1024\" height=\"768\" srcset=\"https:\/\/heleneholmsif.se\/langlopning\/wp-content\/uploads\/sites\/5\/2021\/06\/Midsommarsvangen-1024x768.jpg 1024w, https:\/\/heleneholmsif.se\/langlopning\/wp-content\/uploads\/sites\/5\/2021\/06\/Midsommarsvangen-300x225.jpg 300w, https:\/\/heleneholmsif.se\/langlopning\/wp-content\/uploads\/sites\/5\/2021\/06\/Midsommarsvangen-768x576.jpg 768w, https:\/\/heleneholmsif.se\/langlopning\/wp-content\/uploads\/sites\/5\/2021\/06\/Midsommarsvangen-1536x1152.jpg 1536w, https:\/\/heleneholmsif.se\/langlopning\/wp-content\/uploads\/sites\/5\/2021\/06\/Midsommarsvangen-2048x1536.jpg 2048w, https:\/\/heleneholmsif.se\/langlopning\/wp-content\/uploads\/sites\/5\/2021\/06\/Midsommarsvangen-80x60.jpg 80w, https:\/\/heleneholmsif.se\/langlopning\/wp-content\/uploads\/sites\/5\/2021\/06\/Midsommarsvangen-1180x885.jpg 1180w, https:\/\/heleneholmsif.se\/langlopning\/wp-content\/uploads\/sites\/5\/2021\/06\/Midsommarsvangen-1440x1080.jpg 1440w, https:\/\/heleneholmsif.se\/langlopning\/wp-content\/uploads\/sites\/5\/2021\/06\/Midsommarsvangen-1140x855.jpg 1140w, https:\/\/heleneholmsif.se\/langlopning\/wp-content\/uploads\/sites\/5\/2021\/06\/Midsommarsvangen-748x561.jpg 748w, https:\/\/heleneholmsif.se\/langlopning\/wp-content\/uploads\/sites\/5\/2021\/06\/Midsommarsvangen-364x273.jpg 364w, https:\/\/heleneholmsif.se\/langlopning\/wp-content\/uploads\/sites\/5\/2021\/06\/Midsommarsvangen-scaled.jpg 2560w\" sizes=\"auto, (max-width: 1024px) 100vw, 1024px\" \/><\/div><figcaption>Bild fr\u00e5n Midsommarsv\u00e4ngen 2021. Foto: G\u00f6ran Kvarnerup<\/figcaption><\/figure>\n<hr \/>\n<h3 style=\"text-align: left;\" align=\"center\">Tidigare resultat<\/h3>\n<p><a href=\"https:\/\/heleneholmsif.se\/wp-content\/uploads\/2024\/06\/Midsommarsvangen-resultat-2024.xlsx\">2024<\/a><br \/><a href=\"https:\/\/heleneholmsif.se\/wp-content\/uploads\/2023\/06\/Midsommarsvangen-resultat2023.pdf\">2023<\/a><br \/><a href=\"https:\/\/heleneholmsif.se\/wp-content\/uploads\/2022\/10\/Midsommarsvangen-resultat.pdf\">2022<\/a><br \/><a href=\"http:\/\/heleneholmsif.se\/langlopning\/wp-content\/uploads\/sites\/5\/2021\/06\/Midsommarsvangen-resultat.pdf\">2021<\/a><br \/><a href=\"http:\/\/heleneholmsif.se\/langlopning\/wp-content\/uploads\/sites\/5\/2019\/07\/Midsommarsvangen-resultat-2019.pdf\" target=\"_blank\" rel=\"noopener noreferrer\">2019<\/a><br \/><a href=\"http:\/\/heleneholmsif.se\/langlopning\/wp-content\/uploads\/sites\/5\/2018\/06\/Midsommarsvaengen-2018.pdf\" target=\"_blank\" rel=\"noopener noreferrer\">2018<\/a><br \/><a href=\"http:\/\/heleneholmsif.se\/langlopning\/wp-content\/uploads\/sites\/5\/2017\/06\/Midsommarsvaengen-2017.pdf\" target=\"_blank\" rel=\"noopener noreferrer\">2017<\/a><br \/><a href=\"http:\/\/heleneholmsif.se\/langlopning\/wp-content\/uploads\/sites\/5\/2017\/06\/Midsommarsvaengen-2016.pdf\">2016<\/a><br \/><a href=\"http:\/\/heleneholmsif.se\/langlopning\/wp-content\/uploads\/sites\/5\/2017\/06\/Midsommarsvaengen-2015.pdf\">2015<\/a><br \/><a href=\"http:\/\/heleneholmsif.se\/langlopning\/wp-content\/uploads\/sites\/5\/2017\/06\/Midsommarsvaengen-2014.pdf\">2014<\/a><br \/><a href=\"http:\/\/heleneholmsif.se\/langlopning\/wp-content\/uploads\/sites\/5\/2017\/06\/Midsommarsvaengen-2013.pdf\">2013<\/a><br \/><a href=\"http:\/\/heleneholmsif.se\/langlopning\/wp-content\/uploads\/sites\/5\/2017\/06\/Midsommarsvaengen-2012.pdf\">2012<\/a><br \/><a href=\"http:\/\/heleneholmsif.se\/langlopning\/wp-content\/uploads\/sites\/5\/2017\/06\/Midsommarsvaengen_2011.pdf\">2011<\/a><br \/><a href=\"http:\/\/heleneholmsif.se\/langlopning\/wp-content\/uploads\/sites\/5\/2017\/06\/Midsommarsvaengen_2010.pdf\">2010<\/a><br \/><a href=\"http:\/\/heleneholmsif.se\/langlopning\/wp-content\/uploads\/sites\/5\/2017\/06\/Midsommarsvaengen_2009.pdf\">2009<\/a><br \/><a href=\"http:\/\/heleneholmsif.se\/langlopning\/wp-content\/uploads\/sites\/5\/2017\/06\/Midsommarsvaengen_2008.pdf\">2008<\/a><\/p>","protected":false},"excerpt":{"rendered":"<p>Midsommarsv\u00e4ngen \u00e4r en intern t\u00e4vling som vanligtvis arrangeras m\u00e5ndagen f\u00f6re midsommarafton i Bokskogen, Torup. Banan \u00e4r p\u00e5 7 km och efter\u00e5t grillar vi korv och umg\u00e5s. Resultat fr\u00e5n f\u00f6rr hittar du nedan. Rekorden fr\u00e5n Midsommarsv\u00e4ngen h\u00e5lls av:Peder Enoksson 25:10 (2016)Marina Stoltz 28:08 (2018) Tidigare resultat 2024202320222021201920182017201620152014201320122011201020092008<\/p>\n","protected":false},"author":7,"featured_media":0,"parent":202,"menu_order":3,"comment_status":"closed","ping_status":"closed","template":"","meta":{"_mi_skip_tracking":false,"footnotes":""},"class_list":["post-220","page","type-page","status-publish","hentry"],"_links":{"self":[{"href":"https:\/\/heleneholmsif.se\/langlopning\/wp-json\/wp\/v2\/pages\/220","targetHints":{"allow":["GET"]}}],"collection":[{"href":"https:\/\/heleneholmsif.se\/langlopning\/wp-json\/wp\/v2\/pages"}],"about":[{"href":"https:\/\/heleneholmsif.se\/langlopning\/wp-json\/wp\/v2\/types\/page"}],"author":[{"embeddable":true,"href":"https:\/\/heleneholmsif.se\/langlopning\/wp-json\/wp\/v2\/users\/7"}],"replies":[{"embeddable":true,"href":"https:\/\/heleneholmsif.se\/langlopning\/wp-json\/wp\/v2\/comments?post=220"}],"version-history":[{"count":19,"href":"https:\/\/heleneholmsif.se\/langlopning\/wp-json\/wp\/v2\/pages\/220\/revisions"}],"predecessor-version":[{"id":4510,"href":"https:\/\/heleneholmsif.se\/langlopning\/wp-json\/wp\/v2\/pages\/220\/revisions\/4510"}],"up":[{"embeddable":true,"href":"https:\/\/heleneholmsif.se\/langlopning\/wp-json\/wp\/v2\/pages\/202"}],"wp:attachment":[{"href":"https:\/\/heleneholmsif.se\/langlopning\/wp-json\/wp\/v2\/media?parent=220"}],"curies":[{"name":"wp","href":"https:\/\/api.w.org\/{rel}","templated":true}]}}