{"id":224,"date":"2016-11-26T05:17:28","date_gmt":"2016-11-26T04:17:28","guid":{"rendered":"http:\/\/heleneholmsif.se\/langlopning\/?page_id=224"},"modified":"2022-01-12T23:32:12","modified_gmt":"2022-01-12T22:32:12","slug":"klappjakten","status":"publish","type":"page","link":"https:\/\/heleneholmsif.se\/langlopning\/interna-tavlingar\/klappjakten\/","title":{"rendered":"Klappjakten"},"content":{"rendered":"<p>Klappjakten \u00e4r en intern och rolig t\u00e4vling som arrangeras i b\u00f6rjan av december och har p\u00e5g\u00e5tt i c:a 40 \u00e5r. T\u00e4vlingen brukar vara v\u00e4ldigt uppskattad bland medlemmar och avslutas med gemensam julfika i klubbhuset. En kul grej med loppet \u00e4r att starten g\u00e5r som en slags jaktstart, d\u00e4r l\u00f6pare startar i olika grupper beroende p\u00e5 f\u00f6rv\u00e4ntad l\u00f6ptid. Klappjakten har f\u00e5tt sitt namn p\u00e5 grund av att efter avslutad t\u00e4vling delas julklappar ut i klubbstugan, d\u00e4r den som f\u00e5r l\u00e4ngsta tid f\u00e5r v\u00e4lja pris f\u00f6rst och vidare fram\u00e5t till snabbaste l\u00f6pare som v\u00e4ljer sist.<\/p>\n<p><em><strong>2020 \u00e5rs upplaga \u00e4r tyv\u00e4rr inst\u00e4lld p.g.a coronapandemin!<\/strong><\/em><\/p>\n<figure id=\"attachment_1036\" class=\"aligncenter\" style=\"width: 390px;\">\n<div class=\"\"><img loading=\"lazy\" decoding=\"async\" class=\" wp-image-1036 \" src=\"http:\/\/heleneholmsif.se\/langlopning\/wp-content\/uploads\/sites\/5\/2017\/10\/Klappjakten-14-300x253.jpg\" alt=\"\" width=\"390\" height=\"329\" srcset=\"https:\/\/heleneholmsif.se\/langlopning\/wp-content\/uploads\/sites\/5\/2017\/10\/Klappjakten-14-300x253.jpg 300w, https:\/\/heleneholmsif.se\/langlopning\/wp-content\/uploads\/sites\/5\/2017\/10\/Klappjakten-14-71x60.jpg 71w, https:\/\/heleneholmsif.se\/langlopning\/wp-content\/uploads\/sites\/5\/2017\/10\/Klappjakten-14-364x307.jpg 364w, https:\/\/heleneholmsif.se\/langlopning\/wp-content\/uploads\/sites\/5\/2017\/10\/Klappjakten-14.jpg 365w\" sizes=\"auto, (max-width: 390px) 100vw, 390px\" \/><\/div>\n<\/figure>\n<hr \/>\n<h3>Resultat<\/h3>\n<p><a href=\"http:\/\/heleneholmsif.se\/langlopning\/wp-content\/uploads\/sites\/5\/2022\/01\/Klappjakten-2021-12-11-pdf-3.pdf\">2021<\/a><br \/>\n<a href=\"http:\/\/heleneholmsif.se\/langlopning\/wp-content\/uploads\/sites\/5\/2019\/12\/Klappjakt-2019-12-07.pdf\" target=\"_blank\" rel=\"noopener noreferrer\">2019<\/a><br \/>\n<a href=\"http:\/\/heleneholmsif.se\/langlopning\/wp-content\/uploads\/sites\/5\/2018\/12\/Klappjakt-2018-12-08.pdf\" target=\"_blank\" rel=\"noopener noreferrer\">2018<\/a><br \/>\n<a href=\"http:\/\/heleneholmsif.se\/langlopning\/wp-content\/uploads\/sites\/5\/2017\/12\/resultat_klappjakt-17.pdf\" target=\"_blank\" rel=\"noopener noreferrer\">2017<\/a><br \/>\n<a href=\"http:\/\/heleneholmsif.se\/langlopning\/wp-content\/uploads\/sites\/5\/2017\/06\/resultat_klappjakt-16.pdf\" target=\"_blank\" rel=\"noopener noreferrer\">2016<\/a><br \/>\n<a href=\"http:\/\/heleneholmsif.se\/langlopning\/wp-content\/uploads\/sites\/5\/2017\/06\/resultat_klappjakt-15.pdf\" target=\"_blank\" rel=\"noopener noreferrer\">2015<\/a><br \/>\n<a href=\"http:\/\/heleneholmsif.se\/langlopning\/wp-content\/uploads\/sites\/5\/2017\/06\/resultat_klappjakt-14.pdf\" target=\"_blank\" rel=\"noopener noreferrer\">2014<\/a><br \/>\n<a href=\"http:\/\/heleneholmsif.se\/langlopning\/wp-content\/uploads\/sites\/5\/2017\/06\/resultat_klappjakt-13.pdf\" target=\"_blank\" rel=\"noopener noreferrer\">2013<\/a><br \/>\n<a href=\"http:\/\/heleneholmsif.se\/langlopning\/wp-content\/uploads\/sites\/5\/2017\/06\/resultat_klappjakt-12.pdf\" target=\"_blank\" rel=\"noopener noreferrer\">2012<\/a><br \/>\n<a href=\"http:\/\/heleneholmsif.se\/langlopning\/wp-content\/uploads\/sites\/5\/2017\/06\/resultat_klappjakt-11.pdf\" target=\"_blank\" rel=\"noopener noreferrer\">2011<\/a><br \/>\n<a href=\"http:\/\/heleneholmsif.se\/langlopning\/wp-content\/uploads\/sites\/5\/2017\/06\/resultat_klappjakt-10.pdf\" target=\"_blank\" rel=\"noopener noreferrer\">2010<\/a><br \/>\n<a href=\"http:\/\/heleneholmsif.se\/langlopning\/wp-content\/uploads\/sites\/5\/2017\/06\/resultat_klappjakt-09.pdf\" target=\"_blank\" rel=\"noopener noreferrer\">2009<\/a><br \/>\n<a href=\"http:\/\/heleneholmsif.se\/langlopning\/wp-content\/uploads\/sites\/5\/2017\/06\/resultat_klappjakt-08.pdf\" target=\"_blank\" rel=\"noopener noreferrer\">2008<\/a><br \/>\n<a href=\"http:\/\/heleneholmsif.se\/langlopning\/wp-content\/uploads\/sites\/5\/2017\/06\/resultat_klappjakt-07.pdf\" target=\"_blank\" rel=\"noopener noreferrer\">2007<\/a><\/p>\n","protected":false},"excerpt":{"rendered":"<p>Klappjakten \u00e4r en intern och rolig t\u00e4vling som arrangeras i b\u00f6rjan av december och har p\u00e5g\u00e5tt i c:a 40 \u00e5r. T\u00e4vlingen brukar vara v\u00e4ldigt uppskattad bland medlemmar och avslutas med gemensam julfika i klubbhuset. En kul grej med loppet \u00e4r att starten g\u00e5r som en slags jaktstart, d\u00e4r l\u00f6pare startar i olika grupper beroende p\u00e5 [&hellip;] <a href=\"https:\/\/heleneholmsif.se\/langlopning\/interna-tavlingar\/klappjakten\/\" class=\"readmore\">L\u00e4s mer<i class=\"icon-forward\"><\/i><\/a><\/p>\n","protected":false},"author":7,"featured_media":0,"parent":202,"menu_order":5,"comment_status":"closed","ping_status":"closed","template":"","meta":{"_mi_skip_tracking":false,"footnotes":""},"class_list":["post-224","page","type-page","status-publish","hentry"],"_links":{"self":[{"href":"https:\/\/heleneholmsif.se\/langlopning\/wp-json\/wp\/v2\/pages\/224","targetHints":{"allow":["GET"]}}],"collection":[{"href":"https:\/\/heleneholmsif.se\/langlopning\/wp-json\/wp\/v2\/pages"}],"about":[{"href":"https:\/\/heleneholmsif.se\/langlopning\/wp-json\/wp\/v2\/types\/page"}],"author":[{"embeddable":true,"href":"https:\/\/heleneholmsif.se\/langlopning\/wp-json\/wp\/v2\/users\/7"}],"replies":[{"embeddable":true,"href":"https:\/\/heleneholmsif.se\/langlopning\/wp-json\/wp\/v2\/comments?post=224"}],"version-history":[{"count":17,"href":"https:\/\/heleneholmsif.se\/langlopning\/wp-json\/wp\/v2\/pages\/224\/revisions"}],"predecessor-version":[{"id":3958,"href":"https:\/\/heleneholmsif.se\/langlopning\/wp-json\/wp\/v2\/pages\/224\/revisions\/3958"}],"up":[{"embeddable":true,"href":"https:\/\/heleneholmsif.se\/langlopning\/wp-json\/wp\/v2\/pages\/202"}],"wp:attachment":[{"href":"https:\/\/heleneholmsif.se\/langlopning\/wp-json\/wp\/v2\/media?parent=224"}],"curies":[{"name":"wp","href":"https:\/\/api.w.org\/{rel}","templated":true}]}}