{"id":2960,"date":"2020-01-13T13:30:34","date_gmt":"2020-01-13T12:30:34","guid":{"rendered":"http:\/\/heleneholmsif.se\/langlopning\/?page_id=2960"},"modified":"2022-03-21T22:43:20","modified_gmt":"2022-03-21T21:43:20","slug":"2020-2","status":"publish","type":"page","link":"https:\/\/heleneholmsif.se\/langlopning\/resultatbors\/sektionsresultat\/2020-2\/","title":{"rendered":"Statistik av Heleneholmare"},"content":{"rendered":"\n<p>Du hittar numera hittar du alla resultat gjorda av Heleneholmare p\u00e5 v\u00e5r statistik sida hos svenska friidrottsf\u00f6rbundet: <a rel=\"noreferrer noopener\" href=\"https:\/\/www.friidrottsstatistik.se\/clubpages\/heleneholmsif\/\" target=\"_blank\">Klicka h\u00e4r<\/a>.<\/p>\n","protected":false},"excerpt":{"rendered":"<p>Du hittar numera hittar du alla resultat gjorda av Heleneholmare p\u00e5 v\u00e5r statistik sida hos svenska friidrottsf\u00f6rbundet: Klicka h\u00e4r.<\/p>\n","protected":false},"author":7,"featured_media":0,"parent":349,"menu_order":7,"comment_status":"closed","ping_status":"closed","template":"","meta":{"_mi_skip_tracking":false,"footnotes":""},"class_list":["post-2960","page","type-page","status-publish","hentry"],"_links":{"self":[{"href":"https:\/\/heleneholmsif.se\/langlopning\/wp-json\/wp\/v2\/pages\/2960","targetHints":{"allow":["GET"]}}],"collection":[{"href":"https:\/\/heleneholmsif.se\/langlopning\/wp-json\/wp\/v2\/pages"}],"about":[{"href":"https:\/\/heleneholmsif.se\/langlopning\/wp-json\/wp\/v2\/types\/page"}],"author":[{"embeddable":true,"href":"https:\/\/heleneholmsif.se\/langlopning\/wp-json\/wp\/v2\/users\/7"}],"replies":[{"embeddable":true,"href":"https:\/\/heleneholmsif.se\/langlopning\/wp-json\/wp\/v2\/comments?post=2960"}],"version-history":[{"count":4,"href":"https:\/\/heleneholmsif.se\/langlopning\/wp-json\/wp\/v2\/pages\/2960\/revisions"}],"predecessor-version":[{"id":4014,"href":"https:\/\/heleneholmsif.se\/langlopning\/wp-json\/wp\/v2\/pages\/2960\/revisions\/4014"}],"up":[{"embeddable":true,"href":"https:\/\/heleneholmsif.se\/langlopning\/wp-json\/wp\/v2\/pages\/349"}],"wp:attachment":[{"href":"https:\/\/heleneholmsif.se\/langlopning\/wp-json\/wp\/v2\/media?parent=2960"}],"curies":[{"name":"wp","href":"https:\/\/api.w.org\/{rel}","templated":true}]}}