{"id":303,"date":"2016-12-02T14:38:27","date_gmt":"2016-12-02T13:38:27","guid":{"rendered":"http:\/\/heleneholmsif.se\/langlopning\/?page_id=303"},"modified":"2020-08-13T11:36:58","modified_gmt":"2020-08-13T09:36:58","slug":"inbjudan","status":"publish","type":"page","link":"https:\/\/heleneholmsif.se\/langlopning\/tavling\/vdm-800\/inbjudan\/","title":{"rendered":"Inbjudan"},"content":{"rendered":"<p>Inbjudan till 2020-\u00e5rs t\u00e4vling finner du <a href=\"http:\/\/heleneholmsif.se\/langlopning\/wp-content\/uploads\/sites\/5\/2020\/06\/DM_VDM_800m_inbjudan_2020.pdf\">h\u00e4r<\/a>.<\/p>\n<p>T\u00e4vlingen \u00e4r denna g\u00e5ng en DM-t\u00e4vling f\u00f6r alla \u00e5ldersklasser.<\/p>\n<p><b>T\u00e4nk p\u00e5 att ange \u00e5rsb\u00e4sta\/personb\u00e4sta<\/b>. Tiderna \u00e4r grundade f\u00f6r all seedning i veteranklasserna. Ingen f\u00f6ranm\u00e4ld tid = L\u00e5ngsammaste heatet.<\/p>\n<p>Heatdelning, pm &amp; tidsprogram kommer p\u00e5 m\u00e5ndag 17\/8.<\/p>\n","protected":false},"excerpt":{"rendered":"<p>Inbjudan till 2020-\u00e5rs t\u00e4vling finner du h\u00e4r. T\u00e4vlingen \u00e4r denna g\u00e5ng en DM-t\u00e4vling f\u00f6r alla \u00e5ldersklasser. T\u00e4nk p\u00e5 att ange \u00e5rsb\u00e4sta\/personb\u00e4sta. Tiderna \u00e4r grundade f\u00f6r all seedning i veteranklasserna. Ingen f\u00f6ranm\u00e4ld tid = L\u00e5ngsammaste heatet. Heatdelning, pm &amp; tidsprogram kommer p\u00e5 m\u00e5ndag 17\/8.<\/p>\n","protected":false},"author":7,"featured_media":0,"parent":208,"menu_order":1,"comment_status":"closed","ping_status":"closed","template":"","meta":{"_mi_skip_tracking":false,"footnotes":""},"class_list":["post-303","page","type-page","status-publish","hentry"],"_links":{"self":[{"href":"https:\/\/heleneholmsif.se\/langlopning\/wp-json\/wp\/v2\/pages\/303","targetHints":{"allow":["GET"]}}],"collection":[{"href":"https:\/\/heleneholmsif.se\/langlopning\/wp-json\/wp\/v2\/pages"}],"about":[{"href":"https:\/\/heleneholmsif.se\/langlopning\/wp-json\/wp\/v2\/types\/page"}],"author":[{"embeddable":true,"href":"https:\/\/heleneholmsif.se\/langlopning\/wp-json\/wp\/v2\/users\/7"}],"replies":[{"embeddable":true,"href":"https:\/\/heleneholmsif.se\/langlopning\/wp-json\/wp\/v2\/comments?post=303"}],"version-history":[{"count":8,"href":"https:\/\/heleneholmsif.se\/langlopning\/wp-json\/wp\/v2\/pages\/303\/revisions"}],"predecessor-version":[{"id":3162,"href":"https:\/\/heleneholmsif.se\/langlopning\/wp-json\/wp\/v2\/pages\/303\/revisions\/3162"}],"up":[{"embeddable":true,"href":"https:\/\/heleneholmsif.se\/langlopning\/wp-json\/wp\/v2\/pages\/208"}],"wp:attachment":[{"href":"https:\/\/heleneholmsif.se\/langlopning\/wp-json\/wp\/v2\/media?parent=303"}],"curies":[{"name":"wp","href":"https:\/\/api.w.org\/{rel}","templated":true}]}}