{"id":307,"date":"2016-12-02T14:39:51","date_gmt":"2016-12-02T13:39:51","guid":{"rendered":"http:\/\/heleneholmsif.se\/langlopning\/?page_id=307"},"modified":"2020-08-19T12:33:30","modified_gmt":"2020-08-19T10:33:30","slug":"anmalda","status":"publish","type":"page","link":"https:\/\/heleneholmsif.se\/langlopning\/tavling\/vdm-800\/anmalda\/","title":{"rendered":"Startlista\/Heatindelning"},"content":{"rendered":"<p>Startlistan\/heaten \u00e4r helt sorterad och baserad p\u00e5 inskickade seedningstider (SB\/PB).<br \/>\n<strong>OBS! Titta noga i vilket heat du har hamnat f\u00f6r att veta n\u00e4r just du ska starta.<\/strong> Efter\u00e5t sorteras resultaten in f\u00f6r respektive klass.<\/p>\n<p><a href=\"http:\/\/heleneholmsif.se\/langlopning\/wp-content\/uploads\/sites\/5\/2020\/08\/600m-v2.pdf\">Heatindelning 600m<\/a><\/p>\n<p><a href=\"http:\/\/heleneholmsif.se\/langlopning\/wp-content\/uploads\/sites\/5\/2020\/08\/800m-v2.pdf\">Heatindelning 800m<\/a><\/p>\n","protected":false},"excerpt":{"rendered":"<p>Startlistan\/heaten \u00e4r helt sorterad och baserad p\u00e5 inskickade seedningstider (SB\/PB). OBS! Titta noga i vilket heat du har hamnat f\u00f6r att veta n\u00e4r just du ska starta. Efter\u00e5t sorteras resultaten in f\u00f6r respektive klass. Heatindelning 600m Heatindelning 800m<\/p>\n","protected":false},"author":7,"featured_media":0,"parent":208,"menu_order":3,"comment_status":"closed","ping_status":"closed","template":"","meta":{"_mi_skip_tracking":false,"footnotes":""},"class_list":["post-307","page","type-page","status-publish","hentry"],"_links":{"self":[{"href":"https:\/\/heleneholmsif.se\/langlopning\/wp-json\/wp\/v2\/pages\/307","targetHints":{"allow":["GET"]}}],"collection":[{"href":"https:\/\/heleneholmsif.se\/langlopning\/wp-json\/wp\/v2\/pages"}],"about":[{"href":"https:\/\/heleneholmsif.se\/langlopning\/wp-json\/wp\/v2\/types\/page"}],"author":[{"embeddable":true,"href":"https:\/\/heleneholmsif.se\/langlopning\/wp-json\/wp\/v2\/users\/7"}],"replies":[{"embeddable":true,"href":"https:\/\/heleneholmsif.se\/langlopning\/wp-json\/wp\/v2\/comments?post=307"}],"version-history":[{"count":9,"href":"https:\/\/heleneholmsif.se\/langlopning\/wp-json\/wp\/v2\/pages\/307\/revisions"}],"predecessor-version":[{"id":3185,"href":"https:\/\/heleneholmsif.se\/langlopning\/wp-json\/wp\/v2\/pages\/307\/revisions\/3185"}],"up":[{"embeddable":true,"href":"https:\/\/heleneholmsif.se\/langlopning\/wp-json\/wp\/v2\/pages\/208"}],"wp:attachment":[{"href":"https:\/\/heleneholmsif.se\/langlopning\/wp-json\/wp\/v2\/media?parent=307"}],"curies":[{"name":"wp","href":"https:\/\/api.w.org\/{rel}","templated":true}]}}