{"id":313,"date":"2016-12-02T14:41:28","date_gmt":"2016-12-02T13:41:28","guid":{"rendered":"http:\/\/heleneholmsif.se\/langlopning\/?page_id=313"},"modified":"2021-10-31T21:16:05","modified_gmt":"2021-10-31T20:16:05","slug":"resultat","status":"publish","type":"page","link":"https:\/\/heleneholmsif.se\/langlopning\/tavling\/vdm-800\/resultat\/","title":{"rendered":"Resultat"},"content":{"rendered":"<p>Resultat fr\u00e5n tidigare \u00e5rs upplagor av VDM 800m hittar du nedan.<\/p>\n<p>2020 &#8211; <a href=\"http:\/\/heleneholmsif.se\/langlopning\/wp-content\/uploads\/sites\/5\/2020\/08\/200820-Malm\u00f6-Heleneholm-DM-600m_800m.pdf\">Resultat heatindelning<\/a> &#8211;<a href=\"http:\/\/heleneholmsif.se\/wp-content\/uploads\/2020\/08\/600-och-800-m-UDMJDMDMVDM-20-aug-2020-resultat-21-augusti-med-DM-v2.pdf\"> Sorterad sammanst\u00e4llning<\/a><br \/>\n<a href=\"http:\/\/heleneholmsif.se\/langlopning\/wp-content\/uploads\/sites\/5\/2019\/08\/Sammanst\u00e4lld-resultatlista-v2.pdf\">2019<\/a><br \/>\n<a href=\"http:\/\/heleneholmsif.se\/langlopning\/wp-content\/uploads\/sites\/5\/2016\/12\/Resultat-VDM-800m-171.pdf\" target=\"_blank\" rel=\"noopener noreferrer\">2017<\/a><br \/>\n<a href=\"http:\/\/heleneholmsif.se\/langlopning\/wp-content\/uploads\/sites\/5\/2016\/12\/Resultat-VDM-800m-16.pdf\" target=\"_blank\" rel=\"noopener noreferrer\">2016<\/a><br \/>\n<a href=\"http:\/\/heleneholmsif.se\/langlopning\/wp-content\/uploads\/sites\/5\/2016\/12\/Resultat-VDM-800m-15.pdf\" target=\"_blank\" rel=\"noopener noreferrer\">2015<\/a><br \/>\n<a href=\"http:\/\/heleneholmsif.se\/langlopning\/wp-content\/uploads\/sites\/5\/2016\/12\/Resultat-VDM-800m-14.pdf\" target=\"_blank\" rel=\"noopener noreferrer\">2014<\/a><br \/>\n<a href=\"http:\/\/heleneholmsif.se\/langlopning\/wp-content\/uploads\/sites\/5\/2016\/12\/Resultat-VDM-800m-13.pdf\" target=\"_blank\" rel=\"noopener noreferrer\">2013<\/a><br \/>\n<a href=\"http:\/\/heleneholmsif.se\/langlopning\/wp-content\/uploads\/sites\/5\/2016\/12\/Resultat-VDM-800m-12.pdf\" target=\"_blank\" rel=\"noopener noreferrer\">2012<\/a><br \/>\n<a href=\"http:\/\/heleneholmsif.se\/langlopning\/wp-content\/uploads\/sites\/5\/2016\/12\/Resultat-VDM-800m-11.pdf\" target=\"_blank\" rel=\"noopener noreferrer\">2011<\/a><br \/>\n<a href=\"http:\/\/heleneholmsif.se\/langlopning\/wp-content\/uploads\/sites\/5\/2016\/12\/Resultat-VDM-800m-10.pdf\" target=\"_blank\" rel=\"noopener noreferrer\">2010<\/a><br \/>\n<a href=\"http:\/\/heleneholmsif.se\/langlopning\/wp-content\/uploads\/sites\/5\/2016\/12\/Resultat-VDM-800m-09.pdf\" target=\"_blank\" rel=\"noopener noreferrer\">2009<\/a><br \/>\n<a href=\"http:\/\/heleneholmsif.se\/langlopning\/wp-content\/uploads\/sites\/5\/2016\/12\/Resultat-VDM-800m-08.pdf\" target=\"_blank\" rel=\"noopener noreferrer\">2008<\/a><br \/>\n<a href=\"http:\/\/heleneholmsif.se\/langlopning\/wp-content\/uploads\/sites\/5\/2016\/12\/Resultat-VDM-800m-07.pdf\" target=\"_blank\" rel=\"noopener noreferrer\">2007<\/a><br \/>\n<a href=\"http:\/\/heleneholmsif.se\/langlopning\/wp-content\/uploads\/sites\/5\/2016\/12\/Resultat-VDM-800m-06.pdf\" target=\"_blank\" rel=\"noopener noreferrer\">2006<\/a><br \/>\n<a href=\"http:\/\/heleneholmsif.se\/langlopning\/wp-content\/uploads\/sites\/5\/2016\/12\/Resultat-VDM-800m-05.pdf\" target=\"_blank\" rel=\"noopener noreferrer\">2005<\/a><\/p>\n","protected":false},"excerpt":{"rendered":"<p>Resultat fr\u00e5n tidigare \u00e5rs upplagor av VDM 800m hittar du nedan. 2020 &#8211; Resultat heatindelning &#8211; Sorterad sammanst\u00e4llning 2019 2017 2016 2015 2014 2013 2012 2011 2010 2009 2008 2007 2006 2005<\/p>\n","protected":false},"author":7,"featured_media":0,"parent":208,"menu_order":6,"comment_status":"closed","ping_status":"closed","template":"","meta":{"_mi_skip_tracking":false,"footnotes":""},"class_list":["post-313","page","type-page","status-publish","hentry"],"_links":{"self":[{"href":"https:\/\/heleneholmsif.se\/langlopning\/wp-json\/wp\/v2\/pages\/313","targetHints":{"allow":["GET"]}}],"collection":[{"href":"https:\/\/heleneholmsif.se\/langlopning\/wp-json\/wp\/v2\/pages"}],"about":[{"href":"https:\/\/heleneholmsif.se\/langlopning\/wp-json\/wp\/v2\/types\/page"}],"author":[{"embeddable":true,"href":"https:\/\/heleneholmsif.se\/langlopning\/wp-json\/wp\/v2\/users\/7"}],"replies":[{"embeddable":true,"href":"https:\/\/heleneholmsif.se\/langlopning\/wp-json\/wp\/v2\/comments?post=313"}],"version-history":[{"count":12,"href":"https:\/\/heleneholmsif.se\/langlopning\/wp-json\/wp\/v2\/pages\/313\/revisions"}],"predecessor-version":[{"id":3911,"href":"https:\/\/heleneholmsif.se\/langlopning\/wp-json\/wp\/v2\/pages\/313\/revisions\/3911"}],"up":[{"embeddable":true,"href":"https:\/\/heleneholmsif.se\/langlopning\/wp-json\/wp\/v2\/pages\/208"}],"wp:attachment":[{"href":"https:\/\/heleneholmsif.se\/langlopning\/wp-json\/wp\/v2\/media?parent=313"}],"curies":[{"name":"wp","href":"https:\/\/api.w.org\/{rel}","templated":true}]}}